{"id":6954,"date":"2025-06-28T18:10:19","date_gmt":"2025-06-28T16:10:19","guid":{"rendered":"https:\/\/uj.adatbank.ro\/lexikon\/termek\/dombi-vasile\/"},"modified":"2025-06-28T18:10:19","modified_gmt":"2025-06-28T16:10:19","slug":"dombi-vasile","status":"publish","type":"product","link":"https:\/\/uj.adatbank.ro\/lexikon\/termek\/dombi-vasile\/","title":{"rendered":"DOMBI Vasile"},"content":{"rendered":"<p>? \u2020 ? : g\u00f6r. kat. pap. \u2013 Nagys\u00e1rm\u00e1sban szolg\u00e1lt (1836\u201337). <br \/><strong>Irod.:<\/strong> S\u0103rma\u015fu 670<\/br><\/p>\n","protected":false},"excerpt":{"rendered":"<p>? \u2020 ? : g\u00f6r. kat. pap. \u2013 Nagys\u00e1rm\u00e1sban szolg\u00e1lt (1836\u201337). Irod.: S\u0103rma\u015fu 670<\/p>\n","protected":false},"featured_media":0,"comment_status":"open","ping_status":"closed","template":"","meta":[],"product_brand":[],"product_cat":[137],"product_tag":[],"class_list":{"0":"post-6954","1":"product","2":"type-product","3":"status-publish","5":"product_cat-maros-megyei-eletrajzi-lexikon","7":"first","8":"instock","9":"shipping-taxable","10":"product-type-simple"},"_links":{"self":[{"href":"https:\/\/uj.adatbank.ro\/lexikon\/wp-json\/wp\/v2\/product\/6954","targetHints":{"allow":["GET"]}}],"collection":[{"href":"https:\/\/uj.adatbank.ro\/lexikon\/wp-json\/wp\/v2\/product"}],"about":[{"href":"https:\/\/uj.adatbank.ro\/lexikon\/wp-json\/wp\/v2\/types\/product"}],"replies":[{"embeddable":true,"href":"https:\/\/uj.adatbank.ro\/lexikon\/wp-json\/wp\/v2\/comments?post=6954"}],"wp:attachment":[{"href":"https:\/\/uj.adatbank.ro\/lexikon\/wp-json\/wp\/v2\/media?parent=6954"}],"wp:term":[{"taxonomy":"product_brand","embeddable":true,"href":"https:\/\/uj.adatbank.ro\/lexikon\/wp-json\/wp\/v2\/product_brand?post=6954"},{"taxonomy":"product_cat","embeddable":true,"href":"https:\/\/uj.adatbank.ro\/lexikon\/wp-json\/wp\/v2\/product_cat?post=6954"},{"taxonomy":"product_tag","embeddable":true,"href":"https:\/\/uj.adatbank.ro\/lexikon\/wp-json\/wp\/v2\/product_tag?post=6954"}],"curies":[{"name":"wp","href":"https:\/\/api.w.org\/{rel}","templated":true}]}}