{"id":6956,"date":"2025-06-28T18:10:22","date_gmt":"2025-06-28T16:10:22","guid":{"rendered":"https:\/\/uj.adatbank.ro\/lexikon\/termek\/domby-imre-dombi-imre-dombi-emeric\/"},"modified":"2025-06-28T18:10:22","modified_gmt":"2025-06-28T16:10:22","slug":"domby-imre-dombi-imre-dombi-emeric","status":"publish","type":"product","link":"https:\/\/uj.adatbank.ro\/lexikon\/termek\/domby-imre-dombi-imre-dombi-emeric\/","title":{"rendered":"DOMBY Imre, Dombi Imre, Dombi Emeric"},"content":{"rendered":"<p>? \u2020\u00a0? : sz\u00edn\u00e9sz, balettmester. \u2013 A Mv.-i Sz\u00e9kely Sz\u00ednh\u00e1z tagja (1946\u20131947). \u2013 <strong>F. sz.:<\/strong> Bertalan (Moln\u00e1r Ferenc: A doktor \u00far); Brissard, fest\u0151 (Leh\u00e1r Ferenc: Luxemburg gr\u00f3fja); Pali (Farkas Imre: Igl\u00f3i di\u00e1kok; P\u00e9ter (Eisemann Mih\u00e1ly: Egy cs\u00f3k \u00e9s m\u00e1s semmi); Sapiro (Eisemann Mih\u00e1ly: Fekete P\u00e9ter); K\u00f3nya, k\u00e1ntortan\u00edt\u00f3 (T\u00f3th Ede: A falu rossza); Gida gr\u00f3f (Szirmai Albert: M\u00e1gn\u00e1s Miska); Johny (Kov\u00e1ts Dezs\u0151: Egyiptomi legenda); Tiham\u00e9r (F\u00e9nyes Szabolcs: V\u00e9n di\u00f3fa); B\u00e9la (Vaszary G\u00e1bor: Mondj igazat); S\u00e1t\u00e1nfi\u00f3ka (Domby Imre: A s\u00e1t\u00e1nfi\u00f3ka); rendez\u0151: K\u00e1lm\u00e1n Imre: Cs\u00e1rd\u00e1skir\u00e1lyn\u0151; koreogr\u00e1fus, t\u00e1ncmester: Leh\u00e1r F.: A mosoly orsz\u00e1ga; Paul Laurent: Szerelmes di\u00e1kok; Farkas Imre: Igl\u00f3i di\u00e1kok; Kacs\u00f3h Pongr\u00e1c: J\u00e1nos vit\u00e9z; Johann Strauss: A cig\u00e1nyb\u00e1r\u00f3; Szirmai Albert: M\u00e9zeskal\u00e1cs; Jakobi Viktor: Sybill; Eisemann Mih\u00e1ly: Egy cs\u00f3k \u00e9s m\u00e1s semmi; Eisemann Mih\u00e1ly: Fekete P\u00e9ter; K\u00e1lm\u00e1n Imre: Bajad\u00e9r; Kov\u00e1ts Dezs\u0151: Egyiptomi legenda; Domby Imre: A s\u00e1t\u00e1nfi\u00f3ka : balettj\u00e1t\u00e9k. \u2013 <strong>F. m.:<\/strong> <strong>t\u00e1rssz.:<\/strong> Pion\u00edrk\u00f6sz\u00f6nt\u0151. (Versek, dalok, t\u00e1ncok, sz\u00edndarabok. Szerk., bev.-vel \u00e9s \u00fatbaigaz\u00edt\u00e1sokkal ell\u00e1tta: Farkas J\u00e1nos. Koreogr\u00e1fia; Buk., 1964); Dansuri populare din regiunea Cluj. (Culegeri Ioan R. Nicola. Aranjamente muzicale: I. R. Nicola, Tiberiu F\u00e1tyol;. Cluj. 1967); Dansuri populare din jude\u0163ul Cluj. Vol. 2 (Culegeri \u015fi aranjemente muzicale Ioan R. Nicolae \u015fi Andrei Ionescu. Cluj, 1971); Kalotaszegi n\u00e9pi t\u00e1ncok. A zen\u00e9t rendszerezte \u00e9s feldolgozta M\u00e1kos Albert. A jelmezeket tervezte Cristea Alexandru. Kv., 1972), Dansuri populare din jude\u0163ul S\u0103laj. Culegere sistematizat\u0103 de dansuri. Volumul 1. (Culegeri, aranjamente muzicale: Rodica Ode\u015fteanu. Zal\u0103u, 1976); Dansuri feciore\u015fti din jude\u0163ul Cluj. (Culegeri, aranjamente muzicale: Rodica Crainic; Cluj-N., 1977.); Dansuri populare din jude\u0163ul S\u0103laj. Vol. 2. Culegere \u015fi aranamente muzicale de Roza Horv\u00e1th \u015fi Clara Kov\u00e1cs. Zal\u0103u, 1979). <br \/><strong>Irod.:<\/strong> Horv\u00e1th Bea; Kov\u00e1cs Levente; R\u00e9thy-\u00dajv\u00e1ri-V\u00e1czy<\/br><\/p>\n","protected":false},"excerpt":{"rendered":"<p>? \u2020\u00a0? : sz\u00edn\u00e9sz, balettmester. \u2013 A Mv.-i Sz\u00e9kely Sz\u00ednh\u00e1z tagja (1946\u20131947). \u2013 F. sz.: Bertalan (Moln\u00e1r Ferenc: A doktor \u00far); Brissard, fest\u0151 (Leh\u00e1r Ferenc: Luxemburg gr\u00f3fja); Pali (Farkas Imre: Igl\u00f3i di\u00e1kok; P\u00e9ter (Eisemann Mih\u00e1ly: Egy cs\u00f3k \u00e9s m\u00e1s semmi); Sapiro (Eisemann Mih\u00e1ly: Fekete P\u00e9ter); K\u00f3nya, k\u00e1ntortan\u00edt\u00f3 (T\u00f3th Ede: A falu rossza); Gida gr\u00f3f (Szirmai [&hellip;]<\/p>\n","protected":false},"featured_media":0,"comment_status":"open","ping_status":"closed","template":"","meta":[],"product_brand":[],"product_cat":[137],"product_tag":[],"class_list":{"0":"post-6956","1":"product","2":"type-product","3":"status-publish","5":"product_cat-maros-megyei-eletrajzi-lexikon","7":"first","8":"instock","9":"shipping-taxable","10":"product-type-simple"},"_links":{"self":[{"href":"https:\/\/uj.adatbank.ro\/lexikon\/wp-json\/wp\/v2\/product\/6956","targetHints":{"allow":["GET"]}}],"collection":[{"href":"https:\/\/uj.adatbank.ro\/lexikon\/wp-json\/wp\/v2\/product"}],"about":[{"href":"https:\/\/uj.adatbank.ro\/lexikon\/wp-json\/wp\/v2\/types\/product"}],"replies":[{"embeddable":true,"href":"https:\/\/uj.adatbank.ro\/lexikon\/wp-json\/wp\/v2\/comments?post=6956"}],"wp:attachment":[{"href":"https:\/\/uj.adatbank.ro\/lexikon\/wp-json\/wp\/v2\/media?parent=6956"}],"wp:term":[{"taxonomy":"product_brand","embeddable":true,"href":"https:\/\/uj.adatbank.ro\/lexikon\/wp-json\/wp\/v2\/product_brand?post=6956"},{"taxonomy":"product_cat","embeddable":true,"href":"https:\/\/uj.adatbank.ro\/lexikon\/wp-json\/wp\/v2\/product_cat?post=6956"},{"taxonomy":"product_tag","embeddable":true,"href":"https:\/\/uj.adatbank.ro\/lexikon\/wp-json\/wp\/v2\/product_tag?post=6956"}],"curies":[{"name":"wp","href":"https:\/\/api.w.org\/{rel}","templated":true}]}}