{"id":6958,"date":"2025-06-28T18:10:25","date_gmt":"2025-06-28T16:10:25","guid":{"rendered":"https:\/\/uj.adatbank.ro\/lexikon\/termek\/dominkovich-maria\/"},"modified":"2025-06-28T18:10:25","modified_gmt":"2025-06-28T16:10:25","slug":"dominkovich-maria","status":"publish","type":"product","link":"https:\/\/uj.adatbank.ro\/lexikon\/termek\/dominkovich-maria\/","title":{"rendered":"DOMINKOVICH M\u00e1ria"},"content":{"rendered":"<p>Miskolc, 1840., \u2020 Sz\u00e1szr\u00e9gen, 1908. nov. 10.: \u00e1llamrend\u0151rs\u00e9gi telefonkezel\u0151 \u2013 F\u00f6ldbirtokos csal\u00e1d elszeg\u00e9nyedett gyermeke, tan\u00edt\u00e1sb\u00f3l \u00e9lt Miskolcon (\u20131877), Egerben, telefonkezel\u0151 Bp-en. Elbesz\u00e9l\u00e9seket \u00edrt, reg\u00e9nyeket ford\u00edtott \u00e9sk\u00f6z\u00f6lte a Csal\u00e1di K\u00f6r, H\u00f6lgyfut\u00e1r, F\u0151v\u00e1rosi Lapok, Nefelejts, Magyarorsz\u00e1g, Nagyvil\u00e1g, Gombost\u0171 Napt\u00e1r. Szerk. -tette a M\u00e1travid\u00e9k c sz\u00e9pirodalmi, t\u00e1rsadalmi k\u00f6zl\u00f6nyt Egerben (1879\u201380). \u2013 <strong>F. m.:<\/strong> Besz\u00e9lyek (Miskolc, 1867); <strong>ford.:<\/strong> Eliot: Holt F\u00e9lix a radik\u00e1lis. (Bp., 1874); Werner: Vinetta. (Bp., 1878); Schr\u00f6der: Akik s\u00edrkertben ismerkednek. (Kassa, 1885); Servantes: Bologna gy\u00f6ngye. (Bp., 1888). <br \/><strong>Irod.:<\/strong> Guly\u00e1s; Szinnyei<\/br><\/p>\n","protected":false},"excerpt":{"rendered":"<p>Miskolc, 1840., \u2020 Sz\u00e1szr\u00e9gen, 1908. nov. 10.: \u00e1llamrend\u0151rs\u00e9gi telefonkezel\u0151 \u2013 F\u00f6ldbirtokos csal\u00e1d elszeg\u00e9nyedett gyermeke, tan\u00edt\u00e1sb\u00f3l \u00e9lt Miskolcon (\u20131877), Egerben, telefonkezel\u0151 Bp-en. Elbesz\u00e9l\u00e9seket \u00edrt, reg\u00e9nyeket ford\u00edtott \u00e9sk\u00f6z\u00f6lte a Csal\u00e1di K\u00f6r, H\u00f6lgyfut\u00e1r, F\u0151v\u00e1rosi Lapok, Nefelejts, Magyarorsz\u00e1g, Nagyvil\u00e1g, Gombost\u0171 Napt\u00e1r. Szerk. -tette a M\u00e1travid\u00e9k c sz\u00e9pirodalmi, t\u00e1rsadalmi k\u00f6zl\u00f6nyt Egerben (1879\u201380). \u2013 F. m.: Besz\u00e9lyek (Miskolc, 1867); ford.: Eliot: [&hellip;]<\/p>\n","protected":false},"featured_media":0,"comment_status":"open","ping_status":"closed","template":"","meta":[],"product_brand":[],"product_cat":[137],"product_tag":[],"class_list":{"0":"post-6958","1":"product","2":"type-product","3":"status-publish","5":"product_cat-maros-megyei-eletrajzi-lexikon","7":"first","8":"instock","9":"shipping-taxable","10":"product-type-simple"},"_links":{"self":[{"href":"https:\/\/uj.adatbank.ro\/lexikon\/wp-json\/wp\/v2\/product\/6958","targetHints":{"allow":["GET"]}}],"collection":[{"href":"https:\/\/uj.adatbank.ro\/lexikon\/wp-json\/wp\/v2\/product"}],"about":[{"href":"https:\/\/uj.adatbank.ro\/lexikon\/wp-json\/wp\/v2\/types\/product"}],"replies":[{"embeddable":true,"href":"https:\/\/uj.adatbank.ro\/lexikon\/wp-json\/wp\/v2\/comments?post=6958"}],"wp:attachment":[{"href":"https:\/\/uj.adatbank.ro\/lexikon\/wp-json\/wp\/v2\/media?parent=6958"}],"wp:term":[{"taxonomy":"product_brand","embeddable":true,"href":"https:\/\/uj.adatbank.ro\/lexikon\/wp-json\/wp\/v2\/product_brand?post=6958"},{"taxonomy":"product_cat","embeddable":true,"href":"https:\/\/uj.adatbank.ro\/lexikon\/wp-json\/wp\/v2\/product_cat?post=6958"},{"taxonomy":"product_tag","embeddable":true,"href":"https:\/\/uj.adatbank.ro\/lexikon\/wp-json\/wp\/v2\/product_tag?post=6958"}],"curies":[{"name":"wp","href":"https:\/\/api.w.org\/{rel}","templated":true}]}}