{"id":6959,"date":"2025-06-28T18:10:27","date_gmt":"2025-06-28T16:10:27","guid":{"rendered":"https:\/\/uj.adatbank.ro\/lexikon\/termek\/domjanschitz-laszlo\/"},"modified":"2025-06-28T18:10:27","modified_gmt":"2025-06-28T16:10:27","slug":"domjanschitz-laszlo","status":"publish","type":"product","link":"https:\/\/uj.adatbank.ro\/lexikon\/termek\/domjanschitz-laszlo\/","title":{"rendered":"DOMJANSCHITZ L\u00e1szl\u00f3"},"content":{"rendered":"<p>1973., \u2020\u00a02002 : orvos. \u2013 A MOGYE orvos kar\u00e1n v\u00e9gzett (1998). A egyetem \u00c9lettan Katedr\u00e1j\u00e1n dolgozott k\u00e9t \u00e9vig. Bp.-en szakvizsgzott. Tragikus k\u00f6r\u00fclm\u00e9nyek k\u00f6z\u00f6tt halt meg. <br \/><strong>Irod.:<\/strong> Kiss\u2013P\u00e9terffy\u2013P\u00e9terffy; Kiss Cs. M 4.<\/br><\/p>\n","protected":false},"excerpt":{"rendered":"<p>1973., \u2020\u00a02002 : orvos. \u2013 A MOGYE orvos kar\u00e1n v\u00e9gzett (1998). A egyetem \u00c9lettan Katedr\u00e1j\u00e1n dolgozott k\u00e9t \u00e9vig. Bp.-en szakvizsgzott. Tragikus k\u00f6r\u00fclm\u00e9nyek k\u00f6z\u00f6tt halt meg. Irod.: Kiss\u2013P\u00e9terffy\u2013P\u00e9terffy; Kiss Cs. M 4.<\/p>\n","protected":false},"featured_media":0,"comment_status":"open","ping_status":"closed","template":"","meta":[],"product_brand":[],"product_cat":[137],"product_tag":[],"class_list":{"0":"post-6959","1":"product","2":"type-product","3":"status-publish","5":"product_cat-maros-megyei-eletrajzi-lexikon","7":"first","8":"instock","9":"shipping-taxable","10":"product-type-simple"},"_links":{"self":[{"href":"https:\/\/uj.adatbank.ro\/lexikon\/wp-json\/wp\/v2\/product\/6959","targetHints":{"allow":["GET"]}}],"collection":[{"href":"https:\/\/uj.adatbank.ro\/lexikon\/wp-json\/wp\/v2\/product"}],"about":[{"href":"https:\/\/uj.adatbank.ro\/lexikon\/wp-json\/wp\/v2\/types\/product"}],"replies":[{"embeddable":true,"href":"https:\/\/uj.adatbank.ro\/lexikon\/wp-json\/wp\/v2\/comments?post=6959"}],"wp:attachment":[{"href":"https:\/\/uj.adatbank.ro\/lexikon\/wp-json\/wp\/v2\/media?parent=6959"}],"wp:term":[{"taxonomy":"product_brand","embeddable":true,"href":"https:\/\/uj.adatbank.ro\/lexikon\/wp-json\/wp\/v2\/product_brand?post=6959"},{"taxonomy":"product_cat","embeddable":true,"href":"https:\/\/uj.adatbank.ro\/lexikon\/wp-json\/wp\/v2\/product_cat?post=6959"},{"taxonomy":"product_tag","embeddable":true,"href":"https:\/\/uj.adatbank.ro\/lexikon\/wp-json\/wp\/v2\/product_tag?post=6959"}],"curies":[{"name":"wp","href":"https:\/\/api.w.org\/{rel}","templated":true}]}}