{"id":6960,"date":"2025-06-28T18:10:30","date_gmt":"2025-06-28T16:10:30","guid":{"rendered":"https:\/\/uj.adatbank.ro\/lexikon\/termek\/domo-arpad\/"},"modified":"2025-06-28T18:10:30","modified_gmt":"2025-06-28T16:10:30","slug":"domo-arpad","status":"publish","type":"product","link":"https:\/\/uj.adatbank.ro\/lexikon\/termek\/domo-arpad\/","title":{"rendered":"DOM\u00d3 \u00c1rp\u00e1d"},"content":{"rendered":"<p>Ny\u00e1r\u00e1dg\u00e1lfalva, 1929. \u00e1pr. 17., \u2020\u00a0Cs\u00edkfalva, 1979. dec. 1.: tan\u00edt\u00f3. \u2013 Sz\u00fcl\u0151faluj\u00e1ban, majd mv.-i II. R\u00e1k\u00f3czi Ferenc Kat. Fi\u00faneveld\u00e9ben tanult, folytatta a mv.-i tan\u00edt\u00f3k\u00e9pz\u0151ben \u00e9s v\u00e9g\u00fcl Sz\u00e9kelykereszt\u00faron fejezte be. Tan\u00edtott Ny\u00e1r\u00e1dg\u00e1lfalv\u00e1n, Cs\u00edkfalv\u00e1n (1953\u2013) testnevel\u0151 tan\u00e1r, mez\u0151gazdas\u00e1gtant \u00e9s m\u0171helytanulm\u00e1nyokat oktatott. A falu sport\u00e9let\u00e9nek fellend\u00edt\u00e9s\u00e9t \u00e9rte el, \u00fajj\u00e1\u00e9p\u00edtette a cs\u00edkfalvi sportp\u00e1ly\u00e1t. A kult\u00farotthon igazgat\u00f3ja volt, sz\u00ednj\u00e1tsz\u00f3 csoportj\u00e1val kapcsolatot tartott a mv.-i sz\u00ednh\u00e1zzal, n\u00e9piegy\u00fcttessel. <br \/><strong>Irod.:<\/strong> Cs\u00edkfalva<\/br><\/p>\n","protected":false},"excerpt":{"rendered":"<p>Ny\u00e1r\u00e1dg\u00e1lfalva, 1929. \u00e1pr. 17., \u2020\u00a0Cs\u00edkfalva, 1979. dec. 1.: tan\u00edt\u00f3. \u2013 Sz\u00fcl\u0151faluj\u00e1ban, majd mv.-i II. R\u00e1k\u00f3czi Ferenc Kat. Fi\u00faneveld\u00e9ben tanult, folytatta a mv.-i tan\u00edt\u00f3k\u00e9pz\u0151ben \u00e9s v\u00e9g\u00fcl Sz\u00e9kelykereszt\u00faron fejezte be. Tan\u00edtott Ny\u00e1r\u00e1dg\u00e1lfalv\u00e1n, Cs\u00edkfalv\u00e1n (1953\u2013) testnevel\u0151 tan\u00e1r, mez\u0151gazdas\u00e1gtant \u00e9s m\u0171helytanulm\u00e1nyokat oktatott. A falu sport\u00e9let\u00e9nek fellend\u00edt\u00e9s\u00e9t \u00e9rte el, \u00fajj\u00e1\u00e9p\u00edtette a cs\u00edkfalvi sportp\u00e1ly\u00e1t. A kult\u00farotthon igazgat\u00f3ja volt, sz\u00ednj\u00e1tsz\u00f3 csoportj\u00e1val kapcsolatot [&hellip;]<\/p>\n","protected":false},"featured_media":0,"comment_status":"open","ping_status":"closed","template":"","meta":[],"product_brand":[],"product_cat":[137],"product_tag":[],"class_list":{"0":"post-6960","1":"product","2":"type-product","3":"status-publish","5":"product_cat-maros-megyei-eletrajzi-lexikon","7":"first","8":"instock","9":"shipping-taxable","10":"product-type-simple"},"_links":{"self":[{"href":"https:\/\/uj.adatbank.ro\/lexikon\/wp-json\/wp\/v2\/product\/6960","targetHints":{"allow":["GET"]}}],"collection":[{"href":"https:\/\/uj.adatbank.ro\/lexikon\/wp-json\/wp\/v2\/product"}],"about":[{"href":"https:\/\/uj.adatbank.ro\/lexikon\/wp-json\/wp\/v2\/types\/product"}],"replies":[{"embeddable":true,"href":"https:\/\/uj.adatbank.ro\/lexikon\/wp-json\/wp\/v2\/comments?post=6960"}],"wp:attachment":[{"href":"https:\/\/uj.adatbank.ro\/lexikon\/wp-json\/wp\/v2\/media?parent=6960"}],"wp:term":[{"taxonomy":"product_brand","embeddable":true,"href":"https:\/\/uj.adatbank.ro\/lexikon\/wp-json\/wp\/v2\/product_brand?post=6960"},{"taxonomy":"product_cat","embeddable":true,"href":"https:\/\/uj.adatbank.ro\/lexikon\/wp-json\/wp\/v2\/product_cat?post=6960"},{"taxonomy":"product_tag","embeddable":true,"href":"https:\/\/uj.adatbank.ro\/lexikon\/wp-json\/wp\/v2\/product_tag?post=6960"}],"curies":[{"name":"wp","href":"https:\/\/api.w.org\/{rel}","templated":true}]}}