{"id":6963,"date":"2025-06-28T18:10:34","date_gmt":"2025-06-28T16:10:34","guid":{"rendered":"https:\/\/uj.adatbank.ro\/lexikon\/termek\/domokos-andras\/"},"modified":"2025-06-28T18:10:34","modified_gmt":"2025-06-28T16:10:34","slug":"domokos-andras","status":"publish","type":"product","link":"https:\/\/uj.adatbank.ro\/lexikon\/termek\/domokos-andras\/","title":{"rendered":"DOMOKOS Andr\u00e1s"},"content":{"rendered":"<p>1713., \u2020\u00a0? : ref. lelk\u00e9sz. \u2013 Mv.-en subscib\u00e1lt (1731), rektor volt, majd Kutyfalv\u00e1n (1738\u201346), Magyars\u00fcly\u00e9ben (1748\u201351), Marosbog\u00e1ton (1752\u201367) \u00e9s Sz\u0151kefalv\u00e1n szolg\u00e1lt mint lelk\u00e9sz (1768\u201370). <br \/><strong>Irod.:<\/strong> K\u00fck\u00fcll\u0151i Ref. Egyh\u00e1zm. 3., 4.; Nagy L\u00e1szl\u00f3<\/br><\/p>\n","protected":false},"excerpt":{"rendered":"<p>1713., \u2020\u00a0? : ref. lelk\u00e9sz. \u2013 Mv.-en subscib\u00e1lt (1731), rektor volt, majd Kutyfalv\u00e1n (1738\u201346), Magyars\u00fcly\u00e9ben (1748\u201351), Marosbog\u00e1ton (1752\u201367) \u00e9s Sz\u0151kefalv\u00e1n szolg\u00e1lt mint lelk\u00e9sz (1768\u201370). Irod.: K\u00fck\u00fcll\u0151i Ref. Egyh\u00e1zm. 3., 4.; Nagy L\u00e1szl\u00f3<\/p>\n","protected":false},"featured_media":0,"comment_status":"open","ping_status":"closed","template":"","meta":[],"product_brand":[],"product_cat":[137],"product_tag":[],"class_list":{"0":"post-6963","1":"product","2":"type-product","3":"status-publish","5":"product_cat-maros-megyei-eletrajzi-lexikon","7":"first","8":"instock","9":"shipping-taxable","10":"product-type-simple"},"_links":{"self":[{"href":"https:\/\/uj.adatbank.ro\/lexikon\/wp-json\/wp\/v2\/product\/6963","targetHints":{"allow":["GET"]}}],"collection":[{"href":"https:\/\/uj.adatbank.ro\/lexikon\/wp-json\/wp\/v2\/product"}],"about":[{"href":"https:\/\/uj.adatbank.ro\/lexikon\/wp-json\/wp\/v2\/types\/product"}],"replies":[{"embeddable":true,"href":"https:\/\/uj.adatbank.ro\/lexikon\/wp-json\/wp\/v2\/comments?post=6963"}],"wp:attachment":[{"href":"https:\/\/uj.adatbank.ro\/lexikon\/wp-json\/wp\/v2\/media?parent=6963"}],"wp:term":[{"taxonomy":"product_brand","embeddable":true,"href":"https:\/\/uj.adatbank.ro\/lexikon\/wp-json\/wp\/v2\/product_brand?post=6963"},{"taxonomy":"product_cat","embeddable":true,"href":"https:\/\/uj.adatbank.ro\/lexikon\/wp-json\/wp\/v2\/product_cat?post=6963"},{"taxonomy":"product_tag","embeddable":true,"href":"https:\/\/uj.adatbank.ro\/lexikon\/wp-json\/wp\/v2\/product_tag?post=6963"}],"curies":[{"name":"wp","href":"https:\/\/api.w.org\/{rel}","templated":true}]}}