{"id":6965,"date":"2025-06-28T18:10:38","date_gmt":"2025-06-28T16:10:38","guid":{"rendered":"https:\/\/uj.adatbank.ro\/lexikon\/termek\/domokos-denes\/"},"modified":"2025-06-28T18:10:38","modified_gmt":"2025-06-28T16:10:38","slug":"domokos-denes","status":"publish","type":"product","link":"https:\/\/uj.adatbank.ro\/lexikon\/termek\/domokos-denes\/","title":{"rendered":"DOMOKOS D\u00e9nes"},"content":{"rendered":"<p>1830., \u2020\u00a0Mv., 1902. m\u00e1rc. 26.: v\u00e1llalkoz\u00f3, sz\u00e1llodatulajdonos. \u2013 Feles\u00e9ge: Szab\u00f3 Anna. Gyermekeik: Gyula (1857- Mv., 1890. j\u00fan. 1.), \u00d6d\u00f6n, Irma. \u2013 1848\u201349-as Kossuth husz\u00e1r. A mv.-i M\u00e1rc 15. \u00fcnneps\u00e9geinek z\u00e1r\u00f3 sz\u00ednhelye a sz\u00e1ll\u00f3d\u00e1ja a sz\u00e1lloda neve\u00a0? (1889) 100 szem\u00e9lyes vacsor\u00e1t szolg\u00e1lt. <br \/><strong>Irod.:<\/strong> Csepreghy 2010; Gy\u00e1szjelent\u0151; Id\u0151t\u00e1r 2<\/br><\/p>\n","protected":false},"excerpt":{"rendered":"<p>1830., \u2020\u00a0Mv., 1902. m\u00e1rc. 26.: v\u00e1llalkoz\u00f3, sz\u00e1llodatulajdonos. \u2013 Feles\u00e9ge: Szab\u00f3 Anna. Gyermekeik: Gyula (1857- Mv., 1890. j\u00fan. 1.), \u00d6d\u00f6n, Irma. \u2013 1848\u201349-as Kossuth husz\u00e1r. A mv.-i M\u00e1rc 15. \u00fcnneps\u00e9geinek z\u00e1r\u00f3 sz\u00ednhelye a sz\u00e1ll\u00f3d\u00e1ja a sz\u00e1lloda neve\u00a0? (1889) 100 szem\u00e9lyes vacsor\u00e1t szolg\u00e1lt. Irod.: Csepreghy 2010; Gy\u00e1szjelent\u0151; Id\u0151t\u00e1r 2<\/p>\n","protected":false},"featured_media":0,"comment_status":"open","ping_status":"closed","template":"","meta":[],"product_brand":[],"product_cat":[137],"product_tag":[],"class_list":{"0":"post-6965","1":"product","2":"type-product","3":"status-publish","5":"product_cat-maros-megyei-eletrajzi-lexikon","7":"first","8":"instock","9":"shipping-taxable","10":"product-type-simple"},"_links":{"self":[{"href":"https:\/\/uj.adatbank.ro\/lexikon\/wp-json\/wp\/v2\/product\/6965","targetHints":{"allow":["GET"]}}],"collection":[{"href":"https:\/\/uj.adatbank.ro\/lexikon\/wp-json\/wp\/v2\/product"}],"about":[{"href":"https:\/\/uj.adatbank.ro\/lexikon\/wp-json\/wp\/v2\/types\/product"}],"replies":[{"embeddable":true,"href":"https:\/\/uj.adatbank.ro\/lexikon\/wp-json\/wp\/v2\/comments?post=6965"}],"wp:attachment":[{"href":"https:\/\/uj.adatbank.ro\/lexikon\/wp-json\/wp\/v2\/media?parent=6965"}],"wp:term":[{"taxonomy":"product_brand","embeddable":true,"href":"https:\/\/uj.adatbank.ro\/lexikon\/wp-json\/wp\/v2\/product_brand?post=6965"},{"taxonomy":"product_cat","embeddable":true,"href":"https:\/\/uj.adatbank.ro\/lexikon\/wp-json\/wp\/v2\/product_cat?post=6965"},{"taxonomy":"product_tag","embeddable":true,"href":"https:\/\/uj.adatbank.ro\/lexikon\/wp-json\/wp\/v2\/product_tag?post=6965"}],"curies":[{"name":"wp","href":"https:\/\/api.w.org\/{rel}","templated":true}]}}