{"id":6966,"date":"2025-06-28T18:10:42","date_gmt":"2025-06-28T16:10:42","guid":{"rendered":"https:\/\/uj.adatbank.ro\/lexikon\/termek\/domokos-geza\/"},"modified":"2025-06-28T18:10:42","modified_gmt":"2025-06-28T16:10:42","slug":"domokos-geza","status":"publish","type":"product","link":"https:\/\/uj.adatbank.ro\/lexikon\/termek\/domokos-geza\/","title":{"rendered":"DOMOKOS G\u00e9za"},"content":{"rendered":"<p>Brass\u00f3, 1928. m\u00e1j. 18., \u2020 Mv., 2007. j\u00fan. 26.: \u00edr\u00f3, szerk., politikus. Z\u00e1gonban temett\u00e9k el. \u2013 Z\u00e1gonban v\u00e9gezte elemi iskol\u00e1it, a sepsiszentgy\u00f6rgyi Sz\u00e9kely Mik\u00f3 Koll.-ban a k\u00f6z\u00e9piskol\u00e1t, Kv.-on a BTE filol\u00f3gus hallgat\u00f3ja volt egy \u00e9vig, a moszkvai Makszim Gorkij Irodalmi Int\u00e9zetben v\u00e9gzett. Buk.-ben telepedett le. szerk.-je volt az El\u0151re, a Pion\u00edr, az Ifj\u00famunk\u00e1s lapoknak. Az Irodalmi K\u00f6nyvkiad\u00f3 nemzetis\u00e9gi r\u00e9szleg\u00e9nek f\u0151szerk.-je (1961\u201368), az El\u0151re f\u0151szerk. -helyettese (1968\u201369). A Kriterion K\u00f6nyvkiad\u00f3 alap\u00edt\u00f3-igazgat\u00f3ja (1969\u20131990). Az RMDSZ egyik alap\u00edt\u00f3ja \u00e9s els\u0151 eln\u00f6ke (1990\u2013), RMDSZ-k\u00e9pvisel\u0151 a rom\u00e1n parlamentben (1990\u201392). Visszavonult a k\u00f6z\u00e9lett\u0151l, nyugd\u00edjask\u00e9nt Sepsiszentgy\u00f6rgy\u00f6n, Papolcon \u00e9lt \u00e9s \u00edrta \u00f6n\u00e9letrajzi k\u00f6teteit. <strong>Kit\u00fcntet\u00e9sei:<\/strong> a Rom\u00e1n Filmsz\u00f6vets\u00e9g forgat\u00f3k\u00f6nyv d\u00edja (1976), az Eur\u00f3pa k\u00f6nyvkiad\u00f3 N\u00edv\u00f3d\u00edja (1976), Kisebbs\u00e9g\u00e9rt D\u00edj (1997), M. K\u00f6zt\u00e1rsas\u00e1gi \u00c9rdemrend K\u00f6z\u00e9pkeresztje (1998). Betegs\u00e9g\u00e9ben a mv.-i klinik\u00e1n kezelt\u00e9k, itt is halt meg. \u2013 <strong>F. m.:<\/strong> A legszebb \u00fczenet (Buk., 1953); A negyedik eml\u00e9k (Buk., 1961); Es\u00e9ly 1\u20133. (Cs\u00edkszereda, 1996\u20131998)<strong>ford.:<\/strong> Solohov: Elbesz\u00e9l\u00e9sek (Buk., 1960); Babel, Isac Em.: Lovashadsereg (elb.; Buk., 1965); Kort\u00e1rs rom\u00e1n dr\u00e1m\u00e1k (t\u00f6bbekkel; Buk., 1983); <strong>szerk.:<\/strong> Gorkij Maxim: \u00c9jjeli mened\u00e9khely. (<strong><strong>Ford.:<\/strong><\/strong> G\u00e1bor Andor. Ut\u00f3sz\u00f3; Buk., 1960); Lassila, Maiu: A k\u00f6lcs\u00f6nk\u00e9rt gyufa (ut\u00f3sz\u00f3; Buk., 1962); Csehov, A. P.: Sir\u00e1ly (ut\u00f3sz\u00f3; Buk., 1963); Hamar M\u00e1rton: Napkeleti \u00f6sv\u00e9nyeken (el\u0151sz\u00f3; Buk., 1963); Babel, Isac Em.: Lovashadsereg (ut\u00f3sz\u00f3; Buk., 1965); Akszjonov Vaszilij: F\u00e9l\u00faton a hold fel\u00e9. (Elbesz\u00e9l\u00e9sek. V\u00e1logatta \u00e9s ford.; Buk., 1969); filmforgat\u00f3k\u00f6nyv: Utak (filmriport, 1972); Minden k\u00e9nyszer n\u00e9lk\u00fcl (j\u00e1t\u00e9kfilm, 1974). <br \/><strong>Irod.:<\/strong> EMKK; A H\u00e9t \u00e9vk. (1978); Sz\u00e9kelys\u00e9g t\u00f6rt.<\/br><\/p>\n","protected":false},"excerpt":{"rendered":"<p>Brass\u00f3, 1928. m\u00e1j. 18., \u2020 Mv., 2007. j\u00fan. 26.: \u00edr\u00f3, szerk., politikus. Z\u00e1gonban temett\u00e9k el. \u2013 Z\u00e1gonban v\u00e9gezte elemi iskol\u00e1it, a sepsiszentgy\u00f6rgyi Sz\u00e9kely Mik\u00f3 Koll.-ban a k\u00f6z\u00e9piskol\u00e1t, Kv.-on a BTE filol\u00f3gus hallgat\u00f3ja volt egy \u00e9vig, a moszkvai Makszim Gorkij Irodalmi Int\u00e9zetben v\u00e9gzett. Buk.-ben telepedett le. szerk.-je volt az El\u0151re, a Pion\u00edr, az Ifj\u00famunk\u00e1s lapoknak. Az [&hellip;]<\/p>\n","protected":false},"featured_media":0,"comment_status":"open","ping_status":"closed","template":"","meta":[],"product_brand":[],"product_cat":[137],"product_tag":[],"class_list":{"0":"post-6966","1":"product","2":"type-product","3":"status-publish","5":"product_cat-maros-megyei-eletrajzi-lexikon","7":"first","8":"instock","9":"shipping-taxable","10":"product-type-simple"},"_links":{"self":[{"href":"https:\/\/uj.adatbank.ro\/lexikon\/wp-json\/wp\/v2\/product\/6966","targetHints":{"allow":["GET"]}}],"collection":[{"href":"https:\/\/uj.adatbank.ro\/lexikon\/wp-json\/wp\/v2\/product"}],"about":[{"href":"https:\/\/uj.adatbank.ro\/lexikon\/wp-json\/wp\/v2\/types\/product"}],"replies":[{"embeddable":true,"href":"https:\/\/uj.adatbank.ro\/lexikon\/wp-json\/wp\/v2\/comments?post=6966"}],"wp:attachment":[{"href":"https:\/\/uj.adatbank.ro\/lexikon\/wp-json\/wp\/v2\/media?parent=6966"}],"wp:term":[{"taxonomy":"product_brand","embeddable":true,"href":"https:\/\/uj.adatbank.ro\/lexikon\/wp-json\/wp\/v2\/product_brand?post=6966"},{"taxonomy":"product_cat","embeddable":true,"href":"https:\/\/uj.adatbank.ro\/lexikon\/wp-json\/wp\/v2\/product_cat?post=6966"},{"taxonomy":"product_tag","embeddable":true,"href":"https:\/\/uj.adatbank.ro\/lexikon\/wp-json\/wp\/v2\/product_tag?post=6966"}],"curies":[{"name":"wp","href":"https:\/\/api.w.org\/{rel}","templated":true}]}}