{"id":6967,"date":"2025-06-28T18:10:43","date_gmt":"2025-06-28T16:10:43","guid":{"rendered":"https:\/\/uj.adatbank.ro\/lexikon\/termek\/domokos-istvan\/"},"modified":"2025-06-28T18:10:43","modified_gmt":"2025-06-28T16:10:43","slug":"domokos-istvan","status":"publish","type":"product","link":"https:\/\/uj.adatbank.ro\/lexikon\/termek\/domokos-istvan\/","title":{"rendered":"DOMOKOS Istv\u00e1n"},"content":{"rendered":"<p>Korond, 1928. okt. 30., \u2020\u00a0? : koreogr\u00e1fus, t\u00e1ncmester. \u2013 P\u00e1ly\u00e1j\u00e1t Kv.-on kezdte az \u00c1llami Magyar Oper\u00e1n\u00e1l (1954\u2013), \u00e9s Mv.-en folytatta a Dal- \u00e9s T\u00e1ncegy\u00fcttesn\u00e9l mint koreogr\u00e1fus. Cikkeit \u00e9s t\u00e1ncle\u00edr\u00e1sait k\u00f6z\u00f6lte a M\u0171vel\u0151d\u00e9s a Napsug\u00e1r. <strong>F. m.:<\/strong> Felcs\u00edki t\u00e1ncok (t\u00e1rssz. Mv., 1964.); Este a csorg\u00f3n\u00e1l (lib\u00e1nfalvi t\u00e1ncok, Mv., 1968.); Falv\u00e1g\u00f3k (t\u00e1ncj\u00e1t\u00e9k, g\u00f6rg\u00e9nyv\u00f6lgyi t\u00e1ncok, Mv., 1970, rom\u00e1n nyelven is.); Sim\u00f3 Donka ballad\u00e1ja (t\u00e1ncj\u00e1t\u00e9k, Mv., 1977). <br \/><strong>Irod.:<\/strong> EMKK; Sz\u00e9kely Sz. Z.<\/br><\/p>\n","protected":false},"excerpt":{"rendered":"<p>Korond, 1928. okt. 30., \u2020\u00a0? : koreogr\u00e1fus, t\u00e1ncmester. \u2013 P\u00e1ly\u00e1j\u00e1t Kv.-on kezdte az \u00c1llami Magyar Oper\u00e1n\u00e1l (1954\u2013), \u00e9s Mv.-en folytatta a Dal- \u00e9s T\u00e1ncegy\u00fcttesn\u00e9l mint koreogr\u00e1fus. Cikkeit \u00e9s t\u00e1ncle\u00edr\u00e1sait k\u00f6z\u00f6lte a M\u0171vel\u0151d\u00e9s a Napsug\u00e1r. F. m.: Felcs\u00edki t\u00e1ncok (t\u00e1rssz. Mv., 1964.); Este a csorg\u00f3n\u00e1l (lib\u00e1nfalvi t\u00e1ncok, Mv., 1968.); Falv\u00e1g\u00f3k (t\u00e1ncj\u00e1t\u00e9k, g\u00f6rg\u00e9nyv\u00f6lgyi t\u00e1ncok, Mv., 1970, rom\u00e1n [&hellip;]<\/p>\n","protected":false},"featured_media":0,"comment_status":"open","ping_status":"closed","template":"","meta":[],"product_brand":[],"product_cat":[137],"product_tag":[],"class_list":{"0":"post-6967","1":"product","2":"type-product","3":"status-publish","5":"product_cat-maros-megyei-eletrajzi-lexikon","7":"first","8":"instock","9":"shipping-taxable","10":"product-type-simple"},"_links":{"self":[{"href":"https:\/\/uj.adatbank.ro\/lexikon\/wp-json\/wp\/v2\/product\/6967","targetHints":{"allow":["GET"]}}],"collection":[{"href":"https:\/\/uj.adatbank.ro\/lexikon\/wp-json\/wp\/v2\/product"}],"about":[{"href":"https:\/\/uj.adatbank.ro\/lexikon\/wp-json\/wp\/v2\/types\/product"}],"replies":[{"embeddable":true,"href":"https:\/\/uj.adatbank.ro\/lexikon\/wp-json\/wp\/v2\/comments?post=6967"}],"wp:attachment":[{"href":"https:\/\/uj.adatbank.ro\/lexikon\/wp-json\/wp\/v2\/media?parent=6967"}],"wp:term":[{"taxonomy":"product_brand","embeddable":true,"href":"https:\/\/uj.adatbank.ro\/lexikon\/wp-json\/wp\/v2\/product_brand?post=6967"},{"taxonomy":"product_cat","embeddable":true,"href":"https:\/\/uj.adatbank.ro\/lexikon\/wp-json\/wp\/v2\/product_cat?post=6967"},{"taxonomy":"product_tag","embeddable":true,"href":"https:\/\/uj.adatbank.ro\/lexikon\/wp-json\/wp\/v2\/product_tag?post=6967"}],"curies":[{"name":"wp","href":"https:\/\/api.w.org\/{rel}","templated":true}]}}