{"id":6968,"date":"2025-06-28T18:10:44","date_gmt":"2025-06-28T16:10:44","guid":{"rendered":"https:\/\/uj.adatbank.ro\/lexikon\/termek\/domokos-janos\/"},"modified":"2025-06-28T18:10:44","modified_gmt":"2025-06-28T16:10:44","slug":"domokos-janos","status":"publish","type":"product","link":"https:\/\/uj.adatbank.ro\/lexikon\/termek\/domokos-janos\/","title":{"rendered":"DOMOKOS J\u00e1nos"},"content":{"rendered":"<p>Szov\u00e1ta, 1882. \u2020\u00a0Szov\u00e1ta, 1954. febr. 4.: tartal\u00e9kos szakaszvezet\u0151. \u2013 Alakulata a cs\u00e1sz\u00e1ri \u00e9s kir\u00e1lyi 2. gyalogezred tagja. Kit\u00fcntet\u00e9sei. O1, OB (x2), Kcsk (1941. dec. 7.). Vit\u00e9zi avat\u00e1si id\u0151pontja (1941. dec. 7.). <br \/><strong>Irod.:<\/strong> Berekm\u00e9ri\u2013Nemes<\/br><\/p>\n","protected":false},"excerpt":{"rendered":"<p>Szov\u00e1ta, 1882. \u2020\u00a0Szov\u00e1ta, 1954. febr. 4.: tartal\u00e9kos szakaszvezet\u0151. \u2013 Alakulata a cs\u00e1sz\u00e1ri \u00e9s kir\u00e1lyi 2. gyalogezred tagja. Kit\u00fcntet\u00e9sei. O1, OB (x2), Kcsk (1941. dec. 7.). Vit\u00e9zi avat\u00e1si id\u0151pontja (1941. dec. 7.). Irod.: Berekm\u00e9ri\u2013Nemes<\/p>\n","protected":false},"featured_media":0,"comment_status":"open","ping_status":"closed","template":"","meta":[],"product_brand":[],"product_cat":[137],"product_tag":[],"class_list":{"0":"post-6968","1":"product","2":"type-product","3":"status-publish","5":"product_cat-maros-megyei-eletrajzi-lexikon","7":"first","8":"instock","9":"shipping-taxable","10":"product-type-simple"},"_links":{"self":[{"href":"https:\/\/uj.adatbank.ro\/lexikon\/wp-json\/wp\/v2\/product\/6968","targetHints":{"allow":["GET"]}}],"collection":[{"href":"https:\/\/uj.adatbank.ro\/lexikon\/wp-json\/wp\/v2\/product"}],"about":[{"href":"https:\/\/uj.adatbank.ro\/lexikon\/wp-json\/wp\/v2\/types\/product"}],"replies":[{"embeddable":true,"href":"https:\/\/uj.adatbank.ro\/lexikon\/wp-json\/wp\/v2\/comments?post=6968"}],"wp:attachment":[{"href":"https:\/\/uj.adatbank.ro\/lexikon\/wp-json\/wp\/v2\/media?parent=6968"}],"wp:term":[{"taxonomy":"product_brand","embeddable":true,"href":"https:\/\/uj.adatbank.ro\/lexikon\/wp-json\/wp\/v2\/product_brand?post=6968"},{"taxonomy":"product_cat","embeddable":true,"href":"https:\/\/uj.adatbank.ro\/lexikon\/wp-json\/wp\/v2\/product_cat?post=6968"},{"taxonomy":"product_tag","embeddable":true,"href":"https:\/\/uj.adatbank.ro\/lexikon\/wp-json\/wp\/v2\/product_tag?post=6968"}],"curies":[{"name":"wp","href":"https:\/\/api.w.org\/{rel}","templated":true}]}}