{"id":6969,"date":"2025-06-28T18:10:46","date_gmt":"2025-06-28T16:10:46","guid":{"rendered":"https:\/\/uj.adatbank.ro\/lexikon\/termek\/domokos-janos-kibedi\/"},"modified":"2025-06-28T18:10:46","modified_gmt":"2025-06-28T16:10:46","slug":"domokos-janos-kibedi","status":"publish","type":"product","link":"https:\/\/uj.adatbank.ro\/lexikon\/termek\/domokos-janos-kibedi\/","title":{"rendered":"DOMOKOS J\u00e1nos, kib\u00e9di"},"content":{"rendered":"<p>? \u2020\u00a0? : ref. lelk\u00e9sz. \u2013 Feles\u00e9ge S\u00f3falvi D\u00e1vid S\u00e1ra (\u20201797. \u00e1pr. 27. 50 \u00e9vesen). \u2013 Mv.-en subscrib\u00e1lt (1760). A g\u00f6rg\u00e9nyi ref. egyh\u00e1zmegy\u00e9be ker\u00fclt (1768. m\u00e1j 18). Lelk\u00e9sz Erd\u0151csin\u00e1don (1769\u201372), Disznaj\u00f3n (1772\u201391), Radn\u00f3tf\u00e1j\u00e1n (1791. \u00e1pr. 28. &#8211; 1799). Mv. v\u00e1rosi polg\u00e1ra lett, a magistr\u00e1tus sz\u00edne el\u0151tt lettette az esk\u0171t (1794). <br \/><strong>Irod.:<\/strong> \u0150sz; P\u00e1l-Antal 2006<\/br><\/p>\n","protected":false},"excerpt":{"rendered":"<p>? \u2020\u00a0? : ref. lelk\u00e9sz. \u2013 Feles\u00e9ge S\u00f3falvi D\u00e1vid S\u00e1ra (\u20201797. \u00e1pr. 27. 50 \u00e9vesen). \u2013 Mv.-en subscrib\u00e1lt (1760). A g\u00f6rg\u00e9nyi ref. egyh\u00e1zmegy\u00e9be ker\u00fclt (1768. m\u00e1j 18). Lelk\u00e9sz Erd\u0151csin\u00e1don (1769\u201372), Disznaj\u00f3n (1772\u201391), Radn\u00f3tf\u00e1j\u00e1n (1791. \u00e1pr. 28. &#8211; 1799). Mv. v\u00e1rosi polg\u00e1ra lett, a magistr\u00e1tus sz\u00edne el\u0151tt lettette az esk\u0171t (1794). Irod.: \u0150sz; P\u00e1l-Antal 2006<\/p>\n","protected":false},"featured_media":0,"comment_status":"open","ping_status":"closed","template":"","meta":[],"product_brand":[],"product_cat":[137],"product_tag":[],"class_list":{"0":"post-6969","1":"product","2":"type-product","3":"status-publish","5":"product_cat-maros-megyei-eletrajzi-lexikon","7":"first","8":"instock","9":"shipping-taxable","10":"product-type-simple"},"_links":{"self":[{"href":"https:\/\/uj.adatbank.ro\/lexikon\/wp-json\/wp\/v2\/product\/6969","targetHints":{"allow":["GET"]}}],"collection":[{"href":"https:\/\/uj.adatbank.ro\/lexikon\/wp-json\/wp\/v2\/product"}],"about":[{"href":"https:\/\/uj.adatbank.ro\/lexikon\/wp-json\/wp\/v2\/types\/product"}],"replies":[{"embeddable":true,"href":"https:\/\/uj.adatbank.ro\/lexikon\/wp-json\/wp\/v2\/comments?post=6969"}],"wp:attachment":[{"href":"https:\/\/uj.adatbank.ro\/lexikon\/wp-json\/wp\/v2\/media?parent=6969"}],"wp:term":[{"taxonomy":"product_brand","embeddable":true,"href":"https:\/\/uj.adatbank.ro\/lexikon\/wp-json\/wp\/v2\/product_brand?post=6969"},{"taxonomy":"product_cat","embeddable":true,"href":"https:\/\/uj.adatbank.ro\/lexikon\/wp-json\/wp\/v2\/product_cat?post=6969"},{"taxonomy":"product_tag","embeddable":true,"href":"https:\/\/uj.adatbank.ro\/lexikon\/wp-json\/wp\/v2\/product_tag?post=6969"}],"curies":[{"name":"wp","href":"https:\/\/api.w.org\/{rel}","templated":true}]}}