{"id":6972,"date":"2025-06-28T18:10:52","date_gmt":"2025-06-28T16:10:52","guid":{"rendered":"https:\/\/uj.adatbank.ro\/lexikon\/termek\/domokos-lajos\/"},"modified":"2025-06-28T18:10:52","modified_gmt":"2025-06-28T16:10:52","slug":"domokos-lajos","status":"publish","type":"product","link":"https:\/\/uj.adatbank.ro\/lexikon\/termek\/domokos-lajos\/","title":{"rendered":"DOMOKOS Lajos"},"content":{"rendered":"<p>Szov\u00e1ta, 1930. m\u00e1rc. 27., \u2020Szov\u00e1ta, 2017. aug. 16. pszichol\u00f3gus. \u2013 D. Gy\u00f6rgy \u00e9s B\u00edr\u00f3 Eszter fia. Feles\u00e9ge. Kraszilnikova Kl\u00e1ra, orvos (1956). Gyermekeik: Ilona (1958) alm\u00e9rn\u00f6k, Iv\u00e1n (1972) orvos. \u2013 A Szentp\u00e9terv\u00e1ri Gyermekgy\u00f3gy\u00e1szati Int\u00e9zetben v\u00e9gezte egyetemi tanulm\u00e1nyait. (1957). Az orvostudom\u00e1nyok doktora (Ia\u0219i, 1971). A MOGYI biol\u00f3giai tansz\u00e9k\u00e9n gyakornok (1957\u2013), tan\u00e1rseg\u00e9d (1972\u2013) \u00e9s a gy\u00f3gyszer\u00e9szeti mikr\u00f3biol\u00f3giai tansz\u00e9k vezet\u0151je, el\u0151ad\u00f3tan\u00e1r (1980\u2013). Kutat\u00e1si ter\u00fclete: helicobacter pylori szerepe a gyomor fek\u00e9ly kiv\u00e1lt\u00e1s\u00e1ban. \u2013 <strong>F. m.:<\/strong> Mikr\u00f3biol\u00f3gia gy\u00f3gyszer\u00e9szhallgat\u00f3k r\u00e9sz\u00e9re (Mv., 1977; 2. kiad. 1993; 3. kiad. Mv. 1998.); \u00cendreptar practic de microbiologia faraceutic\u0103 (1978, 2. kiad. 1991). <br \/><strong>Irod.:<\/strong> EMKK2010; Magy kutat\u00f3k<\/br><\/p>\n","protected":false},"excerpt":{"rendered":"<p>Szov\u00e1ta, 1930. m\u00e1rc. 27., \u2020Szov\u00e1ta, 2017. aug. 16. pszichol\u00f3gus. \u2013 D. Gy\u00f6rgy \u00e9s B\u00edr\u00f3 Eszter fia. Feles\u00e9ge. Kraszilnikova Kl\u00e1ra, orvos (1956). Gyermekeik: Ilona (1958) alm\u00e9rn\u00f6k, Iv\u00e1n (1972) orvos. \u2013 A Szentp\u00e9terv\u00e1ri Gyermekgy\u00f3gy\u00e1szati Int\u00e9zetben v\u00e9gezte egyetemi tanulm\u00e1nyait. (1957). Az orvostudom\u00e1nyok doktora (Ia\u0219i, 1971). A MOGYI biol\u00f3giai tansz\u00e9k\u00e9n gyakornok (1957\u2013), tan\u00e1rseg\u00e9d (1972\u2013) \u00e9s a gy\u00f3gyszer\u00e9szeti mikr\u00f3biol\u00f3giai tansz\u00e9k [&hellip;]<\/p>\n","protected":false},"featured_media":0,"comment_status":"open","ping_status":"closed","template":"","meta":[],"product_brand":[],"product_cat":[137],"product_tag":[],"class_list":{"0":"post-6972","1":"product","2":"type-product","3":"status-publish","5":"product_cat-maros-megyei-eletrajzi-lexikon","7":"first","8":"instock","9":"shipping-taxable","10":"product-type-simple"},"_links":{"self":[{"href":"https:\/\/uj.adatbank.ro\/lexikon\/wp-json\/wp\/v2\/product\/6972","targetHints":{"allow":["GET"]}}],"collection":[{"href":"https:\/\/uj.adatbank.ro\/lexikon\/wp-json\/wp\/v2\/product"}],"about":[{"href":"https:\/\/uj.adatbank.ro\/lexikon\/wp-json\/wp\/v2\/types\/product"}],"replies":[{"embeddable":true,"href":"https:\/\/uj.adatbank.ro\/lexikon\/wp-json\/wp\/v2\/comments?post=6972"}],"wp:attachment":[{"href":"https:\/\/uj.adatbank.ro\/lexikon\/wp-json\/wp\/v2\/media?parent=6972"}],"wp:term":[{"taxonomy":"product_brand","embeddable":true,"href":"https:\/\/uj.adatbank.ro\/lexikon\/wp-json\/wp\/v2\/product_brand?post=6972"},{"taxonomy":"product_cat","embeddable":true,"href":"https:\/\/uj.adatbank.ro\/lexikon\/wp-json\/wp\/v2\/product_cat?post=6972"},{"taxonomy":"product_tag","embeddable":true,"href":"https:\/\/uj.adatbank.ro\/lexikon\/wp-json\/wp\/v2\/product_tag?post=6972"}],"curies":[{"name":"wp","href":"https:\/\/api.w.org\/{rel}","templated":true}]}}