{"id":6974,"date":"2025-06-28T18:10:55","date_gmt":"2025-06-28T16:10:55","guid":{"rendered":"https:\/\/uj.adatbank.ro\/lexikon\/termek\/domokos-peter\/"},"modified":"2025-06-28T18:10:55","modified_gmt":"2025-06-28T16:10:55","slug":"domokos-peter","status":"publish","type":"product","link":"https:\/\/uj.adatbank.ro\/lexikon\/termek\/domokos-peter\/","title":{"rendered":"DOMOKOS P\u00e9ter"},"content":{"rendered":"<p>? \u2020 ? : f\u00f6ldbirtokos. \u2013 Mihai Viteazul elrendelte, a v\u00e1rmegyei hat\u00f3s\u00e1goknak, h. ismerj\u00e9k el Domokost Tuson, Mez\u0151pagocsa \u00e9s Mez\u0151domb birtokos\u00e1nak, mert h\u0151si tettei\u00e9rt neki adom\u00e1nyozta \u0151ket (1599). <br \/><strong>Irod.:<\/strong> S\u00e2npetru de C\u00e2mpie<\/br><\/p>\n","protected":false},"excerpt":{"rendered":"<p>? \u2020 ? : f\u00f6ldbirtokos. \u2013 Mihai Viteazul elrendelte, a v\u00e1rmegyei hat\u00f3s\u00e1goknak, h. ismerj\u00e9k el Domokost Tuson, Mez\u0151pagocsa \u00e9s Mez\u0151domb birtokos\u00e1nak, mert h\u0151si tettei\u00e9rt neki adom\u00e1nyozta \u0151ket (1599). Irod.: S\u00e2npetru de C\u00e2mpie<\/p>\n","protected":false},"featured_media":0,"comment_status":"open","ping_status":"closed","template":"","meta":[],"product_brand":[],"product_cat":[137],"product_tag":[],"class_list":{"0":"post-6974","1":"product","2":"type-product","3":"status-publish","5":"product_cat-maros-megyei-eletrajzi-lexikon","7":"first","8":"instock","9":"shipping-taxable","10":"product-type-simple"},"_links":{"self":[{"href":"https:\/\/uj.adatbank.ro\/lexikon\/wp-json\/wp\/v2\/product\/6974","targetHints":{"allow":["GET"]}}],"collection":[{"href":"https:\/\/uj.adatbank.ro\/lexikon\/wp-json\/wp\/v2\/product"}],"about":[{"href":"https:\/\/uj.adatbank.ro\/lexikon\/wp-json\/wp\/v2\/types\/product"}],"replies":[{"embeddable":true,"href":"https:\/\/uj.adatbank.ro\/lexikon\/wp-json\/wp\/v2\/comments?post=6974"}],"wp:attachment":[{"href":"https:\/\/uj.adatbank.ro\/lexikon\/wp-json\/wp\/v2\/media?parent=6974"}],"wp:term":[{"taxonomy":"product_brand","embeddable":true,"href":"https:\/\/uj.adatbank.ro\/lexikon\/wp-json\/wp\/v2\/product_brand?post=6974"},{"taxonomy":"product_cat","embeddable":true,"href":"https:\/\/uj.adatbank.ro\/lexikon\/wp-json\/wp\/v2\/product_cat?post=6974"},{"taxonomy":"product_tag","embeddable":true,"href":"https:\/\/uj.adatbank.ro\/lexikon\/wp-json\/wp\/v2\/product_tag?post=6974"}],"curies":[{"name":"wp","href":"https:\/\/api.w.org\/{rel}","templated":true}]}}