{"id":6975,"date":"2025-06-28T18:10:56","date_gmt":"2025-06-28T16:10:56","guid":{"rendered":"https:\/\/uj.adatbank.ro\/lexikon\/termek\/domokos-peter-alsocsernatoni\/"},"modified":"2025-06-28T18:10:56","modified_gmt":"2025-06-28T16:10:56","slug":"domokos-peter-alsocsernatoni","status":"publish","type":"product","link":"https:\/\/uj.adatbank.ro\/lexikon\/termek\/domokos-peter-alsocsernatoni\/","title":{"rendered":"DOMOKOS P\u00e9ter, als\u00f3csern\u00e1toni"},"content":{"rendered":"<p>? \u2020 ? : alkir\u00e1lyb\u00edr\u00f3. &#8211; Maros-sz\u00e9k 1763-ban megalakult folytonos Kir. T\u00e1bl\u00e1j\u00e1nak ideiglenes eln\u00f6ke volt. <br \/><strong>Irod.:<\/strong> P\u00e1l-Antal<\/br><\/p>\n","protected":false},"excerpt":{"rendered":"<p>? \u2020 ? : alkir\u00e1lyb\u00edr\u00f3. &#8211; Maros-sz\u00e9k 1763-ban megalakult folytonos Kir. T\u00e1bl\u00e1j\u00e1nak ideiglenes eln\u00f6ke volt. Irod.: P\u00e1l-Antal<\/p>\n","protected":false},"featured_media":0,"comment_status":"open","ping_status":"closed","template":"","meta":[],"product_brand":[],"product_cat":[137],"product_tag":[],"class_list":{"0":"post-6975","1":"product","2":"type-product","3":"status-publish","5":"product_cat-maros-megyei-eletrajzi-lexikon","7":"first","8":"instock","9":"shipping-taxable","10":"product-type-simple"},"_links":{"self":[{"href":"https:\/\/uj.adatbank.ro\/lexikon\/wp-json\/wp\/v2\/product\/6975","targetHints":{"allow":["GET"]}}],"collection":[{"href":"https:\/\/uj.adatbank.ro\/lexikon\/wp-json\/wp\/v2\/product"}],"about":[{"href":"https:\/\/uj.adatbank.ro\/lexikon\/wp-json\/wp\/v2\/types\/product"}],"replies":[{"embeddable":true,"href":"https:\/\/uj.adatbank.ro\/lexikon\/wp-json\/wp\/v2\/comments?post=6975"}],"wp:attachment":[{"href":"https:\/\/uj.adatbank.ro\/lexikon\/wp-json\/wp\/v2\/media?parent=6975"}],"wp:term":[{"taxonomy":"product_brand","embeddable":true,"href":"https:\/\/uj.adatbank.ro\/lexikon\/wp-json\/wp\/v2\/product_brand?post=6975"},{"taxonomy":"product_cat","embeddable":true,"href":"https:\/\/uj.adatbank.ro\/lexikon\/wp-json\/wp\/v2\/product_cat?post=6975"},{"taxonomy":"product_tag","embeddable":true,"href":"https:\/\/uj.adatbank.ro\/lexikon\/wp-json\/wp\/v2\/product_tag?post=6975"}],"curies":[{"name":"wp","href":"https:\/\/api.w.org\/{rel}","templated":true}]}}