{"id":6979,"date":"2025-06-28T18:11:05","date_gmt":"2025-06-28T16:11:05","guid":{"rendered":"https:\/\/uj.adatbank.ro\/lexikon\/termek\/domosdi-karoly\/"},"modified":"2025-06-28T18:11:05","modified_gmt":"2025-06-28T16:11:05","slug":"domosdi-karoly","status":"publish","type":"product","link":"https:\/\/uj.adatbank.ro\/lexikon\/termek\/domosdi-karoly\/","title":{"rendered":"D\u00d6M\u00d6SDI K\u00e1roly"},"content":{"rendered":"<p>? \u2020\u00a0? : sz\u00e1mellen\u0151r, sportol\u00f3. \u2013 M. k. p\u00e9nz\u00fcgyi sz\u00e1mellen\u0151r. Mv.-en a MSE labdar\u00fag\u00f3ja, jobbsz\u00e9ls\u0151je \u00e9s biztos t\u00e1masza volt az akkor f\u00e9nykor\u00e1t \u00e9l\u0151 amat\u00f6r csapatnak (1919- 25.). A Mv.-en rendezett ker. m\u0171korcsolya versenyen 2. helyez\u00e9st \u00e9rt el (1920), a 100 m. -es s\u00edkfut\u00e1sban 3. lett. <br \/><strong>Irod.:<\/strong> Pluh\u00e1r<\/br><\/p>\n","protected":false},"excerpt":{"rendered":"<p>? \u2020\u00a0? : sz\u00e1mellen\u0151r, sportol\u00f3. \u2013 M. k. p\u00e9nz\u00fcgyi sz\u00e1mellen\u0151r. Mv.-en a MSE labdar\u00fag\u00f3ja, jobbsz\u00e9ls\u0151je \u00e9s biztos t\u00e1masza volt az akkor f\u00e9nykor\u00e1t \u00e9l\u0151 amat\u00f6r csapatnak (1919- 25.). A Mv.-en rendezett ker. m\u0171korcsolya versenyen 2. helyez\u00e9st \u00e9rt el (1920), a 100 m. -es s\u00edkfut\u00e1sban 3. lett. Irod.: Pluh\u00e1r<\/p>\n","protected":false},"featured_media":0,"comment_status":"open","ping_status":"closed","template":"","meta":[],"product_brand":[],"product_cat":[137],"product_tag":[],"class_list":{"0":"post-6979","1":"product","2":"type-product","3":"status-publish","5":"product_cat-maros-megyei-eletrajzi-lexikon","7":"first","8":"instock","9":"shipping-taxable","10":"product-type-simple"},"_links":{"self":[{"href":"https:\/\/uj.adatbank.ro\/lexikon\/wp-json\/wp\/v2\/product\/6979","targetHints":{"allow":["GET"]}}],"collection":[{"href":"https:\/\/uj.adatbank.ro\/lexikon\/wp-json\/wp\/v2\/product"}],"about":[{"href":"https:\/\/uj.adatbank.ro\/lexikon\/wp-json\/wp\/v2\/types\/product"}],"replies":[{"embeddable":true,"href":"https:\/\/uj.adatbank.ro\/lexikon\/wp-json\/wp\/v2\/comments?post=6979"}],"wp:attachment":[{"href":"https:\/\/uj.adatbank.ro\/lexikon\/wp-json\/wp\/v2\/media?parent=6979"}],"wp:term":[{"taxonomy":"product_brand","embeddable":true,"href":"https:\/\/uj.adatbank.ro\/lexikon\/wp-json\/wp\/v2\/product_brand?post=6979"},{"taxonomy":"product_cat","embeddable":true,"href":"https:\/\/uj.adatbank.ro\/lexikon\/wp-json\/wp\/v2\/product_cat?post=6979"},{"taxonomy":"product_tag","embeddable":true,"href":"https:\/\/uj.adatbank.ro\/lexikon\/wp-json\/wp\/v2\/product_tag?post=6979"}],"curies":[{"name":"wp","href":"https:\/\/api.w.org\/{rel}","templated":true}]}}