{"id":6981,"date":"2025-06-28T18:11:08","date_gmt":"2025-06-28T16:11:08","guid":{"rendered":"https:\/\/uj.adatbank.ro\/lexikon\/termek\/domsitz-mihaly-%c2%a7\/"},"modified":"2025-06-28T18:11:08","modified_gmt":"2025-06-28T16:11:08","slug":"domsitz-mihaly-%c2%a7","status":"publish","type":"product","link":"https:\/\/uj.adatbank.ro\/lexikon\/termek\/domsitz-mihaly-%c2%a7\/","title":{"rendered":"DOMSITZ Mih\u00e1ly, \u00a7."},"content":{"rendered":"<p>? \u2020\u00a0?: orvos. \u2013 A mv.-i 9. honv\u00e9d husz\u00e1rezred t\u00f6rzsorvosa (1912. nov. 1. \u2013), r\u00e9szt vett az I. vh.-ban, Mv.-en orvos. <br \/><strong>Irod.:<\/strong> Koszta; Mv. \u00e9s a h\u00e1bor\u00fa, Mv. t\u00f6rt. 2.<\/br><\/p>\n","protected":false},"excerpt":{"rendered":"<p>? \u2020\u00a0?: orvos. \u2013 A mv.-i 9. honv\u00e9d husz\u00e1rezred t\u00f6rzsorvosa (1912. nov. 1. \u2013), r\u00e9szt vett az I. vh.-ban, Mv.-en orvos. Irod.: Koszta; Mv. \u00e9s a h\u00e1bor\u00fa, Mv. t\u00f6rt. 2.<\/p>\n","protected":false},"featured_media":0,"comment_status":"open","ping_status":"closed","template":"","meta":[],"product_brand":[],"product_cat":[137],"product_tag":[],"class_list":{"0":"post-6981","1":"product","2":"type-product","3":"status-publish","5":"product_cat-maros-megyei-eletrajzi-lexikon","7":"first","8":"instock","9":"shipping-taxable","10":"product-type-simple"},"_links":{"self":[{"href":"https:\/\/uj.adatbank.ro\/lexikon\/wp-json\/wp\/v2\/product\/6981","targetHints":{"allow":["GET"]}}],"collection":[{"href":"https:\/\/uj.adatbank.ro\/lexikon\/wp-json\/wp\/v2\/product"}],"about":[{"href":"https:\/\/uj.adatbank.ro\/lexikon\/wp-json\/wp\/v2\/types\/product"}],"replies":[{"embeddable":true,"href":"https:\/\/uj.adatbank.ro\/lexikon\/wp-json\/wp\/v2\/comments?post=6981"}],"wp:attachment":[{"href":"https:\/\/uj.adatbank.ro\/lexikon\/wp-json\/wp\/v2\/media?parent=6981"}],"wp:term":[{"taxonomy":"product_brand","embeddable":true,"href":"https:\/\/uj.adatbank.ro\/lexikon\/wp-json\/wp\/v2\/product_brand?post=6981"},{"taxonomy":"product_cat","embeddable":true,"href":"https:\/\/uj.adatbank.ro\/lexikon\/wp-json\/wp\/v2\/product_cat?post=6981"},{"taxonomy":"product_tag","embeddable":true,"href":"https:\/\/uj.adatbank.ro\/lexikon\/wp-json\/wp\/v2\/product_tag?post=6981"}],"curies":[{"name":"wp","href":"https:\/\/api.w.org\/{rel}","templated":true}]}}