{"id":6986,"date":"2025-06-28T18:11:18","date_gmt":"2025-06-28T16:11:18","guid":{"rendered":"https:\/\/uj.adatbank.ro\/lexikon\/termek\/donath-istvan\/"},"modified":"2025-06-28T18:11:18","modified_gmt":"2025-06-28T16:11:18","slug":"donath-istvan","status":"publish","type":"product","link":"https:\/\/uj.adatbank.ro\/lexikon\/termek\/donath-istvan\/","title":{"rendered":"DON\u00c1TH Istv\u00e1n"},"content":{"rendered":"<p>? \u2020\u00a0? : m\u00e9rn\u00f6k. \u2013 A ny\u00e1r\u00e1dszeredai villanytelep vezet\u0151je (1920-as \u00e9vek). A m\u00e1sodik vh. idej\u00e9n amikor a n\u00e9metek felrobbantott\u00e1k a villanytelepet, egy tankb\u00f3l kiszerelte a motort \u00e9s \u00e1t\u00e9p\u00edtette a villanytelepre. <br \/><strong>Irod.:<\/strong> Ny\u00e1r\u00e1dszereda: Kiskalauz<\/br><\/p>\n","protected":false},"excerpt":{"rendered":"<p>? \u2020\u00a0? : m\u00e9rn\u00f6k. \u2013 A ny\u00e1r\u00e1dszeredai villanytelep vezet\u0151je (1920-as \u00e9vek). A m\u00e1sodik vh. idej\u00e9n amikor a n\u00e9metek felrobbantott\u00e1k a villanytelepet, egy tankb\u00f3l kiszerelte a motort \u00e9s \u00e1t\u00e9p\u00edtette a villanytelepre. Irod.: Ny\u00e1r\u00e1dszereda: Kiskalauz<\/p>\n","protected":false},"featured_media":0,"comment_status":"open","ping_status":"closed","template":"","meta":[],"product_brand":[],"product_cat":[137],"product_tag":[],"class_list":{"0":"post-6986","1":"product","2":"type-product","3":"status-publish","5":"product_cat-maros-megyei-eletrajzi-lexikon","7":"first","8":"instock","9":"shipping-taxable","10":"product-type-simple"},"_links":{"self":[{"href":"https:\/\/uj.adatbank.ro\/lexikon\/wp-json\/wp\/v2\/product\/6986","targetHints":{"allow":["GET"]}}],"collection":[{"href":"https:\/\/uj.adatbank.ro\/lexikon\/wp-json\/wp\/v2\/product"}],"about":[{"href":"https:\/\/uj.adatbank.ro\/lexikon\/wp-json\/wp\/v2\/types\/product"}],"replies":[{"embeddable":true,"href":"https:\/\/uj.adatbank.ro\/lexikon\/wp-json\/wp\/v2\/comments?post=6986"}],"wp:attachment":[{"href":"https:\/\/uj.adatbank.ro\/lexikon\/wp-json\/wp\/v2\/media?parent=6986"}],"wp:term":[{"taxonomy":"product_brand","embeddable":true,"href":"https:\/\/uj.adatbank.ro\/lexikon\/wp-json\/wp\/v2\/product_brand?post=6986"},{"taxonomy":"product_cat","embeddable":true,"href":"https:\/\/uj.adatbank.ro\/lexikon\/wp-json\/wp\/v2\/product_cat?post=6986"},{"taxonomy":"product_tag","embeddable":true,"href":"https:\/\/uj.adatbank.ro\/lexikon\/wp-json\/wp\/v2\/product_tag?post=6986"}],"curies":[{"name":"wp","href":"https:\/\/api.w.org\/{rel}","templated":true}]}}