{"id":6988,"date":"2025-06-28T18:11:22","date_gmt":"2025-06-28T16:11:22","guid":{"rendered":"https:\/\/uj.adatbank.ro\/lexikon\/termek\/donath-laszlo\/"},"modified":"2025-06-28T18:11:22","modified_gmt":"2025-06-28T16:11:22","slug":"donath-laszlo","status":"publish","type":"product","link":"https:\/\/uj.adatbank.ro\/lexikon\/termek\/donath-laszlo\/","title":{"rendered":"DON\u00c1TH L\u00e1szl\u00f3"},"content":{"rendered":"<p>Et\u00e9d, 1883. \u00e1pr. 5., \u2020 Ny\u00e1r\u00e1dszentsimon, 1967. dec. 2. Mv.-en nyugszik: ref. lelk\u00e9sz, \u00edr\u00f3. \u2013 Apja falusi kov\u00e1csmester. Feles\u00e9ge: Krizbai Nemes Katalin. Egyetlen fi\u00fak: L\u00e1szl\u00f3 szint\u00e9n ref. lelk\u00e9sz (1883. \u2020 Ny\u00e1r\u00e1dszentsimon, 1978.). Feles\u00e9ge: Simon Erzs\u00e9bet (1893\u20131978) \u2013 A gimn. -ot Sz\u00e9kelyudvarhelyen \u00e9s Mv.-en (1903), a teol\u00f3gi\u00e1t Kv.-on, Debrecenben v\u00e9gezte. Lelk\u00e9sz Nagyk\u00f6zszentimr\u00e9n, Beretty\u00f3sz\u00e9plakon, Vadasdon (1912\u201314), Ny\u00e1r\u00e1dmagyar\u00f3son (1914\u201319), Harasztker\u00e9ken (1919\u2013), Beretty\u00f3sz\u00e9plakon (1933\u2013), mint nyugd\u00edjas Havadt\u0151n, Sz\u00e9kelyf\u00f6ldv\u00e1ron. Egyh\u00e1zmegyei tan\u00e1csos, tan\u00e1csb\u00edr\u00f3, egyh\u00e1zker\u00fcleti k\u00e9pvisel\u0151, a mv.-i KZST rendes tagja. Novell\u00e1it, kisreg\u00e9nyeit \u00e9s egy\u00e9bb \u00edr\u00e1sait k\u00f6z\u00f6lte a Zord Id\u0151, Brass\u00f3i Lapok, Keleti \u00dajs\u00e1g, M. M\u00e9h\u00e9szek Lapja, M. N\u00e9p, M. \u00dajs\u00e1g, Temesv\u00e1ri H\u00edlap, Erd\u00e9lyi Szemle, P\u00e1sztort\u0171z. T\u00e1rszerk.-je az Egyh\u00e1zi Figyel\u0151-nek (1920), f\u0151munkat\u00e1rsa a Ref. \u0150r\u00e1ll\u00f3-nak (1934\u2013). A Temesv\u00e1ri Hirlap (1927-es) \u00e9s a temesv\u00e1ri Arany J\u00e1nos T\u00e1rsas\u00e1g (1929-es) novellap\u00e1ly\u00e1zat\u00e1n I. d\u00edjat, a r\u00e1di\u00f3 p\u00e1ly\u00e1zat\u00e1n (1936) dics\u00e9retet nyert. Bemutatt\u00e1k Ha a le\u00e1ny b\u00e1lba k\u00e9sz\u00fcl c. egyfelvon\u00e1sos v\u00edgj\u00e1t\u00e9k\u00e1t (1937. \u00e1pr. 18.). K\u00e9ziratban maradt m\u0171vei k\u00f6z\u00fcl kiemelkedik \u00f6n\u00e9letrajzi reg\u00e9nye: K\u00f6k\u00e9nysz\u00fcret. Kezdem\u00e9nyezte a dics\u0151szentm\u00e1rtoni Sipos Domokos-s\u00edreml\u00e9k fel\u00e1ll\u00edt\u00e1s\u00e1t (Keleti \u00dajs\u00e1g, 1929. szept. 19.) Ny\u00e1r\u00e1dmagyar\u00f3son \u00e9s k\u00f6rny\u00e9k\u00e9n j\u00e1tszott\u00e1k Az utols\u00f3 falat keny\u00e9r c. sz\u00edndarabj\u00e1t (1990). <strong>F. m.:<\/strong> Ha a l\u00e1ny b\u00e1lba k\u00e9sz\u00fcl (Vigj\u00e1t\u00e9k; H. n., \u00e9. n.); Humoros esetek (nov., Kv., 1928); Jairus fia (nov., Mv., 1929); Szeg\u00e9ny bolond (elb., Kv., 1931); Cserefa Gyuri (reg., Bp., 1932); Toronyj\u00e1r\u00f3 sz\u00e9kely (Bp., 1933); T\u00f6vig \u00e9g\u0151 gyertya (nov., Nagyv\u00e1rad, 1934); Gy\u00e9m\u00e1nt kulcs (Nagyv\u00e1rad, 1935); Az utols\u00f3 falat keny\u00e9r (sz\u00ednm\u0171; Nagyv\u00e1rad, 1939); A pap tehene (novell\u00e1k; Kv., 2013 ); Z\u00e1dokfa k\u00fcrt (novell\u00e1k; Kv., 2015); Az \u00e9n t\u00f3tom = \u00dcnnepi k\u00f6nyv. <br \/><strong>Irod.:<\/strong> Cs\u00e1ky; Guly\u00e1s; Marosi-Helikon; Marosi-KZST; KZST1930; Molter 2.; P. Buzog\u00e1ny \u00c1rp\u00e1d: \u00c9vfordul\u00f3ink (\u00d6r\u00f6ks\u00e9g\u00fcnk, 2007., 3. sz.); Ny\u00e1r\u00e1dmagyar\u00f3s; \u00dcnnepi k\u00f6nyv; Z\u00e1honyi<\/br><\/p>\n","protected":false},"excerpt":{"rendered":"<p>Et\u00e9d, 1883. \u00e1pr. 5., \u2020 Ny\u00e1r\u00e1dszentsimon, 1967. dec. 2. Mv.-en nyugszik: ref. lelk\u00e9sz, \u00edr\u00f3. \u2013 Apja falusi kov\u00e1csmester. Feles\u00e9ge: Krizbai Nemes Katalin. Egyetlen fi\u00fak: L\u00e1szl\u00f3 szint\u00e9n ref. lelk\u00e9sz (1883. \u2020 Ny\u00e1r\u00e1dszentsimon, 1978.). Feles\u00e9ge: Simon Erzs\u00e9bet (1893\u20131978) \u2013 A gimn. -ot Sz\u00e9kelyudvarhelyen \u00e9s Mv.-en (1903), a teol\u00f3gi\u00e1t Kv.-on, Debrecenben v\u00e9gezte. Lelk\u00e9sz Nagyk\u00f6zszentimr\u00e9n, Beretty\u00f3sz\u00e9plakon, Vadasdon (1912\u201314), Ny\u00e1r\u00e1dmagyar\u00f3son [&hellip;]<\/p>\n","protected":false},"featured_media":0,"comment_status":"open","ping_status":"closed","template":"","meta":[],"product_brand":[],"product_cat":[137],"product_tag":[],"class_list":{"0":"post-6988","1":"product","2":"type-product","3":"status-publish","5":"product_cat-maros-megyei-eletrajzi-lexikon","7":"first","8":"instock","9":"shipping-taxable","10":"product-type-simple"},"_links":{"self":[{"href":"https:\/\/uj.adatbank.ro\/lexikon\/wp-json\/wp\/v2\/product\/6988","targetHints":{"allow":["GET"]}}],"collection":[{"href":"https:\/\/uj.adatbank.ro\/lexikon\/wp-json\/wp\/v2\/product"}],"about":[{"href":"https:\/\/uj.adatbank.ro\/lexikon\/wp-json\/wp\/v2\/types\/product"}],"replies":[{"embeddable":true,"href":"https:\/\/uj.adatbank.ro\/lexikon\/wp-json\/wp\/v2\/comments?post=6988"}],"wp:attachment":[{"href":"https:\/\/uj.adatbank.ro\/lexikon\/wp-json\/wp\/v2\/media?parent=6988"}],"wp:term":[{"taxonomy":"product_brand","embeddable":true,"href":"https:\/\/uj.adatbank.ro\/lexikon\/wp-json\/wp\/v2\/product_brand?post=6988"},{"taxonomy":"product_cat","embeddable":true,"href":"https:\/\/uj.adatbank.ro\/lexikon\/wp-json\/wp\/v2\/product_cat?post=6988"},{"taxonomy":"product_tag","embeddable":true,"href":"https:\/\/uj.adatbank.ro\/lexikon\/wp-json\/wp\/v2\/product_tag?post=6988"}],"curies":[{"name":"wp","href":"https:\/\/api.w.org\/{rel}","templated":true}]}}