{"id":6989,"date":"2025-06-28T18:11:25","date_gmt":"2025-06-28T16:11:25","guid":{"rendered":"https:\/\/uj.adatbank.ro\/lexikon\/termek\/donath-laszlo-2\/"},"modified":"2025-06-28T18:11:25","modified_gmt":"2025-06-28T16:11:25","slug":"donath-laszlo-2","status":"publish","type":"product","link":"https:\/\/uj.adatbank.ro\/lexikon\/termek\/donath-laszlo-2\/","title":{"rendered":"DON\u00c1TH L\u00e1szl\u00f3"},"content":{"rendered":"<p>1914., \u2020 1978. ref. lelk\u00e9sz. \u2013 Feles\u00e9ge: Imreh \u00c9va (1922\u20131988). \u2013 Vall\u00e1soktat\u00f3 seg\u00e9dlelk\u00e9sz (1936\u2013) Aradon, Ap\u00e1tkereszt\u00faron, Berety\u00f3sz\u00e9plakon, Avas\u00fajv\u00e1roson. Szalacson helyettes lelk\u00e9sz, Nagyk\u00e1rolyban seg\u00e9dlelk\u00e9sz \u00e9s Berety\u00f3sz\u00e9plakon. Szil\u00e1gyszentkir\u00e1lyon lelk\u00e9sz, majd K\u00f6rispatakon (1948\u2013), Havadt\u0151n (1951\u201357), Sim\u00e9nfalv\u00e1n szolg\u00e1lt (1956\u2013), Ny\u00e1r\u00e1dszentsimon-Rigm\u00e1ny lelk\u00e9sze (1962\u20131978). <br \/><strong>Irod.:<\/strong> Cs\u00e1ky<\/br><\/p>\n","protected":false},"excerpt":{"rendered":"<p>1914., \u2020 1978. ref. lelk\u00e9sz. \u2013 Feles\u00e9ge: Imreh \u00c9va (1922\u20131988). \u2013 Vall\u00e1soktat\u00f3 seg\u00e9dlelk\u00e9sz (1936\u2013) Aradon, Ap\u00e1tkereszt\u00faron, Berety\u00f3sz\u00e9plakon, Avas\u00fajv\u00e1roson. Szalacson helyettes lelk\u00e9sz, Nagyk\u00e1rolyban seg\u00e9dlelk\u00e9sz \u00e9s Berety\u00f3sz\u00e9plakon. Szil\u00e1gyszentkir\u00e1lyon lelk\u00e9sz, majd K\u00f6rispatakon (1948\u2013), Havadt\u0151n (1951\u201357), Sim\u00e9nfalv\u00e1n szolg\u00e1lt (1956\u2013), Ny\u00e1r\u00e1dszentsimon-Rigm\u00e1ny lelk\u00e9sze (1962\u20131978). Irod.: Cs\u00e1ky<\/p>\n","protected":false},"featured_media":0,"comment_status":"open","ping_status":"closed","template":"","meta":[],"product_brand":[],"product_cat":[137],"product_tag":[],"class_list":{"0":"post-6989","1":"product","2":"type-product","3":"status-publish","5":"product_cat-maros-megyei-eletrajzi-lexikon","7":"first","8":"instock","9":"shipping-taxable","10":"product-type-simple"},"_links":{"self":[{"href":"https:\/\/uj.adatbank.ro\/lexikon\/wp-json\/wp\/v2\/product\/6989","targetHints":{"allow":["GET"]}}],"collection":[{"href":"https:\/\/uj.adatbank.ro\/lexikon\/wp-json\/wp\/v2\/product"}],"about":[{"href":"https:\/\/uj.adatbank.ro\/lexikon\/wp-json\/wp\/v2\/types\/product"}],"replies":[{"embeddable":true,"href":"https:\/\/uj.adatbank.ro\/lexikon\/wp-json\/wp\/v2\/comments?post=6989"}],"wp:attachment":[{"href":"https:\/\/uj.adatbank.ro\/lexikon\/wp-json\/wp\/v2\/media?parent=6989"}],"wp:term":[{"taxonomy":"product_brand","embeddable":true,"href":"https:\/\/uj.adatbank.ro\/lexikon\/wp-json\/wp\/v2\/product_brand?post=6989"},{"taxonomy":"product_cat","embeddable":true,"href":"https:\/\/uj.adatbank.ro\/lexikon\/wp-json\/wp\/v2\/product_cat?post=6989"},{"taxonomy":"product_tag","embeddable":true,"href":"https:\/\/uj.adatbank.ro\/lexikon\/wp-json\/wp\/v2\/product_tag?post=6989"}],"curies":[{"name":"wp","href":"https:\/\/api.w.org\/{rel}","templated":true}]}}