{"id":6991,"date":"2025-06-28T18:11:28","date_gmt":"2025-06-28T16:11:28","guid":{"rendered":"https:\/\/uj.adatbank.ro\/lexikon\/termek\/donaub-gheorghe\/"},"modified":"2025-06-28T18:11:28","modified_gmt":"2025-06-28T16:11:28","slug":"donaub-gheorghe","status":"publish","type":"product","link":"https:\/\/uj.adatbank.ro\/lexikon\/termek\/donaub-gheorghe\/","title":{"rendered":"DONAUB Gheorghe"},"content":{"rendered":"<p>? \u2020 ?: \u00e9p\u00edt\u00e9szm\u00e9rn\u00f6k. \u2013 Beszterc\u00e9n \u00e9lt, de Ball\u00e1n \u0151 tervezte \u00e9s vezette az ort. templom \u00e9p\u00edt\u00e9s\u00e9t. A templom eredetileg Tek\u00e9ben \u00e1llt \u00e9s miut\u00e1n a ballaiak megv\u00e1s\u00e1rolt\u00e1k, az \u00e9p\u00edt\u00e9sz vezet\u00e9s\u00e9vel onnan sz\u00e1ll\u00edtott\u00e1k \u00e1t, \u00e9s k\u00fcl\u00f6nb\u00f6z\u0151 m\u00f3dos\u00edt\u00e1sokkal a r\u00e9gi templom (\u00e9p\u00fclt 1698) hely\u00e9n \u00fajj\u00e1\u00e9p\u00edtett\u00e9k Ball\u00e1ban (1883). <br \/><strong>Irod.:<\/strong> \u015eincan 2006<\/br><\/p>\n","protected":false},"excerpt":{"rendered":"<p>? \u2020 ?: \u00e9p\u00edt\u00e9szm\u00e9rn\u00f6k. \u2013 Beszterc\u00e9n \u00e9lt, de Ball\u00e1n \u0151 tervezte \u00e9s vezette az ort. templom \u00e9p\u00edt\u00e9s\u00e9t. A templom eredetileg Tek\u00e9ben \u00e1llt \u00e9s miut\u00e1n a ballaiak megv\u00e1s\u00e1rolt\u00e1k, az \u00e9p\u00edt\u00e9sz vezet\u00e9s\u00e9vel onnan sz\u00e1ll\u00edtott\u00e1k \u00e1t, \u00e9s k\u00fcl\u00f6nb\u00f6z\u0151 m\u00f3dos\u00edt\u00e1sokkal a r\u00e9gi templom (\u00e9p\u00fclt 1698) hely\u00e9n \u00fajj\u00e1\u00e9p\u00edtett\u00e9k Ball\u00e1ban (1883). Irod.: \u015eincan 2006<\/p>\n","protected":false},"featured_media":0,"comment_status":"open","ping_status":"closed","template":"","meta":[],"product_brand":[],"product_cat":[137],"product_tag":[],"class_list":{"0":"post-6991","1":"product","2":"type-product","3":"status-publish","5":"product_cat-maros-megyei-eletrajzi-lexikon","7":"first","8":"instock","9":"shipping-taxable","10":"product-type-simple"},"_links":{"self":[{"href":"https:\/\/uj.adatbank.ro\/lexikon\/wp-json\/wp\/v2\/product\/6991","targetHints":{"allow":["GET"]}}],"collection":[{"href":"https:\/\/uj.adatbank.ro\/lexikon\/wp-json\/wp\/v2\/product"}],"about":[{"href":"https:\/\/uj.adatbank.ro\/lexikon\/wp-json\/wp\/v2\/types\/product"}],"replies":[{"embeddable":true,"href":"https:\/\/uj.adatbank.ro\/lexikon\/wp-json\/wp\/v2\/comments?post=6991"}],"wp:attachment":[{"href":"https:\/\/uj.adatbank.ro\/lexikon\/wp-json\/wp\/v2\/media?parent=6991"}],"wp:term":[{"taxonomy":"product_brand","embeddable":true,"href":"https:\/\/uj.adatbank.ro\/lexikon\/wp-json\/wp\/v2\/product_brand?post=6991"},{"taxonomy":"product_cat","embeddable":true,"href":"https:\/\/uj.adatbank.ro\/lexikon\/wp-json\/wp\/v2\/product_cat?post=6991"},{"taxonomy":"product_tag","embeddable":true,"href":"https:\/\/uj.adatbank.ro\/lexikon\/wp-json\/wp\/v2\/product_tag?post=6991"}],"curies":[{"name":"wp","href":"https:\/\/api.w.org\/{rel}","templated":true}]}}