{"id":6992,"date":"2025-06-28T18:11:29","date_gmt":"2025-06-28T16:11:29","guid":{"rendered":"https:\/\/uj.adatbank.ro\/lexikon\/termek\/donea-ioan\/"},"modified":"2025-06-28T18:11:29","modified_gmt":"2025-06-28T16:11:29","slug":"donea-ioan","status":"publish","type":"product","link":"https:\/\/uj.adatbank.ro\/lexikon\/termek\/donea-ioan\/","title":{"rendered":"DONEA Ioan"},"content":{"rendered":"<p>G\u00f6rg\u00e9nyszentimre, ? \u2020 ? : tan\u00edt\u00f3. \u2013 G\u00f6rg\u00e9nyben tan\u00edtott (1851\u201358). Az els\u0151 taner\u0151 volt, aki m. nyelven is tan\u00edtott. Sz\u00e1szr\u00e9genben szerzett tan\u00edt\u00f3i okl. -t. Mivel az 1807-ben \u00e9p\u00edtett isk. m\u00e1r nem felelt meg a tanul\u00f3l\u00e9tsz\u00e1m emelked\u00e9se miatt, tan\u00edt\u00f3s\u00e1ga ideje alatt \u00faj egyh\u00e1zi isk. -t \u00e9p\u00edtett, a sz\u00fcl\u0151k k\u00f6zrem\u0171k\u0151d\u00e9s\u00e9vel. A fizet\u00e9s\u00e9t is a g\u00f6r. kat. egyh\u00e1zt\u00f3l kapta. Sok neh\u00e9zs\u00e9ggel kellett megk\u00fczdenie, mert nem voltak rom\u00e1n tank\u00f6nyvek, a gyermekek ruha \u00e9s cip\u0151 hi\u00e1ny\u00e1ban nem j\u00e1rtak rendszeresen isk. -ba, sok \u00edr \u00e1studatlan maradt. <br \/><strong>Irod.:<\/strong> Gurghiul<\/br><\/p>\n","protected":false},"excerpt":{"rendered":"<p>G\u00f6rg\u00e9nyszentimre, ? \u2020 ? : tan\u00edt\u00f3. \u2013 G\u00f6rg\u00e9nyben tan\u00edtott (1851\u201358). Az els\u0151 taner\u0151 volt, aki m. nyelven is tan\u00edtott. Sz\u00e1szr\u00e9genben szerzett tan\u00edt\u00f3i okl. -t. Mivel az 1807-ben \u00e9p\u00edtett isk. m\u00e1r nem felelt meg a tanul\u00f3l\u00e9tsz\u00e1m emelked\u00e9se miatt, tan\u00edt\u00f3s\u00e1ga ideje alatt \u00faj egyh\u00e1zi isk. -t \u00e9p\u00edtett, a sz\u00fcl\u0151k k\u00f6zrem\u0171k\u0151d\u00e9s\u00e9vel. A fizet\u00e9s\u00e9t is a g\u00f6r. kat. egyh\u00e1zt\u00f3l [&hellip;]<\/p>\n","protected":false},"featured_media":0,"comment_status":"open","ping_status":"closed","template":"","meta":[],"product_brand":[],"product_cat":[137],"product_tag":[],"class_list":{"0":"post-6992","1":"product","2":"type-product","3":"status-publish","5":"product_cat-maros-megyei-eletrajzi-lexikon","7":"first","8":"instock","9":"shipping-taxable","10":"product-type-simple"},"_links":{"self":[{"href":"https:\/\/uj.adatbank.ro\/lexikon\/wp-json\/wp\/v2\/product\/6992","targetHints":{"allow":["GET"]}}],"collection":[{"href":"https:\/\/uj.adatbank.ro\/lexikon\/wp-json\/wp\/v2\/product"}],"about":[{"href":"https:\/\/uj.adatbank.ro\/lexikon\/wp-json\/wp\/v2\/types\/product"}],"replies":[{"embeddable":true,"href":"https:\/\/uj.adatbank.ro\/lexikon\/wp-json\/wp\/v2\/comments?post=6992"}],"wp:attachment":[{"href":"https:\/\/uj.adatbank.ro\/lexikon\/wp-json\/wp\/v2\/media?parent=6992"}],"wp:term":[{"taxonomy":"product_brand","embeddable":true,"href":"https:\/\/uj.adatbank.ro\/lexikon\/wp-json\/wp\/v2\/product_brand?post=6992"},{"taxonomy":"product_cat","embeddable":true,"href":"https:\/\/uj.adatbank.ro\/lexikon\/wp-json\/wp\/v2\/product_cat?post=6992"},{"taxonomy":"product_tag","embeddable":true,"href":"https:\/\/uj.adatbank.ro\/lexikon\/wp-json\/wp\/v2\/product_tag?post=6992"}],"curies":[{"name":"wp","href":"https:\/\/api.w.org\/{rel}","templated":true}]}}