{"id":6993,"date":"2025-06-28T18:11:31","date_gmt":"2025-06-28T16:11:31","guid":{"rendered":"https:\/\/uj.adatbank.ro\/lexikon\/termek\/donea-donescu-al-%c2%a7\/"},"modified":"2025-06-28T18:11:31","modified_gmt":"2025-06-28T16:11:31","slug":"donea-donescu-al-%c2%a7","status":"publish","type":"product","link":"https:\/\/uj.adatbank.ro\/lexikon\/termek\/donea-donescu-al-%c2%a7\/","title":{"rendered":"DONEA-DONESCU Al. \u00a7"},"content":{"rendered":"<p>G\u00f6rg\u00e9nyszentimre, ? \u2020\u00a0? : g\u00f6r. kat. pap, ort. pap. \u2013 G\u00f6r. kat. pap a sz\u00fcl\u0151faluj\u00e1ban (1911\u201336). Szolg\u00e1lata idej\u00e9ben \u00e9p\u00edtett\u00e9k a g\u00f6r. kat., ma ort. templomot (1928). Az Astra \u00e9gisze alatt m\u0171k\u00f6d\u0151 falusi m\u0171vel\u0151d\u00e9si k\u00f6r eln\u00f6ke (1930. k). <br \/><strong>Irod.:<\/strong> Netea: Astra; Reghin, Protopopiat<\/br><\/p>\n","protected":false},"excerpt":{"rendered":"<p>G\u00f6rg\u00e9nyszentimre, ? \u2020\u00a0? : g\u00f6r. kat. pap, ort. pap. \u2013 G\u00f6r. kat. pap a sz\u00fcl\u0151faluj\u00e1ban (1911\u201336). Szolg\u00e1lata idej\u00e9ben \u00e9p\u00edtett\u00e9k a g\u00f6r. kat., ma ort. templomot (1928). Az Astra \u00e9gisze alatt m\u0171k\u00f6d\u0151 falusi m\u0171vel\u0151d\u00e9si k\u00f6r eln\u00f6ke (1930. k). Irod.: Netea: Astra; Reghin, Protopopiat<\/p>\n","protected":false},"featured_media":0,"comment_status":"open","ping_status":"closed","template":"","meta":[],"product_brand":[],"product_cat":[137],"product_tag":[],"class_list":{"0":"post-6993","1":"product","2":"type-product","3":"status-publish","5":"product_cat-maros-megyei-eletrajzi-lexikon","7":"first","8":"instock","9":"shipping-taxable","10":"product-type-simple"},"_links":{"self":[{"href":"https:\/\/uj.adatbank.ro\/lexikon\/wp-json\/wp\/v2\/product\/6993","targetHints":{"allow":["GET"]}}],"collection":[{"href":"https:\/\/uj.adatbank.ro\/lexikon\/wp-json\/wp\/v2\/product"}],"about":[{"href":"https:\/\/uj.adatbank.ro\/lexikon\/wp-json\/wp\/v2\/types\/product"}],"replies":[{"embeddable":true,"href":"https:\/\/uj.adatbank.ro\/lexikon\/wp-json\/wp\/v2\/comments?post=6993"}],"wp:attachment":[{"href":"https:\/\/uj.adatbank.ro\/lexikon\/wp-json\/wp\/v2\/media?parent=6993"}],"wp:term":[{"taxonomy":"product_brand","embeddable":true,"href":"https:\/\/uj.adatbank.ro\/lexikon\/wp-json\/wp\/v2\/product_brand?post=6993"},{"taxonomy":"product_cat","embeddable":true,"href":"https:\/\/uj.adatbank.ro\/lexikon\/wp-json\/wp\/v2\/product_cat?post=6993"},{"taxonomy":"product_tag","embeddable":true,"href":"https:\/\/uj.adatbank.ro\/lexikon\/wp-json\/wp\/v2\/product_tag?post=6993"}],"curies":[{"name":"wp","href":"https:\/\/api.w.org\/{rel}","templated":true}]}}