{"id":6994,"date":"2025-06-28T18:11:33","date_gmt":"2025-06-28T16:11:33","guid":{"rendered":"https:\/\/uj.adatbank.ro\/lexikon\/termek\/dongolo-mihaly\/"},"modified":"2025-06-28T18:11:33","modified_gmt":"2025-06-28T16:11:33","slug":"dongolo-mihaly","status":"publish","type":"product","link":"https:\/\/uj.adatbank.ro\/lexikon\/termek\/dongolo-mihaly\/","title":{"rendered":"D\u00d6NG\u00d6L\u0150 Mih\u00e1ly"},"content":{"rendered":"<p>? \u2020\u00a0? : udvarb\u00edr\u00f3. \u2013 Remeteszegi L\u00e1z\u00e1r J\u00e1nos gr. udvarb\u00edr\u00f3ja, Letette a polg\u00e1ri esk\u0171t Mv.-en (1797). <br \/><strong>Irod.:<\/strong> P\u00e1l-Antal 2006<\/br><\/p>\n","protected":false},"excerpt":{"rendered":"<p>? \u2020\u00a0? : udvarb\u00edr\u00f3. \u2013 Remeteszegi L\u00e1z\u00e1r J\u00e1nos gr. udvarb\u00edr\u00f3ja, Letette a polg\u00e1ri esk\u0171t Mv.-en (1797). Irod.: P\u00e1l-Antal 2006<\/p>\n","protected":false},"featured_media":0,"comment_status":"open","ping_status":"closed","template":"","meta":[],"product_brand":[],"product_cat":[137],"product_tag":[],"class_list":{"0":"post-6994","1":"product","2":"type-product","3":"status-publish","5":"product_cat-maros-megyei-eletrajzi-lexikon","7":"first","8":"instock","9":"shipping-taxable","10":"product-type-simple"},"_links":{"self":[{"href":"https:\/\/uj.adatbank.ro\/lexikon\/wp-json\/wp\/v2\/product\/6994","targetHints":{"allow":["GET"]}}],"collection":[{"href":"https:\/\/uj.adatbank.ro\/lexikon\/wp-json\/wp\/v2\/product"}],"about":[{"href":"https:\/\/uj.adatbank.ro\/lexikon\/wp-json\/wp\/v2\/types\/product"}],"replies":[{"embeddable":true,"href":"https:\/\/uj.adatbank.ro\/lexikon\/wp-json\/wp\/v2\/comments?post=6994"}],"wp:attachment":[{"href":"https:\/\/uj.adatbank.ro\/lexikon\/wp-json\/wp\/v2\/media?parent=6994"}],"wp:term":[{"taxonomy":"product_brand","embeddable":true,"href":"https:\/\/uj.adatbank.ro\/lexikon\/wp-json\/wp\/v2\/product_brand?post=6994"},{"taxonomy":"product_cat","embeddable":true,"href":"https:\/\/uj.adatbank.ro\/lexikon\/wp-json\/wp\/v2\/product_cat?post=6994"},{"taxonomy":"product_tag","embeddable":true,"href":"https:\/\/uj.adatbank.ro\/lexikon\/wp-json\/wp\/v2\/product_tag?post=6994"}],"curies":[{"name":"wp","href":"https:\/\/api.w.org\/{rel}","templated":true}]}}