{"id":6996,"date":"2025-06-28T18:11:38","date_gmt":"2025-06-28T16:11:38","guid":{"rendered":"https:\/\/uj.adatbank.ro\/lexikon\/termek\/donner-cornel-donner-kornel\/"},"modified":"2025-06-28T18:11:38","modified_gmt":"2025-06-28T16:11:38","slug":"donner-cornel-donner-kornel","status":"publish","type":"product","link":"https:\/\/uj.adatbank.ro\/lexikon\/termek\/donner-cornel-donner-kornel\/","title":{"rendered":"DONNER Cornel, Donner Korn\u00e9l"},"content":{"rendered":"<p>? \u2020\u00a0? : f\u0151m\u00e9rn\u00f6k. \u2013 Ausztr\u00e1li\u00e1ba k\u00f6lt\u00f6z\u00f6tt (1924). K\u00f6nyvt\u00e1r\u00e1t a Mv.-i Kaszin\u00f3 v\u00e1s\u00e1rolta meg. \u2013 <strong>F. m.:<\/strong><strong>ford.:<\/strong> Regulament de aplicare a legii privitoare la circula\u0163ia automobilelor = Szab\u00e1lyzat az automobilok k\u00f6zleked\u00e9s\u00e9r\u0151l (Mv., \u00e9. n.). <br \/><strong>Irod.:<\/strong> Bi\u00e1s Istv\u00e1n; F\u00fcl\u00f6p\u2013Ferencz<\/br><\/p>\n","protected":false},"excerpt":{"rendered":"<p>? \u2020\u00a0? : f\u0151m\u00e9rn\u00f6k. \u2013 Ausztr\u00e1li\u00e1ba k\u00f6lt\u00f6z\u00f6tt (1924). K\u00f6nyvt\u00e1r\u00e1t a Mv.-i Kaszin\u00f3 v\u00e1s\u00e1rolta meg. \u2013 F. m.:ford.: Regulament de aplicare a legii privitoare la circula\u0163ia automobilelor = Szab\u00e1lyzat az automobilok k\u00f6zleked\u00e9s\u00e9r\u0151l (Mv., \u00e9. n.). Irod.: Bi\u00e1s Istv\u00e1n; F\u00fcl\u00f6p\u2013Ferencz<\/p>\n","protected":false},"featured_media":0,"comment_status":"open","ping_status":"closed","template":"","meta":[],"product_brand":[],"product_cat":[137],"product_tag":[],"class_list":{"0":"post-6996","1":"product","2":"type-product","3":"status-publish","5":"product_cat-maros-megyei-eletrajzi-lexikon","7":"first","8":"instock","9":"shipping-taxable","10":"product-type-simple"},"_links":{"self":[{"href":"https:\/\/uj.adatbank.ro\/lexikon\/wp-json\/wp\/v2\/product\/6996","targetHints":{"allow":["GET"]}}],"collection":[{"href":"https:\/\/uj.adatbank.ro\/lexikon\/wp-json\/wp\/v2\/product"}],"about":[{"href":"https:\/\/uj.adatbank.ro\/lexikon\/wp-json\/wp\/v2\/types\/product"}],"replies":[{"embeddable":true,"href":"https:\/\/uj.adatbank.ro\/lexikon\/wp-json\/wp\/v2\/comments?post=6996"}],"wp:attachment":[{"href":"https:\/\/uj.adatbank.ro\/lexikon\/wp-json\/wp\/v2\/media?parent=6996"}],"wp:term":[{"taxonomy":"product_brand","embeddable":true,"href":"https:\/\/uj.adatbank.ro\/lexikon\/wp-json\/wp\/v2\/product_brand?post=6996"},{"taxonomy":"product_cat","embeddable":true,"href":"https:\/\/uj.adatbank.ro\/lexikon\/wp-json\/wp\/v2\/product_cat?post=6996"},{"taxonomy":"product_tag","embeddable":true,"href":"https:\/\/uj.adatbank.ro\/lexikon\/wp-json\/wp\/v2\/product_tag?post=6996"}],"curies":[{"name":"wp","href":"https:\/\/api.w.org\/{rel}","templated":true}]}}