{"id":6997,"date":"2025-06-28T18:11:39","date_gmt":"2025-06-28T16:11:39","guid":{"rendered":"https:\/\/uj.adatbank.ro\/lexikon\/termek\/dorgo-antal\/"},"modified":"2025-06-28T18:11:39","modified_gmt":"2025-06-28T16:11:39","slug":"dorgo-antal","status":"publish","type":"product","link":"https:\/\/uj.adatbank.ro\/lexikon\/termek\/dorgo-antal\/","title":{"rendered":"DORG\u00d3 Antal"},"content":{"rendered":"<p>? \u2020\u00a0? : tan\u00edt\u00f3. \u2013 Mez\u0151banyic\u00e1ban tan\u00edtott a (19. sz. v\u00e9g\u00e9n). Neve az els\u0151 g\u00f6r. kat. rom\u00e1n tannyelv\u0171 iskola \u00e9p\u00edt\u00e9si szerz\u0151d\u00e9s\u00e9n tal\u00e1lhat\u00f3 (1878). <br \/><strong>Irod.:<\/strong> Lunca<\/br><\/p>\n","protected":false},"excerpt":{"rendered":"<p>? \u2020\u00a0? : tan\u00edt\u00f3. \u2013 Mez\u0151banyic\u00e1ban tan\u00edtott a (19. sz. v\u00e9g\u00e9n). Neve az els\u0151 g\u00f6r. kat. rom\u00e1n tannyelv\u0171 iskola \u00e9p\u00edt\u00e9si szerz\u0151d\u00e9s\u00e9n tal\u00e1lhat\u00f3 (1878). Irod.: Lunca<\/p>\n","protected":false},"featured_media":0,"comment_status":"open","ping_status":"closed","template":"","meta":[],"product_brand":[],"product_cat":[137],"product_tag":[],"class_list":{"0":"post-6997","1":"product","2":"type-product","3":"status-publish","5":"product_cat-maros-megyei-eletrajzi-lexikon","7":"first","8":"instock","9":"shipping-taxable","10":"product-type-simple"},"_links":{"self":[{"href":"https:\/\/uj.adatbank.ro\/lexikon\/wp-json\/wp\/v2\/product\/6997","targetHints":{"allow":["GET"]}}],"collection":[{"href":"https:\/\/uj.adatbank.ro\/lexikon\/wp-json\/wp\/v2\/product"}],"about":[{"href":"https:\/\/uj.adatbank.ro\/lexikon\/wp-json\/wp\/v2\/types\/product"}],"replies":[{"embeddable":true,"href":"https:\/\/uj.adatbank.ro\/lexikon\/wp-json\/wp\/v2\/comments?post=6997"}],"wp:attachment":[{"href":"https:\/\/uj.adatbank.ro\/lexikon\/wp-json\/wp\/v2\/media?parent=6997"}],"wp:term":[{"taxonomy":"product_brand","embeddable":true,"href":"https:\/\/uj.adatbank.ro\/lexikon\/wp-json\/wp\/v2\/product_brand?post=6997"},{"taxonomy":"product_cat","embeddable":true,"href":"https:\/\/uj.adatbank.ro\/lexikon\/wp-json\/wp\/v2\/product_cat?post=6997"},{"taxonomy":"product_tag","embeddable":true,"href":"https:\/\/uj.adatbank.ro\/lexikon\/wp-json\/wp\/v2\/product_tag?post=6997"}],"curies":[{"name":"wp","href":"https:\/\/api.w.org\/{rel}","templated":true}]}}