{"id":6998,"date":"2025-06-28T18:11:40","date_gmt":"2025-06-28T16:11:40","guid":{"rendered":"https:\/\/uj.adatbank.ro\/lexikon\/termek\/dorgo-istvan-aranykuti\/"},"modified":"2025-06-28T18:11:40","modified_gmt":"2025-06-28T16:11:40","slug":"dorgo-istvan-aranykuti","status":"publish","type":"product","link":"https:\/\/uj.adatbank.ro\/lexikon\/termek\/dorgo-istvan-aranykuti\/","title":{"rendered":"DORG\u00d3 Istv\u00e1n, aranykuti"},"content":{"rendered":"<p>? \u2020\u00a0? : hivatalnok. \u2013 Bels\u0151-Szolnok megye rektifik\u00e1tor biztosa (1805). Kozmatelk\u00e9n volt az udvarh\u00e1za, amely a Pataki Gy\u00f6rgy tulajdon\u00e1ba jutott. <br \/><strong>Irod.:<\/strong> Keresztes Gyula: \u00d6r\u00f6ks\u00e9g\u00fcnk 62.: A Mez\u0151s\u00e9g udvarh\u00e1zai (N\u00fa., 1994. aug. 12.)<\/br><\/p>\n","protected":false},"excerpt":{"rendered":"<p>? \u2020\u00a0? : hivatalnok. \u2013 Bels\u0151-Szolnok megye rektifik\u00e1tor biztosa (1805). Kozmatelk\u00e9n volt az udvarh\u00e1za, amely a Pataki Gy\u00f6rgy tulajdon\u00e1ba jutott. Irod.: Keresztes Gyula: \u00d6r\u00f6ks\u00e9g\u00fcnk 62.: A Mez\u0151s\u00e9g udvarh\u00e1zai (N\u00fa., 1994. aug. 12.)<\/p>\n","protected":false},"featured_media":0,"comment_status":"open","ping_status":"closed","template":"","meta":[],"product_brand":[],"product_cat":[137],"product_tag":[],"class_list":{"0":"post-6998","1":"product","2":"type-product","3":"status-publish","5":"product_cat-maros-megyei-eletrajzi-lexikon","7":"first","8":"instock","9":"shipping-taxable","10":"product-type-simple"},"_links":{"self":[{"href":"https:\/\/uj.adatbank.ro\/lexikon\/wp-json\/wp\/v2\/product\/6998","targetHints":{"allow":["GET"]}}],"collection":[{"href":"https:\/\/uj.adatbank.ro\/lexikon\/wp-json\/wp\/v2\/product"}],"about":[{"href":"https:\/\/uj.adatbank.ro\/lexikon\/wp-json\/wp\/v2\/types\/product"}],"replies":[{"embeddable":true,"href":"https:\/\/uj.adatbank.ro\/lexikon\/wp-json\/wp\/v2\/comments?post=6998"}],"wp:attachment":[{"href":"https:\/\/uj.adatbank.ro\/lexikon\/wp-json\/wp\/v2\/media?parent=6998"}],"wp:term":[{"taxonomy":"product_brand","embeddable":true,"href":"https:\/\/uj.adatbank.ro\/lexikon\/wp-json\/wp\/v2\/product_brand?post=6998"},{"taxonomy":"product_cat","embeddable":true,"href":"https:\/\/uj.adatbank.ro\/lexikon\/wp-json\/wp\/v2\/product_cat?post=6998"},{"taxonomy":"product_tag","embeddable":true,"href":"https:\/\/uj.adatbank.ro\/lexikon\/wp-json\/wp\/v2\/product_tag?post=6998"}],"curies":[{"name":"wp","href":"https:\/\/api.w.org\/{rel}","templated":true}]}}