{"id":6999,"date":"2025-06-28T18:11:42","date_gmt":"2025-06-28T16:11:42","guid":{"rendered":"https:\/\/uj.adatbank.ro\/lexikon\/termek\/dorgo-iuliu\/"},"modified":"2025-06-28T18:11:42","modified_gmt":"2025-06-28T16:11:42","slug":"dorgo-iuliu","status":"publish","type":"product","link":"https:\/\/uj.adatbank.ro\/lexikon\/termek\/dorgo-iuliu\/","title":{"rendered":"DORGO Iuliu"},"content":{"rendered":"<p>? \u2020\u00a0? : lelk\u00e9sz \u2013 Mez\u0151banyic\u00e1n volt pap, Vajol\u00e1ban is szog\u00e1lt (1949\u201354). A kommunista rendszer el\u00edt\u00e9ltje, b\u00f6rt\u00f6nben halt meg. <br \/><strong>Irod.:<\/strong> Iloaie; Ioni\u0163oiu; Reghin, Protopopiat<\/br><\/p>\n","protected":false},"excerpt":{"rendered":"<p>? \u2020\u00a0? : lelk\u00e9sz \u2013 Mez\u0151banyic\u00e1n volt pap, Vajol\u00e1ban is szog\u00e1lt (1949\u201354). A kommunista rendszer el\u00edt\u00e9ltje, b\u00f6rt\u00f6nben halt meg. Irod.: Iloaie; Ioni\u0163oiu; Reghin, Protopopiat<\/p>\n","protected":false},"featured_media":0,"comment_status":"open","ping_status":"closed","template":"","meta":[],"product_brand":[],"product_cat":[137],"product_tag":[],"class_list":{"0":"post-6999","1":"product","2":"type-product","3":"status-publish","5":"product_cat-maros-megyei-eletrajzi-lexikon","7":"first","8":"instock","9":"shipping-taxable","10":"product-type-simple"},"_links":{"self":[{"href":"https:\/\/uj.adatbank.ro\/lexikon\/wp-json\/wp\/v2\/product\/6999","targetHints":{"allow":["GET"]}}],"collection":[{"href":"https:\/\/uj.adatbank.ro\/lexikon\/wp-json\/wp\/v2\/product"}],"about":[{"href":"https:\/\/uj.adatbank.ro\/lexikon\/wp-json\/wp\/v2\/types\/product"}],"replies":[{"embeddable":true,"href":"https:\/\/uj.adatbank.ro\/lexikon\/wp-json\/wp\/v2\/comments?post=6999"}],"wp:attachment":[{"href":"https:\/\/uj.adatbank.ro\/lexikon\/wp-json\/wp\/v2\/media?parent=6999"}],"wp:term":[{"taxonomy":"product_brand","embeddable":true,"href":"https:\/\/uj.adatbank.ro\/lexikon\/wp-json\/wp\/v2\/product_brand?post=6999"},{"taxonomy":"product_cat","embeddable":true,"href":"https:\/\/uj.adatbank.ro\/lexikon\/wp-json\/wp\/v2\/product_cat?post=6999"},{"taxonomy":"product_tag","embeddable":true,"href":"https:\/\/uj.adatbank.ro\/lexikon\/wp-json\/wp\/v2\/product_tag?post=6999"}],"curies":[{"name":"wp","href":"https:\/\/api.w.org\/{rel}","templated":true}]}}