{"id":7000,"date":"2025-06-28T18:11:44","date_gmt":"2025-06-28T16:11:44","guid":{"rendered":"https:\/\/uj.adatbank.ro\/lexikon\/termek\/dorgo-iuliu-dorgo-janos\/"},"modified":"2025-06-28T18:11:44","modified_gmt":"2025-06-28T16:11:44","slug":"dorgo-iuliu-dorgo-janos","status":"publish","type":"product","link":"https:\/\/uj.adatbank.ro\/lexikon\/termek\/dorgo-iuliu-dorgo-janos\/","title":{"rendered":"DORGO Iuliu, Dorg\u00f3 J\u00e1nos"},"content":{"rendered":"<p>? \u2020 Mv., ?: sportorvos. \u2013 Mv.-en tev\u00e9kenykedett. Orvosk\u00e9nt r\u00e9szt vett Rom\u00e1nia nemzeti ker\u00e9kp\u00e1roz\u00f3 keret\u00e9ben, amely a B\u00e9keverseny-en szerepelt (1955, \u201356, \u201357, \u201358), ez\u00e1ltal nagy tapasztalatra tett szert, \u00e9s a tov\u00e1bbiakban kit\u0171n\u0151en foglalkozhatott a nemzeti v\u00e1logatott ker\u00e9kp\u00e1roz\u00f3 kerettel. T\u00f6bb tehets\u00e9g felfedez\u0151je (Szini Edmund, Pop Liviu, Dan A. \u00e9s m\u00e1sok), akik orsz\u00e1gos bajnoks\u00e1gokon szereztek Maros megy\u00e9nek d\u00edcs\u0151s\u00e9get (1959). <br \/><strong>Irod.:<\/strong> Ra\u0163iu: Sportul mure\u015fan<\/br><\/p>\n","protected":false},"excerpt":{"rendered":"<p>? \u2020 Mv., ?: sportorvos. \u2013 Mv.-en tev\u00e9kenykedett. Orvosk\u00e9nt r\u00e9szt vett Rom\u00e1nia nemzeti ker\u00e9kp\u00e1roz\u00f3 keret\u00e9ben, amely a B\u00e9keverseny-en szerepelt (1955, \u201356, \u201357, \u201358), ez\u00e1ltal nagy tapasztalatra tett szert, \u00e9s a tov\u00e1bbiakban kit\u0171n\u0151en foglalkozhatott a nemzeti v\u00e1logatott ker\u00e9kp\u00e1roz\u00f3 kerettel. T\u00f6bb tehets\u00e9g felfedez\u0151je (Szini Edmund, Pop Liviu, Dan A. \u00e9s m\u00e1sok), akik orsz\u00e1gos bajnoks\u00e1gokon szereztek Maros megy\u00e9nek [&hellip;]<\/p>\n","protected":false},"featured_media":0,"comment_status":"open","ping_status":"closed","template":"","meta":[],"product_brand":[],"product_cat":[137],"product_tag":[],"class_list":{"0":"post-7000","1":"product","2":"type-product","3":"status-publish","5":"product_cat-maros-megyei-eletrajzi-lexikon","7":"first","8":"instock","9":"shipping-taxable","10":"product-type-simple"},"_links":{"self":[{"href":"https:\/\/uj.adatbank.ro\/lexikon\/wp-json\/wp\/v2\/product\/7000","targetHints":{"allow":["GET"]}}],"collection":[{"href":"https:\/\/uj.adatbank.ro\/lexikon\/wp-json\/wp\/v2\/product"}],"about":[{"href":"https:\/\/uj.adatbank.ro\/lexikon\/wp-json\/wp\/v2\/types\/product"}],"replies":[{"embeddable":true,"href":"https:\/\/uj.adatbank.ro\/lexikon\/wp-json\/wp\/v2\/comments?post=7000"}],"wp:attachment":[{"href":"https:\/\/uj.adatbank.ro\/lexikon\/wp-json\/wp\/v2\/media?parent=7000"}],"wp:term":[{"taxonomy":"product_brand","embeddable":true,"href":"https:\/\/uj.adatbank.ro\/lexikon\/wp-json\/wp\/v2\/product_brand?post=7000"},{"taxonomy":"product_cat","embeddable":true,"href":"https:\/\/uj.adatbank.ro\/lexikon\/wp-json\/wp\/v2\/product_cat?post=7000"},{"taxonomy":"product_tag","embeddable":true,"href":"https:\/\/uj.adatbank.ro\/lexikon\/wp-json\/wp\/v2\/product_tag?post=7000"}],"curies":[{"name":"wp","href":"https:\/\/api.w.org\/{rel}","templated":true}]}}