{"id":7001,"date":"2025-06-28T18:11:49","date_gmt":"2025-06-28T16:11:49","guid":{"rendered":"https:\/\/uj.adatbank.ro\/lexikon\/termek\/dorgos-illes\/"},"modified":"2025-06-28T18:11:49","modified_gmt":"2025-06-28T16:11:49","slug":"dorgos-illes","status":"publish","type":"product","link":"https:\/\/uj.adatbank.ro\/lexikon\/termek\/dorgos-illes\/","title":{"rendered":"D\u00d6RG\u0150S Ill\u00e9s"},"content":{"rendered":"<p>Marosszentgy\u00f6rgy, 1905. szept. 5., \u2020 ? : pr\u00e9skezel\u0151, munk\u00e1sigazgat\u00f3. \u2013 A marosszentgy\u00f6rgyi T\u00e9gla- \u00e9s Agyaggy\u00e1r RT pr\u00e9sel\u0151munk\u00e1sa (1941\u2013). A v\u00e1llalat szakszervezeti aktivist\u00e1ja (1922\u2013). Tagja a RMP-nak (1947. szept. \u2013). Az \u00e1llamos\u00edt\u00e1skor a gy\u00e1r igazgat\u00f3j\u00e1v\u00e1 nevezt\u00e9k ki. (1948. j\u00fan. 11.). A rt. -ot megalakul\u00e1sa \u00f3ta vezette egy t\u00edztag\u00fa vezet\u0151tan\u00e1cs: dr. Rothmann J\u00f3zsef, dr. G\u00e1mentzy Jen\u0151, Buk Julianna, Speter G\u00e9za, dr. Pap Salamon, Buk P\u00e1l Dezs\u0151, Mezei Anna, Hark\u00f3 Ferenc, Senensich Alice \u00e9s Csath J\u00f3zsef (1912. febr. 22. \u2013). T\u00e9gl\u00e1t, cserepet \u00e9s m\u00e1s \u00e9p\u00edt\u0151ipari term\u00e9ket gy\u00e1rtottak 213 alkalmazottal. <br \/><strong>Irod.:<\/strong> Bartos Zolt\u00e1n<\/br><\/p>\n","protected":false},"excerpt":{"rendered":"<p>Marosszentgy\u00f6rgy, 1905. szept. 5., \u2020 ? : pr\u00e9skezel\u0151, munk\u00e1sigazgat\u00f3. \u2013 A marosszentgy\u00f6rgyi T\u00e9gla- \u00e9s Agyaggy\u00e1r RT pr\u00e9sel\u0151munk\u00e1sa (1941\u2013). A v\u00e1llalat szakszervezeti aktivist\u00e1ja (1922\u2013). Tagja a RMP-nak (1947. szept. \u2013). Az \u00e1llamos\u00edt\u00e1skor a gy\u00e1r igazgat\u00f3j\u00e1v\u00e1 nevezt\u00e9k ki. (1948. j\u00fan. 11.). A rt. -ot megalakul\u00e1sa \u00f3ta vezette egy t\u00edztag\u00fa vezet\u0151tan\u00e1cs: dr. Rothmann J\u00f3zsef, dr. G\u00e1mentzy Jen\u0151, Buk [&hellip;]<\/p>\n","protected":false},"featured_media":0,"comment_status":"open","ping_status":"closed","template":"","meta":[],"product_brand":[],"product_cat":[137],"product_tag":[],"class_list":{"0":"post-7001","1":"product","2":"type-product","3":"status-publish","5":"product_cat-maros-megyei-eletrajzi-lexikon","7":"first","8":"instock","9":"shipping-taxable","10":"product-type-simple"},"_links":{"self":[{"href":"https:\/\/uj.adatbank.ro\/lexikon\/wp-json\/wp\/v2\/product\/7001","targetHints":{"allow":["GET"]}}],"collection":[{"href":"https:\/\/uj.adatbank.ro\/lexikon\/wp-json\/wp\/v2\/product"}],"about":[{"href":"https:\/\/uj.adatbank.ro\/lexikon\/wp-json\/wp\/v2\/types\/product"}],"replies":[{"embeddable":true,"href":"https:\/\/uj.adatbank.ro\/lexikon\/wp-json\/wp\/v2\/comments?post=7001"}],"wp:attachment":[{"href":"https:\/\/uj.adatbank.ro\/lexikon\/wp-json\/wp\/v2\/media?parent=7001"}],"wp:term":[{"taxonomy":"product_brand","embeddable":true,"href":"https:\/\/uj.adatbank.ro\/lexikon\/wp-json\/wp\/v2\/product_brand?post=7001"},{"taxonomy":"product_cat","embeddable":true,"href":"https:\/\/uj.adatbank.ro\/lexikon\/wp-json\/wp\/v2\/product_cat?post=7001"},{"taxonomy":"product_tag","embeddable":true,"href":"https:\/\/uj.adatbank.ro\/lexikon\/wp-json\/wp\/v2\/product_tag?post=7001"}],"curies":[{"name":"wp","href":"https:\/\/api.w.org\/{rel}","templated":true}]}}