{"id":7003,"date":"2025-06-28T18:11:51","date_gmt":"2025-06-28T16:11:51","guid":{"rendered":"https:\/\/uj.adatbank.ro\/lexikon\/termek\/dorian-elena\/"},"modified":"2025-06-28T18:11:51","modified_gmt":"2025-06-28T16:11:51","slug":"dorian-elena","status":"publish","type":"product","link":"https:\/\/uj.adatbank.ro\/lexikon\/termek\/dorian-elena\/","title":{"rendered":"DORIAN Elena"},"content":{"rendered":"<p>G\u00f6rg\u00e9nyszentimre, 1916. m\u00e1rc. 1., \u2020\u00a0? : \u00f3v\u00f3n\u0151. \u2013 Dolgozott Erd\u0151szentgy\u00f6rgy\u00f6n, Szov\u00e1t\u00e1n, Sz\u00e9kelysz\u00e1ldoboson, D\u00e9v\u00e1n, Buk.-ben. Mv.-en igazgat\u00f3ja az Aug. 23. gy\u00e1r \u00f3v\u00f3d\u00e1j\u00e1nak. <br \/><strong>Irod.:<\/strong> Omagiu<\/br><\/p>\n","protected":false},"excerpt":{"rendered":"<p>G\u00f6rg\u00e9nyszentimre, 1916. m\u00e1rc. 1., \u2020\u00a0? : \u00f3v\u00f3n\u0151. \u2013 Dolgozott Erd\u0151szentgy\u00f6rgy\u00f6n, Szov\u00e1t\u00e1n, Sz\u00e9kelysz\u00e1ldoboson, D\u00e9v\u00e1n, Buk.-ben. Mv.-en igazgat\u00f3ja az Aug. 23. gy\u00e1r \u00f3v\u00f3d\u00e1j\u00e1nak. Irod.: Omagiu<\/p>\n","protected":false},"featured_media":0,"comment_status":"open","ping_status":"closed","template":"","meta":[],"product_brand":[],"product_cat":[137],"product_tag":[],"class_list":{"0":"post-7003","1":"product","2":"type-product","3":"status-publish","5":"product_cat-maros-megyei-eletrajzi-lexikon","7":"first","8":"instock","9":"shipping-taxable","10":"product-type-simple"},"_links":{"self":[{"href":"https:\/\/uj.adatbank.ro\/lexikon\/wp-json\/wp\/v2\/product\/7003","targetHints":{"allow":["GET"]}}],"collection":[{"href":"https:\/\/uj.adatbank.ro\/lexikon\/wp-json\/wp\/v2\/product"}],"about":[{"href":"https:\/\/uj.adatbank.ro\/lexikon\/wp-json\/wp\/v2\/types\/product"}],"replies":[{"embeddable":true,"href":"https:\/\/uj.adatbank.ro\/lexikon\/wp-json\/wp\/v2\/comments?post=7003"}],"wp:attachment":[{"href":"https:\/\/uj.adatbank.ro\/lexikon\/wp-json\/wp\/v2\/media?parent=7003"}],"wp:term":[{"taxonomy":"product_brand","embeddable":true,"href":"https:\/\/uj.adatbank.ro\/lexikon\/wp-json\/wp\/v2\/product_brand?post=7003"},{"taxonomy":"product_cat","embeddable":true,"href":"https:\/\/uj.adatbank.ro\/lexikon\/wp-json\/wp\/v2\/product_cat?post=7003"},{"taxonomy":"product_tag","embeddable":true,"href":"https:\/\/uj.adatbank.ro\/lexikon\/wp-json\/wp\/v2\/product_tag?post=7003"}],"curies":[{"name":"wp","href":"https:\/\/api.w.org\/{rel}","templated":true}]}}