{"id":7004,"date":"2025-06-28T18:11:52","date_gmt":"2025-06-28T16:11:52","guid":{"rendered":"https:\/\/uj.adatbank.ro\/lexikon\/termek\/dorschlag-karoly\/"},"modified":"2025-06-28T18:11:52","modified_gmt":"2025-06-28T16:11:52","slug":"dorschlag-karoly","status":"publish","type":"product","link":"https:\/\/uj.adatbank.ro\/lexikon\/termek\/dorschlag-karoly\/","title":{"rendered":"D\u00d6RSCHLAG K\u00e1roly"},"content":{"rendered":"<p>Hohen-Luckow, 1832. nov. 15., \u2020\u00a0Szeben, 1917. m\u00e1rc. 25.: f\u00e9nyk\u00e9p\u00e9sz, fest\u0151, rajztan\u00e1r. \u2013 N\u00e9meto. -b\u00f3l Erd\u00e9lybe telepedett (1862). Rajztan\u00e1r \u00e9s f\u00e9nyk\u00e9p\u00e9sz m\u0171terme volt Sz\u00e1szr\u00e9genben, majd Medgyesen \u00e9s Szebenben (1871\u2013). Az erd\u00e9lyi sz\u00e1sz fest\u00e9szet jeles k\u00e9pvisel\u0151je, arck\u00e9p- \u00e9s t\u00e1jk\u00e9pfest\u0151, egy nemzed\u00e9knek adott lend\u00fcletet a m\u0171v\u00e9szi alkot\u00e1shoz: Karl Ziegler, Robert Wellmann, Fritz Schullerus, Octavian Smigelschi, Arthur Coulin. \u2013 <strong>F. m.:<\/strong> olt\u00e1rk\u00e9pei vannak: Kissinken, Botfaluban, Fels\u0151sz\u00e1sz\u00fajfaluban, Csics\u00f3holdvil\u00e1gon, Szebenben, H\u00e1ss\u00e1gon, Petrozs\u00e9nyban, Borbereken vagy Vurpodon; \u00f6narck\u00e9pei a szebeni Brukenthal M\u00fazeumban; sz\u00e1mos portr\u00e9ja: G. D. Teutsch p\u00fcsp\u00f6k, Franz Gebbels, Dr. Wilhelm Bruckners. <br \/><strong>Irod.:<\/strong> LSS; Mikl\u00f3si-Sikes<\/br><\/p>\n","protected":false},"excerpt":{"rendered":"<p>Hohen-Luckow, 1832. nov. 15., \u2020\u00a0Szeben, 1917. m\u00e1rc. 25.: f\u00e9nyk\u00e9p\u00e9sz, fest\u0151, rajztan\u00e1r. \u2013 N\u00e9meto. -b\u00f3l Erd\u00e9lybe telepedett (1862). Rajztan\u00e1r \u00e9s f\u00e9nyk\u00e9p\u00e9sz m\u0171terme volt Sz\u00e1szr\u00e9genben, majd Medgyesen \u00e9s Szebenben (1871\u2013). Az erd\u00e9lyi sz\u00e1sz fest\u00e9szet jeles k\u00e9pvisel\u0151je, arck\u00e9p- \u00e9s t\u00e1jk\u00e9pfest\u0151, egy nemzed\u00e9knek adott lend\u00fcletet a m\u0171v\u00e9szi alkot\u00e1shoz: Karl Ziegler, Robert Wellmann, Fritz Schullerus, Octavian Smigelschi, Arthur Coulin. \u2013 [&hellip;]<\/p>\n","protected":false},"featured_media":0,"comment_status":"open","ping_status":"closed","template":"","meta":[],"product_brand":[],"product_cat":[137],"product_tag":[],"class_list":{"0":"post-7004","1":"product","2":"type-product","3":"status-publish","5":"product_cat-maros-megyei-eletrajzi-lexikon","7":"first","8":"instock","9":"shipping-taxable","10":"product-type-simple"},"_links":{"self":[{"href":"https:\/\/uj.adatbank.ro\/lexikon\/wp-json\/wp\/v2\/product\/7004","targetHints":{"allow":["GET"]}}],"collection":[{"href":"https:\/\/uj.adatbank.ro\/lexikon\/wp-json\/wp\/v2\/product"}],"about":[{"href":"https:\/\/uj.adatbank.ro\/lexikon\/wp-json\/wp\/v2\/types\/product"}],"replies":[{"embeddable":true,"href":"https:\/\/uj.adatbank.ro\/lexikon\/wp-json\/wp\/v2\/comments?post=7004"}],"wp:attachment":[{"href":"https:\/\/uj.adatbank.ro\/lexikon\/wp-json\/wp\/v2\/media?parent=7004"}],"wp:term":[{"taxonomy":"product_brand","embeddable":true,"href":"https:\/\/uj.adatbank.ro\/lexikon\/wp-json\/wp\/v2\/product_brand?post=7004"},{"taxonomy":"product_cat","embeddable":true,"href":"https:\/\/uj.adatbank.ro\/lexikon\/wp-json\/wp\/v2\/product_cat?post=7004"},{"taxonomy":"product_tag","embeddable":true,"href":"https:\/\/uj.adatbank.ro\/lexikon\/wp-json\/wp\/v2\/product_tag?post=7004"}],"curies":[{"name":"wp","href":"https:\/\/api.w.org\/{rel}","templated":true}]}}