{"id":7007,"date":"2025-06-28T18:11:59","date_gmt":"2025-06-28T16:11:59","guid":{"rendered":"https:\/\/uj.adatbank.ro\/lexikon\/termek\/dosa-adam\/"},"modified":"2025-06-28T18:11:59","modified_gmt":"2025-06-28T16:11:59","slug":"dosa-adam","status":"publish","type":"product","link":"https:\/\/uj.adatbank.ro\/lexikon\/termek\/dosa-adam\/","title":{"rendered":"D\u00d3SA \u00c1d\u00e1m"},"content":{"rendered":"<p>? \u2020\u00a01805.: gazdatiszt. \u2013 D. Andr\u00e1s \u00e9s Vizaknai Anna fia. Bern\u00e1d Erzs\u00e9bett\u0151l h\u00e1zass\u00e1gon kiv\u00fcl sz\u00fcletett n\u00e9gy gyermeke. K\u00e9t fia Gergely \u00e9s Andr\u00e1s \u00e9vekig pereskedtek testv\u00e9re gyermeke D. D\u00e1niellel a vagyon\u00e9rt. Hogy jussukat abban megv\u00e9dj\u00e9k jogi tanulm\u00e1nyt v\u00e9geztek. \u2013 A mv.-i ref. koll.-ban tanult Rh\u00e9dey Ferenc szolgadi\u00e1kjak\u00e9nt, nem tudta befejezni tanulm\u00e1nyait \u00e9s a Rh\u00e9deyek udvari szolg\u00e1lat\u00e1ba l\u00e9pett, gazdatiszt Erd\u0151szentgy\u00f6rgy\u00f6n Rh\u00e9dey Zsigmondn\u00e1l, majd otthon Ilencfalv\u00e1n gazd\u00e1lkodott. A megalakul\u00f3 marossz\u00e9ki folytonos t\u00e1bla \u00fcln\u00f6ke lett (1763. dec. 16.) \u00e9s Marossz\u00e9kben ad\u00f3\u00f6ssze\u00edr\u00f3i hivatalt v\u00e1llalt. <br \/><strong>Irod.:<\/strong> Benk\u0151 Samu; Keresztes 1995; P\u00e1l-Antal 2002<\/br><\/p>\n","protected":false},"excerpt":{"rendered":"<p>? \u2020\u00a01805.: gazdatiszt. \u2013 D. Andr\u00e1s \u00e9s Vizaknai Anna fia. Bern\u00e1d Erzs\u00e9bett\u0151l h\u00e1zass\u00e1gon kiv\u00fcl sz\u00fcletett n\u00e9gy gyermeke. K\u00e9t fia Gergely \u00e9s Andr\u00e1s \u00e9vekig pereskedtek testv\u00e9re gyermeke D. D\u00e1niellel a vagyon\u00e9rt. Hogy jussukat abban megv\u00e9dj\u00e9k jogi tanulm\u00e1nyt v\u00e9geztek. \u2013 A mv.-i ref. koll.-ban tanult Rh\u00e9dey Ferenc szolgadi\u00e1kjak\u00e9nt, nem tudta befejezni tanulm\u00e1nyait \u00e9s a Rh\u00e9deyek udvari szolg\u00e1lat\u00e1ba [&hellip;]<\/p>\n","protected":false},"featured_media":0,"comment_status":"open","ping_status":"closed","template":"","meta":[],"product_brand":[],"product_cat":[137],"product_tag":[],"class_list":{"0":"post-7007","1":"product","2":"type-product","3":"status-publish","5":"product_cat-maros-megyei-eletrajzi-lexikon","7":"first","8":"instock","9":"shipping-taxable","10":"product-type-simple"},"_links":{"self":[{"href":"https:\/\/uj.adatbank.ro\/lexikon\/wp-json\/wp\/v2\/product\/7007","targetHints":{"allow":["GET"]}}],"collection":[{"href":"https:\/\/uj.adatbank.ro\/lexikon\/wp-json\/wp\/v2\/product"}],"about":[{"href":"https:\/\/uj.adatbank.ro\/lexikon\/wp-json\/wp\/v2\/types\/product"}],"replies":[{"embeddable":true,"href":"https:\/\/uj.adatbank.ro\/lexikon\/wp-json\/wp\/v2\/comments?post=7007"}],"wp:attachment":[{"href":"https:\/\/uj.adatbank.ro\/lexikon\/wp-json\/wp\/v2\/media?parent=7007"}],"wp:term":[{"taxonomy":"product_brand","embeddable":true,"href":"https:\/\/uj.adatbank.ro\/lexikon\/wp-json\/wp\/v2\/product_brand?post=7007"},{"taxonomy":"product_cat","embeddable":true,"href":"https:\/\/uj.adatbank.ro\/lexikon\/wp-json\/wp\/v2\/product_cat?post=7007"},{"taxonomy":"product_tag","embeddable":true,"href":"https:\/\/uj.adatbank.ro\/lexikon\/wp-json\/wp\/v2\/product_tag?post=7007"}],"curies":[{"name":"wp","href":"https:\/\/api.w.org\/{rel}","templated":true}]}}