{"id":7008,"date":"2025-06-28T18:12:01","date_gmt":"2025-06-28T16:12:01","guid":{"rendered":"https:\/\/uj.adatbank.ro\/lexikon\/termek\/dosa-albert\/"},"modified":"2025-06-28T18:12:01","modified_gmt":"2025-06-28T16:12:01","slug":"dosa-albert","status":"publish","type":"product","link":"https:\/\/uj.adatbank.ro\/lexikon\/termek\/dosa-albert\/","title":{"rendered":"D\u00d3SA Albert"},"content":{"rendered":"<p>Makfalva, 1885. nov. 24., \u2020\u00a0? : tan\u00edt\u00f3. \u2013 Tan\u00edt\u00f3i oklevel\u00e9t Nagyenyeden szerezte (1905), Felm\u00e9ri Mih\u00e1lyt\u00f3l vette \u00e1t a makfalvi Wessel\u00e9nyi iskola vezet\u00e9s\u00e9t (1918\u2013). R\u00f6vid id\u0151 m\u00falva a Hangya Sz\u00f6vetkezet ellen\u0151re lett. A nagyenyedi Hangya Fogy. Sz\u00f6vetkez\u00e9s c. lapj\u00e1nak bels\u0151 munkat\u00e1rsa, majd a Sz\u00f6vetkez\u00e9s: Erd\u00e9lyi Hangya Fogy. Sz\u00f6vetkezettek hivatalos lapja, felel\u0151s szerk.-je Mv.-en (1940. okt. 15. \u201344. aug. 24.). \u2013 <strong>F. m.:<\/strong> <strong>t\u00e1rssz.:<\/strong> Jelent\u00e9s a Marosv\u00e1s\u00e1rhelyi Ref. Egyh\u00e1zk\u00f6zs\u00e9g 1911\u20131913 \u00e9vi egyh\u00e1zi sz\u00e1mad\u00e1sair\u00f3l, az egyh\u00e1zk\u00f6zs\u00e9g vagyoni helyzet\u00e9r\u0151l \u00e9s az 1915. \u00e9vi k\u00f6lts\u00e9gvet\u00e9s el\u0151terjeszt\u00e9se (Mv., 1914). <br \/><strong>Irod.:<\/strong> Guly\u00e1s; Makfalvi okt. t\u00f6rt.<\/br><\/p>\n","protected":false},"excerpt":{"rendered":"<p>Makfalva, 1885. nov. 24., \u2020\u00a0? : tan\u00edt\u00f3. \u2013 Tan\u00edt\u00f3i oklevel\u00e9t Nagyenyeden szerezte (1905), Felm\u00e9ri Mih\u00e1lyt\u00f3l vette \u00e1t a makfalvi Wessel\u00e9nyi iskola vezet\u00e9s\u00e9t (1918\u2013). R\u00f6vid id\u0151 m\u00falva a Hangya Sz\u00f6vetkezet ellen\u0151re lett. A nagyenyedi Hangya Fogy. Sz\u00f6vetkez\u00e9s c. lapj\u00e1nak bels\u0151 munkat\u00e1rsa, majd a Sz\u00f6vetkez\u00e9s: Erd\u00e9lyi Hangya Fogy. Sz\u00f6vetkezettek hivatalos lapja, felel\u0151s szerk.-je Mv.-en (1940. okt. 15. [&hellip;]<\/p>\n","protected":false},"featured_media":0,"comment_status":"open","ping_status":"closed","template":"","meta":[],"product_brand":[],"product_cat":[137],"product_tag":[],"class_list":{"0":"post-7008","1":"product","2":"type-product","3":"status-publish","5":"product_cat-maros-megyei-eletrajzi-lexikon","7":"first","8":"instock","9":"shipping-taxable","10":"product-type-simple"},"_links":{"self":[{"href":"https:\/\/uj.adatbank.ro\/lexikon\/wp-json\/wp\/v2\/product\/7008","targetHints":{"allow":["GET"]}}],"collection":[{"href":"https:\/\/uj.adatbank.ro\/lexikon\/wp-json\/wp\/v2\/product"}],"about":[{"href":"https:\/\/uj.adatbank.ro\/lexikon\/wp-json\/wp\/v2\/types\/product"}],"replies":[{"embeddable":true,"href":"https:\/\/uj.adatbank.ro\/lexikon\/wp-json\/wp\/v2\/comments?post=7008"}],"wp:attachment":[{"href":"https:\/\/uj.adatbank.ro\/lexikon\/wp-json\/wp\/v2\/media?parent=7008"}],"wp:term":[{"taxonomy":"product_brand","embeddable":true,"href":"https:\/\/uj.adatbank.ro\/lexikon\/wp-json\/wp\/v2\/product_brand?post=7008"},{"taxonomy":"product_cat","embeddable":true,"href":"https:\/\/uj.adatbank.ro\/lexikon\/wp-json\/wp\/v2\/product_cat?post=7008"},{"taxonomy":"product_tag","embeddable":true,"href":"https:\/\/uj.adatbank.ro\/lexikon\/wp-json\/wp\/v2\/product_tag?post=7008"}],"curies":[{"name":"wp","href":"https:\/\/api.w.org\/{rel}","templated":true}]}}