{"id":7009,"date":"2025-06-28T18:12:02","date_gmt":"2025-06-28T16:12:02","guid":{"rendered":"https:\/\/uj.adatbank.ro\/lexikon\/termek\/dosa-andras\/"},"modified":"2025-06-28T18:12:02","modified_gmt":"2025-06-28T16:12:02","slug":"dosa-andras","status":"publish","type":"product","link":"https:\/\/uj.adatbank.ro\/lexikon\/termek\/dosa-andras\/","title":{"rendered":"D\u00d3SA Andr\u00e1s"},"content":{"rendered":"<p>? \u2020 ?: ?. \u2013 Azt a vegyes bizotts\u00e1got vezette (1805), amely tiszt\u00e1zta az ort. \u00e9s g\u00f6r. kat. h\u00edvek hov\u00e1tartoz\u00e1s\u00e1t \u00e9s hozz\u00e1 igaz\u00edtotta az ort. \u00e9s g\u00f6r. kat. esperess\u00e9geket a k\u00f6zigazgat\u00e1si beoszt\u00e1shoz. <br \/><strong>Irod.:<\/strong> P\u00e1l-Antal<\/br><\/p>\n","protected":false},"excerpt":{"rendered":"<p>? \u2020 ?: ?. \u2013 Azt a vegyes bizotts\u00e1got vezette (1805), amely tiszt\u00e1zta az ort. \u00e9s g\u00f6r. kat. h\u00edvek hov\u00e1tartoz\u00e1s\u00e1t \u00e9s hozz\u00e1 igaz\u00edtotta az ort. \u00e9s g\u00f6r. kat. esperess\u00e9geket a k\u00f6zigazgat\u00e1si beoszt\u00e1shoz. Irod.: P\u00e1l-Antal<\/p>\n","protected":false},"featured_media":0,"comment_status":"open","ping_status":"closed","template":"","meta":[],"product_brand":[],"product_cat":[137],"product_tag":[],"class_list":{"0":"post-7009","1":"product","2":"type-product","3":"status-publish","5":"product_cat-maros-megyei-eletrajzi-lexikon","7":"first","8":"instock","9":"shipping-taxable","10":"product-type-simple"},"_links":{"self":[{"href":"https:\/\/uj.adatbank.ro\/lexikon\/wp-json\/wp\/v2\/product\/7009","targetHints":{"allow":["GET"]}}],"collection":[{"href":"https:\/\/uj.adatbank.ro\/lexikon\/wp-json\/wp\/v2\/product"}],"about":[{"href":"https:\/\/uj.adatbank.ro\/lexikon\/wp-json\/wp\/v2\/types\/product"}],"replies":[{"embeddable":true,"href":"https:\/\/uj.adatbank.ro\/lexikon\/wp-json\/wp\/v2\/comments?post=7009"}],"wp:attachment":[{"href":"https:\/\/uj.adatbank.ro\/lexikon\/wp-json\/wp\/v2\/media?parent=7009"}],"wp:term":[{"taxonomy":"product_brand","embeddable":true,"href":"https:\/\/uj.adatbank.ro\/lexikon\/wp-json\/wp\/v2\/product_brand?post=7009"},{"taxonomy":"product_cat","embeddable":true,"href":"https:\/\/uj.adatbank.ro\/lexikon\/wp-json\/wp\/v2\/product_cat?post=7009"},{"taxonomy":"product_tag","embeddable":true,"href":"https:\/\/uj.adatbank.ro\/lexikon\/wp-json\/wp\/v2\/product_tag?post=7009"}],"curies":[{"name":"wp","href":"https:\/\/api.w.org\/{rel}","templated":true}]}}