{"id":7010,"date":"2025-06-28T18:12:04","date_gmt":"2025-06-28T16:12:04","guid":{"rendered":"https:\/\/uj.adatbank.ro\/lexikon\/termek\/dosa-andras-2\/"},"modified":"2025-06-28T18:12:04","modified_gmt":"2025-06-28T16:12:04","slug":"dosa-andras-2","status":"publish","type":"product","link":"https:\/\/uj.adatbank.ro\/lexikon\/termek\/dosa-andras-2\/","title":{"rendered":"D\u00d3SA Andr\u00e1s"},"content":{"rendered":"<p>Mv., 1916. j\u00fal. 27., \u2020\u00a0Szov\u00e1ta, 2002. szept. 4.: gy\u00f3gyszer\u00e9sz. \u2013 D\u00f3sa Istv\u00e1n \u00e9s F\u00e1y Elvira (Fels\u0151vis\u00f3, 1889. m\u00e1rc. 31. -Szov\u00e1ta, 1979. nov. 29.) gy\u00f3gyszer\u00e9sz fia. \u2013 Kv.-on a Ref. koll.-ban \u00e9retts\u00e9gizett (1937). Anyja marosh\u00e9v\u00edzi gy\u00f3gyszert\u00e1r\u00e1ban gyakornok, Buk.-ben \u00e9s Bp.-en volt egyetemi hallgat\u00f3, gy\u00f3gyszer\u00e9sz oklevelet kapott a bp.-i P\u00e1zm\u00e1ny P\u00e9ter TE-en (1941. j\u00fan. 20.), ugyanitt v\u00e9dte meg a doktori \u00e9rtekez\u00e9s\u00e9t Adatok a magyarorsz\u00e1gi feny\u0151gyanta vizsg\u00e1lat\u00e1hoz. A gyanta gy\u00f3gyszer\u00e9szeti felhaszn\u00e1l\u00e1sa (1943. j\u00fan. 20). B\u00e9csben Humboldt-\u00f6szt\u0151nd\u00edjask\u00e9nt analitikai vizsg\u00e1latokat v\u00e9gzett. Ny\u00e1r\u00e1dszered\u00e1ban a Kov\u00e1cs D\u00e9nes gy\u00f3gyszert\u00e1r\u00e1ban alkalmazott (1945. jan. \u2013), a marosh\u00e9v\u00edzi gy\u00f3gyszert\u00e1rukban dolgozott, Sz\u00e1szr\u00e9genbe helyezt\u00e9k (1949\u2013), nyugd\u00edjaz\u00e1s\u00e1ig Szov\u00e1t\u00e1n volt gy\u00f3gyszer\u00e9sz (1951\u201379). <br \/><strong>Irod.:<\/strong> P\u00e9ter H. M.; P\u00e9ter H. M. 2013<\/br><\/p>\n","protected":false},"excerpt":{"rendered":"<p>Mv., 1916. j\u00fal. 27., \u2020\u00a0Szov\u00e1ta, 2002. szept. 4.: gy\u00f3gyszer\u00e9sz. \u2013 D\u00f3sa Istv\u00e1n \u00e9s F\u00e1y Elvira (Fels\u0151vis\u00f3, 1889. m\u00e1rc. 31. -Szov\u00e1ta, 1979. nov. 29.) gy\u00f3gyszer\u00e9sz fia. \u2013 Kv.-on a Ref. koll.-ban \u00e9retts\u00e9gizett (1937). Anyja marosh\u00e9v\u00edzi gy\u00f3gyszert\u00e1r\u00e1ban gyakornok, Buk.-ben \u00e9s Bp.-en volt egyetemi hallgat\u00f3, gy\u00f3gyszer\u00e9sz oklevelet kapott a bp.-i P\u00e1zm\u00e1ny P\u00e9ter TE-en (1941. j\u00fan. 20.), ugyanitt v\u00e9dte [&hellip;]<\/p>\n","protected":false},"featured_media":0,"comment_status":"open","ping_status":"closed","template":"","meta":[],"product_brand":[],"product_cat":[137],"product_tag":[],"class_list":{"0":"post-7010","1":"product","2":"type-product","3":"status-publish","5":"product_cat-maros-megyei-eletrajzi-lexikon","7":"first","8":"instock","9":"shipping-taxable","10":"product-type-simple"},"_links":{"self":[{"href":"https:\/\/uj.adatbank.ro\/lexikon\/wp-json\/wp\/v2\/product\/7010","targetHints":{"allow":["GET"]}}],"collection":[{"href":"https:\/\/uj.adatbank.ro\/lexikon\/wp-json\/wp\/v2\/product"}],"about":[{"href":"https:\/\/uj.adatbank.ro\/lexikon\/wp-json\/wp\/v2\/types\/product"}],"replies":[{"embeddable":true,"href":"https:\/\/uj.adatbank.ro\/lexikon\/wp-json\/wp\/v2\/comments?post=7010"}],"wp:attachment":[{"href":"https:\/\/uj.adatbank.ro\/lexikon\/wp-json\/wp\/v2\/media?parent=7010"}],"wp:term":[{"taxonomy":"product_brand","embeddable":true,"href":"https:\/\/uj.adatbank.ro\/lexikon\/wp-json\/wp\/v2\/product_brand?post=7010"},{"taxonomy":"product_cat","embeddable":true,"href":"https:\/\/uj.adatbank.ro\/lexikon\/wp-json\/wp\/v2\/product_cat?post=7010"},{"taxonomy":"product_tag","embeddable":true,"href":"https:\/\/uj.adatbank.ro\/lexikon\/wp-json\/wp\/v2\/product_tag?post=7010"}],"curies":[{"name":"wp","href":"https:\/\/api.w.org\/{rel}","templated":true}]}}