{"id":7011,"date":"2025-06-28T18:12:06","date_gmt":"2025-06-28T16:12:06","guid":{"rendered":"https:\/\/uj.adatbank.ro\/lexikon\/termek\/dosa-andras-makfalvi\/"},"modified":"2025-06-28T18:12:06","modified_gmt":"2025-06-28T16:12:06","slug":"dosa-andras-makfalvi","status":"publish","type":"product","link":"https:\/\/uj.adatbank.ro\/lexikon\/termek\/dosa-andras-makfalvi\/","title":{"rendered":"D\u00d3SA Andr\u00e1s, makfalvi"},"content":{"rendered":"<p>1690., \u2020\u00a01752: birtokos, f\u0151hadnagyi rangja volt. \u2013 Gergely \u00e9s hadr\u00e9vi Trauzner Bora fia. Feles\u00e9ge: Vizaknai Anna. \u2013 Th\u00f6k\u00f6ly h\u00edve volt, a barcas\u00e1gi csata el\u0151tt, nyolcvanadmag\u00e1val esk\u0171t tett, hogy Teleki Mih\u00e1lyt legy\u0151zi. A hagyom\u00e1ny szerint ig\u00e9ret\u00e9t bev\u00e1ltotta, \u00edgy esett el Teleki. A szentgericei hadiszeml\u00e9n a sz\u00e1zada kit\u00fcntet\u00e9st kapott. Erre a hagyom\u00e1nyra eml\u00e9kezve sok\u00e1ig \u00e9lt a sz\u00e9kely n\u00e9p sz\u00e1j\u00e1n, ha az esk\u0171 nyomat\u00e9k\u00e1t akarta kihangs\u00falyozni: a \u201eD\u00f3sa hitre mondom\u201d. R\u00e9szt vett a R\u00e1k\u00f3czi szabads\u00e1gharcaban, z\u00e1szl\u00f3tart\u00f3k\u00e9nt a cs\u00e1sz\u00e1riak fogs\u00e1gba esett Szeben k\u00f6rny\u00e9k\u00e9n, ahonnan k\u00e9s\u0151bb kegyelem \u00fatj\u00e1n szabadult. <br \/><strong>Irod.:<\/strong> K\u0151v\u00e1ry Kr\u00f3n. F\u00fcz. (1940. 4\/10); Makfalva; Nagy Iv\u00e1n; P\u00e1lmay, Wessel\u00e9nyi Istv\u00e1n<\/br><\/p>\n","protected":false},"excerpt":{"rendered":"<p>1690., \u2020\u00a01752: birtokos, f\u0151hadnagyi rangja volt. \u2013 Gergely \u00e9s hadr\u00e9vi Trauzner Bora fia. Feles\u00e9ge: Vizaknai Anna. \u2013 Th\u00f6k\u00f6ly h\u00edve volt, a barcas\u00e1gi csata el\u0151tt, nyolcvanadmag\u00e1val esk\u0171t tett, hogy Teleki Mih\u00e1lyt legy\u0151zi. A hagyom\u00e1ny szerint ig\u00e9ret\u00e9t bev\u00e1ltotta, \u00edgy esett el Teleki. A szentgericei hadiszeml\u00e9n a sz\u00e1zada kit\u00fcntet\u00e9st kapott. Erre a hagyom\u00e1nyra eml\u00e9kezve sok\u00e1ig \u00e9lt a sz\u00e9kely [&hellip;]<\/p>\n","protected":false},"featured_media":0,"comment_status":"open","ping_status":"closed","template":"","meta":[],"product_brand":[],"product_cat":[137],"product_tag":[],"class_list":{"0":"post-7011","1":"product","2":"type-product","3":"status-publish","5":"product_cat-maros-megyei-eletrajzi-lexikon","7":"first","8":"instock","9":"shipping-taxable","10":"product-type-simple"},"_links":{"self":[{"href":"https:\/\/uj.adatbank.ro\/lexikon\/wp-json\/wp\/v2\/product\/7011","targetHints":{"allow":["GET"]}}],"collection":[{"href":"https:\/\/uj.adatbank.ro\/lexikon\/wp-json\/wp\/v2\/product"}],"about":[{"href":"https:\/\/uj.adatbank.ro\/lexikon\/wp-json\/wp\/v2\/types\/product"}],"replies":[{"embeddable":true,"href":"https:\/\/uj.adatbank.ro\/lexikon\/wp-json\/wp\/v2\/comments?post=7011"}],"wp:attachment":[{"href":"https:\/\/uj.adatbank.ro\/lexikon\/wp-json\/wp\/v2\/media?parent=7011"}],"wp:term":[{"taxonomy":"product_brand","embeddable":true,"href":"https:\/\/uj.adatbank.ro\/lexikon\/wp-json\/wp\/v2\/product_brand?post=7011"},{"taxonomy":"product_cat","embeddable":true,"href":"https:\/\/uj.adatbank.ro\/lexikon\/wp-json\/wp\/v2\/product_cat?post=7011"},{"taxonomy":"product_tag","embeddable":true,"href":"https:\/\/uj.adatbank.ro\/lexikon\/wp-json\/wp\/v2\/product_tag?post=7011"}],"curies":[{"name":"wp","href":"https:\/\/api.w.org\/{rel}","templated":true}]}}