{"id":7012,"date":"2025-06-28T18:12:08","date_gmt":"2025-06-28T16:12:08","guid":{"rendered":"https:\/\/uj.adatbank.ro\/lexikon\/termek\/dosa-andras-makfalvi-2\/"},"modified":"2025-06-28T18:12:08","modified_gmt":"2025-06-28T16:12:08","slug":"dosa-andras-makfalvi-2","status":"publish","type":"product","link":"https:\/\/uj.adatbank.ro\/lexikon\/termek\/dosa-andras-makfalvi-2\/","title":{"rendered":"D\u00d3SA Andr\u00e1s, makfalvi"},"content":{"rendered":"<p>Makfalva, 1904. nov. 18., \u2020\u00a0?\u00a0: orvos dr., tan\u00e1rseg\u00e9d. \u2013 Oklevel\u00e9t Szegeden szerezte (1932), u. o. a B\u0151rklinika gyakornoka, tan\u00e1rseg\u00e9de (1940\u2013). Cikkeit k\u00f6z\u00f6lte az: Orvosi Hetilap, Gy\u00f3gy\u00e1szat, Muka\u00fcgyi Szemle. <br \/><strong>Irod.:<\/strong> Benk\u0151; Guly\u00e1s<\/br><\/p>\n","protected":false},"excerpt":{"rendered":"<p>Makfalva, 1904. nov. 18., \u2020\u00a0?\u00a0: orvos dr., tan\u00e1rseg\u00e9d. \u2013 Oklevel\u00e9t Szegeden szerezte (1932), u. o. a B\u0151rklinika gyakornoka, tan\u00e1rseg\u00e9de (1940\u2013). Cikkeit k\u00f6z\u00f6lte az: Orvosi Hetilap, Gy\u00f3gy\u00e1szat, Muka\u00fcgyi Szemle. Irod.: Benk\u0151; Guly\u00e1s<\/p>\n","protected":false},"featured_media":0,"comment_status":"open","ping_status":"closed","template":"","meta":[],"product_brand":[],"product_cat":[137],"product_tag":[],"class_list":{"0":"post-7012","1":"product","2":"type-product","3":"status-publish","5":"product_cat-maros-megyei-eletrajzi-lexikon","7":"first","8":"instock","9":"shipping-taxable","10":"product-type-simple"},"_links":{"self":[{"href":"https:\/\/uj.adatbank.ro\/lexikon\/wp-json\/wp\/v2\/product\/7012","targetHints":{"allow":["GET"]}}],"collection":[{"href":"https:\/\/uj.adatbank.ro\/lexikon\/wp-json\/wp\/v2\/product"}],"about":[{"href":"https:\/\/uj.adatbank.ro\/lexikon\/wp-json\/wp\/v2\/types\/product"}],"replies":[{"embeddable":true,"href":"https:\/\/uj.adatbank.ro\/lexikon\/wp-json\/wp\/v2\/comments?post=7012"}],"wp:attachment":[{"href":"https:\/\/uj.adatbank.ro\/lexikon\/wp-json\/wp\/v2\/media?parent=7012"}],"wp:term":[{"taxonomy":"product_brand","embeddable":true,"href":"https:\/\/uj.adatbank.ro\/lexikon\/wp-json\/wp\/v2\/product_brand?post=7012"},{"taxonomy":"product_cat","embeddable":true,"href":"https:\/\/uj.adatbank.ro\/lexikon\/wp-json\/wp\/v2\/product_cat?post=7012"},{"taxonomy":"product_tag","embeddable":true,"href":"https:\/\/uj.adatbank.ro\/lexikon\/wp-json\/wp\/v2\/product_tag?post=7012"}],"curies":[{"name":"wp","href":"https:\/\/api.w.org\/{rel}","templated":true}]}}