{"id":7013,"date":"2025-06-28T18:12:10","date_gmt":"2025-06-28T16:12:10","guid":{"rendered":"https:\/\/uj.adatbank.ro\/lexikon\/termek\/dosa-arpad-makfalvi\/"},"modified":"2025-06-28T18:12:10","modified_gmt":"2025-06-28T16:12:10","slug":"dosa-arpad-makfalvi","status":"publish","type":"product","link":"https:\/\/uj.adatbank.ro\/lexikon\/termek\/dosa-arpad-makfalvi\/","title":{"rendered":"D\u00d3SA \u00c1rp\u00e1d, makfalvi"},"content":{"rendered":"<p>1887., \u2020 ? : p\u00e1lyafelvigy\u00e1z\u00f3 a vas\u00fatn\u00e1l. \u2013 D\u00f3zsa Gy\u00f6rgy lesz\u00e1rmazottja. A M\u00c1V-n\u00e1l tervrajzok k\u00e9sz\u00edt\u00e9s\u00e9vel foglalkozott. Nyugd\u00edjaz\u00e1sa ut\u00e1n Makfalv\u00e1n \u00e9lt, presbiter volt a ref. egyh\u00e1zn\u00e1l, a hitelsz\u00f6vetkezet vezet\u0151je \u00e9s k\u00f6nyvel\u0151je. Nagy seg\u00edt\u00e9get ny\u00fajtott Balog Ferenc ref. lelk\u00e9sznek az \u00faj iskol\u00e1k fel\u00e9p\u00edt\u00e9sekor, mert ingyen k\u00e9sz\u00edtette el azok tervrajzait (1935 \u00e9s 1939). <br \/><strong>Irod.:<\/strong> Makfalvi okt. t\u00f6rt.; P\u00e1lmay<\/br><\/p>\n","protected":false},"excerpt":{"rendered":"<p>1887., \u2020 ? : p\u00e1lyafelvigy\u00e1z\u00f3 a vas\u00fatn\u00e1l. \u2013 D\u00f3zsa Gy\u00f6rgy lesz\u00e1rmazottja. A M\u00c1V-n\u00e1l tervrajzok k\u00e9sz\u00edt\u00e9s\u00e9vel foglalkozott. Nyugd\u00edjaz\u00e1sa ut\u00e1n Makfalv\u00e1n \u00e9lt, presbiter volt a ref. egyh\u00e1zn\u00e1l, a hitelsz\u00f6vetkezet vezet\u0151je \u00e9s k\u00f6nyvel\u0151je. Nagy seg\u00edt\u00e9get ny\u00fajtott Balog Ferenc ref. lelk\u00e9sznek az \u00faj iskol\u00e1k fel\u00e9p\u00edt\u00e9sekor, mert ingyen k\u00e9sz\u00edtette el azok tervrajzait (1935 \u00e9s 1939). Irod.: Makfalvi okt. t\u00f6rt.; P\u00e1lmay<\/p>\n","protected":false},"featured_media":0,"comment_status":"open","ping_status":"closed","template":"","meta":[],"product_brand":[],"product_cat":[137],"product_tag":[],"class_list":{"0":"post-7013","1":"product","2":"type-product","3":"status-publish","5":"product_cat-maros-megyei-eletrajzi-lexikon","7":"first","8":"instock","9":"shipping-taxable","10":"product-type-simple"},"_links":{"self":[{"href":"https:\/\/uj.adatbank.ro\/lexikon\/wp-json\/wp\/v2\/product\/7013","targetHints":{"allow":["GET"]}}],"collection":[{"href":"https:\/\/uj.adatbank.ro\/lexikon\/wp-json\/wp\/v2\/product"}],"about":[{"href":"https:\/\/uj.adatbank.ro\/lexikon\/wp-json\/wp\/v2\/types\/product"}],"replies":[{"embeddable":true,"href":"https:\/\/uj.adatbank.ro\/lexikon\/wp-json\/wp\/v2\/comments?post=7013"}],"wp:attachment":[{"href":"https:\/\/uj.adatbank.ro\/lexikon\/wp-json\/wp\/v2\/media?parent=7013"}],"wp:term":[{"taxonomy":"product_brand","embeddable":true,"href":"https:\/\/uj.adatbank.ro\/lexikon\/wp-json\/wp\/v2\/product_brand?post=7013"},{"taxonomy":"product_cat","embeddable":true,"href":"https:\/\/uj.adatbank.ro\/lexikon\/wp-json\/wp\/v2\/product_cat?post=7013"},{"taxonomy":"product_tag","embeddable":true,"href":"https:\/\/uj.adatbank.ro\/lexikon\/wp-json\/wp\/v2\/product_tag?post=7013"}],"curies":[{"name":"wp","href":"https:\/\/api.w.org\/{rel}","templated":true}]}}