{"id":7016,"date":"2025-06-28T18:12:16","date_gmt":"2025-06-28T16:12:16","guid":{"rendered":"https:\/\/uj.adatbank.ro\/lexikon\/termek\/dosa-elek-%c2%a7-makfalvi-es-uzpaniti\/"},"modified":"2025-06-28T18:12:16","modified_gmt":"2025-06-28T16:12:16","slug":"dosa-elek-%c2%a7-makfalvi-es-uzpaniti","status":"publish","type":"product","link":"https:\/\/uj.adatbank.ro\/lexikon\/termek\/dosa-elek-%c2%a7-makfalvi-es-uzpaniti\/","title":{"rendered":"D\u00d3SA Elek, \u00a7 makfalvi \u00e9s uzpaniti"},"content":{"rendered":"<p>Mv., 1803. m\u00e1rc. 15., \u2020 Pest, 1867. nov. 19., a Mv.-i ref. temet\u0151be feles\u00e9ge mell\u00e9 temett\u00e9k (1867. nov. 27.): jogtan\u00e1r, jogtud\u00f3s, publicista, korm\u00e1nybiztos. \u2013 Gergely fia. Testv\u00e9rei: Lajos; R\u00e1khel V\u00e1lyi K\u00e1rolyn\u00e9 \u00e9s Istv\u00e1n. Feles\u00e9ge: 1. Gyarmati Kata (\u2020 Mv., 1849. m\u00e1j. 20.). Gyermekeik: Mikl\u00f3s \u00e9s Katalin. 2. Gyarmati V. Ter\u00e9z (1815\u20131864. m\u00e1rc. 24.). \u2013 Tanult Mv.-en a Ref. Koll.-ban (1810\u201325), uo. a filol\u00f3giai oszt\u00e1lyban k\u00f6ztan\u00edt\u00f3 (1825). S\u00e1rospatakon K\u00f6vy S\u00e1ndorn\u00e1l ta\u00adnult (1827); gyakornokoskod\u00e1s ut\u00e1n a b\u00fcntet\u0151jogb\u00f3l, r\u00f3mai jogb\u00f3l \u00e9s egyh\u00e1zjogb\u00f3l nyert oklevelet Pesten, majd \u00fcgyv\u00e9di vizsg\u00e1t (1828) \u00e9s jogi doktori szigorlatokat tett (1829) \u00e9s ezzel Erd\u00e9lyben az els\u0151 jogi doktor lett. N\u00e9meto.-i egyetemeken gyarap\u00edtotta tud\u00e1s\u00e1t (1830). A mv.-i ref. jogakad. -\u00e1n \u00f6r\u00f6k\u00f6lte apja tansz\u00e9k\u00e9t, tan\u00edtott jogot 41 \u00e9vig (1831. jan. 22. \u2013). El\u0151ad\u00e1sait a Kir. T\u00e1bla kancellist\u00e1i is hallgatt\u00e1k. A Mv.-i Kaszin\u00f3 alap\u00edt\u00f3tagja, els\u0151 jegyz\u0151je (1832). Megteremtette az alapj\u00e1t a makfalvi Wessel\u00e9nyi-f\u00e9le iskola sz\u00e1m\u00e1ra (1834), ami m\u0171k\u00f6d\u00f6tt sz\u00e1z \u00e9ven. A mv.-i Kaszin\u00f3 alap\u00edt\u00f3 tagja (1832), az alap\u00edt\u00f3 k\u00f6rlev\u00e9l megfogalmaz\u00f3ja, titk\u00e1ra. Marossz\u00e9k k\u00f6zgy\u0171l\u00e9sein vez\u00e9rsz\u00f3nok volt, Bars \u00e9s Zempl\u00e9n megye t\u00e1blab\u00edr\u00f3ja. A 48-as forradalomban Sz\u00e9chenyi elveit vallotta. Korm\u00e1nybiztosk\u00e9nt m\u0171k\u00f6d\u00f6tt Brass\u00f3-ker\u00fcletben (1849. \u00e1pr. 19. -j\u00fal.); ez\u00e9rt a szabads\u00e1gharc lever\u00e9se ut\u00e1n az osztr\u00e1k korm\u00e1ny Mv.-re intern\u00e1lta \u00e9s vagyon\u00e1t lefoglalta, a pesti hadit\u00f6rv\u00e9nysz\u00e9k el\u00e9 id\u00e9zt\u00e9k \u00e9s n\u00e9gy \u00e9vi v\u00e1rfogs\u00e1gra \u00e9s javainak elveszt\u00e9s\u00e9re \u00edt\u00e9lt\u00e9k (Szeben, Josefstadt, 1852. m\u00e1j. 9. \u2013), f\u00e9l\u00e9vi raboskod\u00e1s ut\u00e1n kegyelembe r\u00e9szes\u00fclt, de tan\u00e1ri hivat\u00e1s\u00e1t nem gyakorolhatta. Ezut\u00e1n a Mv-en \u00fcgyv\u00e9d, a koll. \u00e9s mag\u00e1n szem\u00e9lyek jog\u00fcgyeivel foglalkozott; a ref. egyh\u00e1z al- (1857\u2013), majd f\u0151gondnoka (1865\u2013); telket adom\u00e1nyozott a kakasdi ref. k\u0151templom \u00e9p\u00edt\u00e9s\u00e9re (1860). \u00dajra tan\u00edtott a jogi tansz\u00e9ken (1862\u201367). A politikai viszonyok jobbra fordult\u00e1val kil\u00e9pett hosszas visszavonults\u00e1g\u00e1b\u00f3l \u00e9s a kv.-i gy\u0171l\u00e9sen, mint Mv. k\u00e9pvisel\u0151je jelent meg (1865). Teleki J\u00f3zsef, erd\u00e9lyi korm\u00e1nyz\u00f3 megb\u00edz\u00e1s\u00e1b\u00f3l megszerkesztette az Erd\u00e9ly szok\u00e1sos t\u00f6rv\u00e9nyeit, ami Erd\u00e9lyhoni jogtudom\u00e1ny c. jelent meg, amely m\u0171vet k\u00e9s\u0151bb a MTA 200 arany nagyjutalomban r\u00e9szes\u00edtette (1866). Az uni\u00f3 kimond\u00e1sa ut\u00e1n Mv. k\u00e9pvisel\u0151j\u00e9v\u00e9 v\u00e1lasztott\u00e1k a pesti ogy. -be (1866\u2013), nemsok\u00e1ra a k\u00e9pvisel\u0151h\u00e1z egyik aleln\u00f6ke lett (1867). A kiegyez\u00e9si t\u00e1rgyal\u00e1sok idej\u00e9n a De\u00e1k-p\u00e1rthoz csatlako\u00adzott. Nemcsak a tan\u00e1ri sz\u00e9kben \u00e9s a politikai \u00e9letben de a jogirodalom ter\u00fclet\u00e9n is kit\u00fcnt. Nagy \u00f6sszefoglal\u00f3 m\u0171vekben rendszerezte a feud\u00e1lizmus kor\u00e1nak erd\u00e9lyi jogalkot\u00e1s\u00e1t. K\u00e9zik\u00f6nyveiben, el\u0151ad\u00e1saiban, cikkeiben az \u201eegys\u00e9ges sz\u00e9kely nemzet\u201d elm\u00e9let\u00e9t bizonygatta, a jogfosztott jobb\u00e1gyokat \u00e9s zsell\u00e9reket nem tekintette sz\u00e9kelynek. Koncepci\u00f3j\u00e1val szembesz\u00e1llt Wessel\u00e9nyi Mikl\u00f3s, Kem\u00e9ny Zsigmond, K\u0151v\u00e1ry L\u00e1szl\u00f3. M\u0171vei jelent\u00e9keny befoly\u00e1ssal voltak a m. jogismeretek terjeszt\u00e9s\u00e9re \u00e9s a jogtudom\u00e1ny fejl\u0151d\u00e9s\u00e9re. A forradalom lever\u00e9se ut\u00e1n meg\u00edrta visszaeml\u00e9kez\u00e9seit Marossz\u00e9k c., a k\u00e9zirat a Dessewffy-csal\u00e1d lev\u00e9lt\u00e1r\u00e1ban a M. Orsz\u00e1gos Lev\u00e9lt\u00e1r P szekci\u00f3j\u00e1ban tal\u00e1lhat\u00f3, 54 lap terjedelm\u0171 (1850. \u00e1pr.). Bar\u00e1ti kapcsolatot \u00e1polt Bolyai J\u00e1nossal. Cikkei, tanulm\u00e1nyai: Nemzeti T\u00e1rsalkod\u00f3, M\u00falt \u00e9s Jelen-ben jelentek meg. Ravatala, mint az orsz\u00e1g halottj\u00e1nak, a Nemzeti M\u00fazeum oszlopcsarnok\u00e1ban volt fel\u00e1ll\u00edtva. A MTA levelez\u0151 (1861\u2013), majd tiszteleti tagja volt (1865\u2013). Voczelka Ede gy\u00e1szdalt szerzett hal\u00e1l\u00e1ra. Mv.-en utca viseli nev\u00e9t (2010\u2013). Portr\u00e9j\u00e1t Bo\u00e9r M\u00e1rton festette meg. \u2013 <strong>F. m.:<\/strong> A makfalvi oskola f\u00f6l\u00e1ll\u00edt\u00e1s\u00e1r\u00f3l jelent\u00e9s (Mv., 1833); Erd\u00e9lyhoni jogtudom\u00e1ny, melyet az alkotm\u00e1nyos Erd\u00e9lyhonban az 1000. \u00e9v \u00f3ta t\u00f6rv\u00e9nyszer\u0171en k\u00f6lt s az 1849. \u00e9vig \u00e9rv\u00e9nyess\u00e9ggel birt t\u00f6rv\u00e9nyek \u00e9s szok\u00e1sok szerint szerkesztve. 1\u20133 k\u00f6t. (Kv., 1861); Az erd\u00e9lyhoni evang\u00e9lico-reform\u00e1tusok egyh\u00e1zi jogtana (Pest, 1863); Szab\u00e1lyrendelet Marostotda v\u00e1rmegye ter\u00fclet\u00e9n a m. kir. \u00e1llamrend\u00e9szet kezel\u00e9se alatt \u00e1ll\u00f3 erd\u0151birtokokn\u00e1l az erd\u0151-\u0151ri szem\u00e9lyzet szervez\u00e9se ir\u00e1nt (Mv., 1896); A h\u00e1rom politikai rendszerr\u0151l honi tapasztal\u00e1sok szerint (? ); Forr\u00e1sk\u00f6zl\u00e9s: D. E. Marossz\u00e9k: Mv. \u00e9s vid\u00e9ke t\u00f6rt\u00e9neteib\u0151l az \u00fagynevezett m\u00e1rciusi napok \u00f3ta mostanig, \u00edratott Mv.-en 1850 \u00e1prilis\u00e1ban (Hadt\u00f6rt\u00e9nelmi k\u00f6zlem\u00e9nyek, 1. sz., 2012. m\u00e1rc.); K\u00e9zirat: Vers\u00edr\u00e1si pr\u00f3bagyakorlatok magyarul \u00e9s latinul (1816\u201317); Extractus juris prudentia (1827); Extractus juris prudentia de regni Hungaria (1828); Brevis extractus institutionum juris criminalis hungarici (1828); Extractus juris civilio civilis romani (1828); Procognoscenda historico juridica juri civili romani (1828); Extractus juris natura (1828); Extractus juris canonici (1828); A nemtelen j\u00f3sz\u00e1got nem b\u00edrhat\u00a0? (Josefstadt, 1852); Levelei Bod P\u00e9terhez (a mv. i koll. k\u00f6nyvt\u00e1r\u00e1ban, 1823\u201363); A jogbiztons\u00e1g felt\u00e9tel\u00e9r\u0151l (Pest, 1866). <br \/><strong>Irod.:<\/strong> Apa \u00e9s fi\u00fa k\u00fczdelme a k\u00f3rokkal: Ol\u00e1h Anna: Bolyai Farkas gy\u00f3gy\u00e1szati munk\u00e1ss\u00e1ga; Vofkori J\u00f3zsef: Bolyai J\u00e1nos betegs\u00e9gei kordokumentumok \u00e9s a modern orvostudom\u00e1ny t\u00fckr\u00e9ben (Mv., 2005); Apor \u2013 Ol\u00e1h-G\u00e1l; Asztalos 1998; Bi\u00e1s Istv\u00e1n; Benk\u0151 Samu; Be\u00f6thy \u00c1kos: A m. \u00e1llamis\u00e1g fejl\u0151d\u00e9se, k\u00fczdelmei (Bp., s. a.); Berzeviczy Albert: Az abszolutizmus kora Mo.-on (Bp., 1922\u201337); Daniel album (Sz\u00e9kelyudvarhely, 1892); D. E. [Nekrol\u00f3g] (Sz\u00e9kely K\u00f6zl\u00f6ny, 1867. nov. 26.; Gy\u00e1sz\u00fcnnep\u00e9lye, 1868. m\u00e1j. 2.); D\u00f3sa csal\u00e1d; Eml\u00e9kbesz\u00e9dek a MTA tagjai felett (Bp., 1904); Endes Mikl\u00f3s: Erd\u00e9ly h\u00e1rom nemzete \u00e9s n\u00e9gy vall\u00e1sa autonomi\u00e1j\u00e1nak t\u00f6rt\u00e9nete (Bp., 1935); Er\u0151s v\u00e1runk; F\u00fcl\u00f6p D\u00e9nes: Adt\u00e1k a sz\u00e9kelyek Wessel\u00e9nyinek (N\u00fa., 1990. szept. 19.); F\u00fcl\u00f6p Ir\u00e9n: \u00ab. Georgius Dosa Siculus de Makfalwa in sede Maros existente. \u00ab (N\u00fa., 1997. \u00e1pr. 26.); G\u00e1ldi L\u00e1szl\u00f3: Siebenb\u00fcrgen im Aufbau der ungarischen Kultur (Bp. -Leipzig-Milano, s. a.); Gergely P\u00e1l: Sz\u00e9kely vil\u00e1gj\u00e1r\u00f3k; Guly\u00e1s; Gy\u00e1szjelent\u0151; Id\u0151t\u00e1r 1; Id\u0151t\u00e1r 2; Kelemen Lajos; Kiss-K\u00e1lm\u00e1n-Bierbrunner; Koncz; Ko\u00f3s Ferenc: \u00c9letem \u00e9s eml\u00e9keim (Brass\u00f3, 1890); K\u00f6peczi De\u00e1k Albert: Parlamenti korm\u00e1nyrendszer Mo.-on (Bp., 1912); K\u0151v\u00e1ry L\u00e1szl\u00f3; Lakatos S\u00e1muel: \u00d6tven \u00e9v a mv.-i Casino \u00e9let\u00e9b\u0151l 1833\u201383 (Mv., 1886); A m. nemzet t\u00f6rt\u00e9nete (Bp., 1895\u201398); Makfalvi okt. t\u00f6rt.; M\u00e1th\u00e9-Haller; M\u00c9L; MNL; Molter 2.; A MTA els\u0151 \u00e9vsz\u00e1zada (Bp., 1926\u201328); Mv.-i ref. temet\u0151; Ol\u00e1h-G\u00e1l R\u00f3bert: A mv.-i Ref. Koll. anyagi helyzete (N\u00fa., Sz\u00ednes Vil\u00e1g, 2012. szept. 1.); Paget; Papp Mikl\u00f3s K : Itt is ott is (Bp., s. a.); Par\u00e1di; P\u00e1l-Antal; P\u00e1l-Antal 2002; P\u00e1l-Antal 2009; P\u00e1lffy; P\u00e1lmay; P\u00e1lmay J\u00f3zsef; RNL; Rugonfalvi Kiss; Sikl\u00f3ssy; Somogyi Gr\u00e9ta: Egy mv.-i jogtud\u00f3r \u00e9s politikus, D\u00f3sa Elek \u00e9let\u00e9r\u0151l= Somogyi Gr\u00e9ta: D\u00f3sa Elek: Marossz\u00e9k (Hadt\u00f6rt\u00e9nelmi k\u00f6zlem\u00e9nyek, 1. sz., 2012. m\u00e1rc.); Szab\u00f3 S\u00e1muel: Makfalvi D. E. (Sz\u00e9kely K\u00f6zl\u00f6ny, 1867. nov. 26.); Sz\u00e1sz B\u00e9la: Gy\u00e1szbesz\u00e9d D. E. felett, 1867. nov. 27. (Mv., 1868); Sz\u00e9kelykakasd; Sz\u00e9kelys\u00e9g t\u00f6rt ; Szentgy\u00f6rgyi; Szinnyei; Szinnyei J\u00f3zsef; Todea\u2013F\u00fcl\u00f6p\u2013Avram; Thury; T\u00f3falvi Zolt\u00e1n: 1848 m\u00e1rciusa a Sz\u00e9kelyf\u00f6ld\u00f6n, Mv.-en (N\u00fa., 1998. m\u00e1rc. 12\u201313.); Transilvania; \u00daM\u00c9L; \u00dcrm\u00f6ssy Lajos: Erd\u00e9ly ir\u00e1nyad\u00f3 lapja 1830\u201340 es \u00e9vekben (Kv., 1907); Vas\u00e1rnapi \u00dajs\u00e1g (1867. nov. 24\u00a0); V\u00e1zlatok a MTA f\u00e9lsz\u00e1zados t\u00f6rt\u00e9net\u00e9b\u0151l (Bp., 1881); Veress<\/br><\/p>\n","protected":false},"excerpt":{"rendered":"<p>Mv., 1803. m\u00e1rc. 15., \u2020 Pest, 1867. nov. 19., a Mv.-i ref. temet\u0151be feles\u00e9ge mell\u00e9 temett\u00e9k (1867. nov. 27.): jogtan\u00e1r, jogtud\u00f3s, publicista, korm\u00e1nybiztos. \u2013 Gergely fia. Testv\u00e9rei: Lajos; R\u00e1khel V\u00e1lyi K\u00e1rolyn\u00e9 \u00e9s Istv\u00e1n. Feles\u00e9ge: 1. Gyarmati Kata (\u2020 Mv., 1849. m\u00e1j. 20.). Gyermekeik: Mikl\u00f3s \u00e9s Katalin. 2. Gyarmati V. Ter\u00e9z (1815\u20131864. m\u00e1rc. 24.). \u2013 Tanult [&hellip;]<\/p>\n","protected":false},"featured_media":0,"comment_status":"open","ping_status":"closed","template":"","meta":[],"product_brand":[],"product_cat":[137],"product_tag":[],"class_list":{"0":"post-7016","1":"product","2":"type-product","3":"status-publish","5":"product_cat-maros-megyei-eletrajzi-lexikon","7":"first","8":"instock","9":"shipping-taxable","10":"product-type-simple"},"_links":{"self":[{"href":"https:\/\/uj.adatbank.ro\/lexikon\/wp-json\/wp\/v2\/product\/7016","targetHints":{"allow":["GET"]}}],"collection":[{"href":"https:\/\/uj.adatbank.ro\/lexikon\/wp-json\/wp\/v2\/product"}],"about":[{"href":"https:\/\/uj.adatbank.ro\/lexikon\/wp-json\/wp\/v2\/types\/product"}],"replies":[{"embeddable":true,"href":"https:\/\/uj.adatbank.ro\/lexikon\/wp-json\/wp\/v2\/comments?post=7016"}],"wp:attachment":[{"href":"https:\/\/uj.adatbank.ro\/lexikon\/wp-json\/wp\/v2\/media?parent=7016"}],"wp:term":[{"taxonomy":"product_brand","embeddable":true,"href":"https:\/\/uj.adatbank.ro\/lexikon\/wp-json\/wp\/v2\/product_brand?post=7016"},{"taxonomy":"product_cat","embeddable":true,"href":"https:\/\/uj.adatbank.ro\/lexikon\/wp-json\/wp\/v2\/product_cat?post=7016"},{"taxonomy":"product_tag","embeddable":true,"href":"https:\/\/uj.adatbank.ro\/lexikon\/wp-json\/wp\/v2\/product_tag?post=7016"}],"curies":[{"name":"wp","href":"https:\/\/api.w.org\/{rel}","templated":true}]}}