{"id":7018,"date":"2025-06-28T18:12:20","date_gmt":"2025-06-28T16:12:20","guid":{"rendered":"https:\/\/uj.adatbank.ro\/lexikon\/termek\/dosa-elek-makfalvi-2\/"},"modified":"2025-06-28T18:12:20","modified_gmt":"2025-06-28T16:12:20","slug":"dosa-elek-makfalvi-2","status":"publish","type":"product","link":"https:\/\/uj.adatbank.ro\/lexikon\/termek\/dosa-elek-makfalvi-2\/","title":{"rendered":"D\u00d3SA Elek, makfalvi"},"content":{"rendered":"<p>1885., \u2020\u00a01912. m\u00e1j. 1. Makfalva, csal\u00e1di s\u00edrbolt: jog\u00e1sz, tb. f\u0151szolgab\u00edr\u00f3. \u2013 Elek alisp\u00e1n fia. Testv\u00e9rei: Emma, Sassy Szab\u00f3 P\u00e1ln\u00e9; Ilona, dr. Reichardsperg Lajosn\u00e9; Magda, Ziegler Albertn\u00e9. <br \/><strong>Irod.:<\/strong> Gy\u00e1szjelent\u0151; P\u00e1lmay<\/br><\/p>\n","protected":false},"excerpt":{"rendered":"<p>1885., \u2020\u00a01912. m\u00e1j. 1. Makfalva, csal\u00e1di s\u00edrbolt: jog\u00e1sz, tb. f\u0151szolgab\u00edr\u00f3. \u2013 Elek alisp\u00e1n fia. Testv\u00e9rei: Emma, Sassy Szab\u00f3 P\u00e1ln\u00e9; Ilona, dr. Reichardsperg Lajosn\u00e9; Magda, Ziegler Albertn\u00e9. Irod.: Gy\u00e1szjelent\u0151; P\u00e1lmay<\/p>\n","protected":false},"featured_media":0,"comment_status":"open","ping_status":"closed","template":"","meta":[],"product_brand":[],"product_cat":[137],"product_tag":[],"class_list":{"0":"post-7018","1":"product","2":"type-product","3":"status-publish","5":"product_cat-maros-megyei-eletrajzi-lexikon","7":"first","8":"instock","9":"shipping-taxable","10":"product-type-simple"},"_links":{"self":[{"href":"https:\/\/uj.adatbank.ro\/lexikon\/wp-json\/wp\/v2\/product\/7018","targetHints":{"allow":["GET"]}}],"collection":[{"href":"https:\/\/uj.adatbank.ro\/lexikon\/wp-json\/wp\/v2\/product"}],"about":[{"href":"https:\/\/uj.adatbank.ro\/lexikon\/wp-json\/wp\/v2\/types\/product"}],"replies":[{"embeddable":true,"href":"https:\/\/uj.adatbank.ro\/lexikon\/wp-json\/wp\/v2\/comments?post=7018"}],"wp:attachment":[{"href":"https:\/\/uj.adatbank.ro\/lexikon\/wp-json\/wp\/v2\/media?parent=7018"}],"wp:term":[{"taxonomy":"product_brand","embeddable":true,"href":"https:\/\/uj.adatbank.ro\/lexikon\/wp-json\/wp\/v2\/product_brand?post=7018"},{"taxonomy":"product_cat","embeddable":true,"href":"https:\/\/uj.adatbank.ro\/lexikon\/wp-json\/wp\/v2\/product_cat?post=7018"},{"taxonomy":"product_tag","embeddable":true,"href":"https:\/\/uj.adatbank.ro\/lexikon\/wp-json\/wp\/v2\/product_tag?post=7018"}],"curies":[{"name":"wp","href":"https:\/\/api.w.org\/{rel}","templated":true}]}}