{"id":7019,"date":"2025-06-28T18:12:21","date_gmt":"2025-06-28T16:12:21","guid":{"rendered":"https:\/\/uj.adatbank.ro\/lexikon\/termek\/dosa-endre\/"},"modified":"2025-06-28T18:12:21","modified_gmt":"2025-06-28T16:12:21","slug":"dosa-endre","status":"publish","type":"product","link":"https:\/\/uj.adatbank.ro\/lexikon\/termek\/dosa-endre\/","title":{"rendered":"D\u00d3SA Endre"},"content":{"rendered":"<p>Makfalva, 1933. jan. 19., \u2020\u00a0Cs\u00edkszereda, 1996. m\u00e1j. 7.: orvos. \u2013 Apja: Mih\u00e1ly, Makfalv\u00e1n presbiter, \u00e9desanyja kor\u00e1n meghalt. Feles\u00e9ge: Zsoldos Zs\u00f3fia (1937. febr. \u20132001. szept. 10.), orvos. A tusn\u00e1df\u00fcrd\u0151i temet\u0151ben nyugszanak. Fiaik: Andr\u00e1s (csecsem\u0151, \u2020 1960); Csaba (1963. m\u00e1j. 2. \u2013) k\u00f6zgazd\u00e1sz, le\u00e1nyaik: Melinda \u00e9s Andrea; Zsolt Endre (1968. szept. 15\u2013), orvosi m\u0171szer\u00e9sz, fi\u00fak: Kriszti\u00e1n (2000. m\u00e1j. 8.). \u2013 A makfalvi ref. polg\u00e1ri iskol\u00e1ban, a mv.-i Ref. Koll. (1953), \u00e9s az OGYI \u00e1ltal\u00e1nos orvosi kar\u00e1n v\u00e9gezte tanulm\u00e1nyait. A hatod\u00e9v v\u00e9g\u00e9ig tagja volt, mint \u00e9nekes, az egyetemi m\u0171v\u00e9szegy\u00fcttesnek. Az 1956-os esem\u00e9nyeket k\u00f6vet\u0151 id\u0151kben, a \u201eK\u00f3rodi-f\u00e9le\u201d perben elmarasztalt\u00e1k, csak k\u00e9s\u0151bb engedt\u00e9k \u00e1llamvizsg\u00e1zni (1960). Moine\u015ftibe helyezt\u00e9k, majd Comne\u0219ti-ben dolgozott. Fizik\u00f3ter\u00e1pi\u00e1s szakorvos Tescani-ban (Bak\u00f3). F\u00fcrd\u0151orvosi vizsga ut\u00e1n a tusn\u00e1df\u00fcrd\u0151i poliklinika igazgat\u00f3 f\u0151orvosa lemond\u00e1s\u00e1ig (1969\u20131989). Nyugd\u00edjazt\u00e1k 62 \u00e9vesen, a t\u00e9tlens\u00e9g k\u00f6vetkezt\u00e9ben kor\u00e1n le\u00e9p\u00fclt. <br \/><strong>Irod.:<\/strong> Makfalvi okt. t\u00f6rt.; Nagy L.<\/br><\/p>\n","protected":false},"excerpt":{"rendered":"<p>Makfalva, 1933. jan. 19., \u2020\u00a0Cs\u00edkszereda, 1996. m\u00e1j. 7.: orvos. \u2013 Apja: Mih\u00e1ly, Makfalv\u00e1n presbiter, \u00e9desanyja kor\u00e1n meghalt. Feles\u00e9ge: Zsoldos Zs\u00f3fia (1937. febr. \u20132001. szept. 10.), orvos. A tusn\u00e1df\u00fcrd\u0151i temet\u0151ben nyugszanak. Fiaik: Andr\u00e1s (csecsem\u0151, \u2020 1960); Csaba (1963. m\u00e1j. 2. \u2013) k\u00f6zgazd\u00e1sz, le\u00e1nyaik: Melinda \u00e9s Andrea; Zsolt Endre (1968. szept. 15\u2013), orvosi m\u0171szer\u00e9sz, fi\u00fak: Kriszti\u00e1n (2000. [&hellip;]<\/p>\n","protected":false},"featured_media":0,"comment_status":"open","ping_status":"closed","template":"","meta":[],"product_brand":[],"product_cat":[137],"product_tag":[],"class_list":{"0":"post-7019","1":"product","2":"type-product","3":"status-publish","5":"product_cat-maros-megyei-eletrajzi-lexikon","7":"first","8":"instock","9":"shipping-taxable","10":"product-type-simple"},"_links":{"self":[{"href":"https:\/\/uj.adatbank.ro\/lexikon\/wp-json\/wp\/v2\/product\/7019","targetHints":{"allow":["GET"]}}],"collection":[{"href":"https:\/\/uj.adatbank.ro\/lexikon\/wp-json\/wp\/v2\/product"}],"about":[{"href":"https:\/\/uj.adatbank.ro\/lexikon\/wp-json\/wp\/v2\/types\/product"}],"replies":[{"embeddable":true,"href":"https:\/\/uj.adatbank.ro\/lexikon\/wp-json\/wp\/v2\/comments?post=7019"}],"wp:attachment":[{"href":"https:\/\/uj.adatbank.ro\/lexikon\/wp-json\/wp\/v2\/media?parent=7019"}],"wp:term":[{"taxonomy":"product_brand","embeddable":true,"href":"https:\/\/uj.adatbank.ro\/lexikon\/wp-json\/wp\/v2\/product_brand?post=7019"},{"taxonomy":"product_cat","embeddable":true,"href":"https:\/\/uj.adatbank.ro\/lexikon\/wp-json\/wp\/v2\/product_cat?post=7019"},{"taxonomy":"product_tag","embeddable":true,"href":"https:\/\/uj.adatbank.ro\/lexikon\/wp-json\/wp\/v2\/product_tag?post=7019"}],"curies":[{"name":"wp","href":"https:\/\/api.w.org\/{rel}","templated":true}]}}