{"id":7021,"date":"2025-06-28T18:12:24","date_gmt":"2025-06-28T16:12:24","guid":{"rendered":"https:\/\/uj.adatbank.ro\/lexikon\/termek\/dosa-farkas-makfalvi\/"},"modified":"2025-06-28T18:12:24","modified_gmt":"2025-06-28T16:12:24","slug":"dosa-farkas-makfalvi","status":"publish","type":"product","link":"https:\/\/uj.adatbank.ro\/lexikon\/termek\/dosa-farkas-makfalvi\/","title":{"rendered":"D\u00d3SA Farkas, makfalvi"},"content":{"rendered":"<p>1782., \u2020\u00a0Mv., 1864. j\u00fan. 22.: ?. \u2013 Fia: Gy\u00f6rgy, feles\u00e9ge Gyarmati R\u00f3za, gyermekeik: G\u00e9za, Lenke \u00e9s Emma. <br \/><strong>Irod.:<\/strong> Gy\u00e1szjelent\u0151<\/br><\/p>\n","protected":false},"excerpt":{"rendered":"<p>1782., \u2020\u00a0Mv., 1864. j\u00fan. 22.: ?. \u2013 Fia: Gy\u00f6rgy, feles\u00e9ge Gyarmati R\u00f3za, gyermekeik: G\u00e9za, Lenke \u00e9s Emma. Irod.: Gy\u00e1szjelent\u0151<\/p>\n","protected":false},"featured_media":0,"comment_status":"open","ping_status":"closed","template":"","meta":[],"product_brand":[],"product_cat":[137],"product_tag":[],"class_list":{"0":"post-7021","1":"product","2":"type-product","3":"status-publish","5":"product_cat-maros-megyei-eletrajzi-lexikon","7":"first","8":"instock","9":"shipping-taxable","10":"product-type-simple"},"_links":{"self":[{"href":"https:\/\/uj.adatbank.ro\/lexikon\/wp-json\/wp\/v2\/product\/7021","targetHints":{"allow":["GET"]}}],"collection":[{"href":"https:\/\/uj.adatbank.ro\/lexikon\/wp-json\/wp\/v2\/product"}],"about":[{"href":"https:\/\/uj.adatbank.ro\/lexikon\/wp-json\/wp\/v2\/types\/product"}],"replies":[{"embeddable":true,"href":"https:\/\/uj.adatbank.ro\/lexikon\/wp-json\/wp\/v2\/comments?post=7021"}],"wp:attachment":[{"href":"https:\/\/uj.adatbank.ro\/lexikon\/wp-json\/wp\/v2\/media?parent=7021"}],"wp:term":[{"taxonomy":"product_brand","embeddable":true,"href":"https:\/\/uj.adatbank.ro\/lexikon\/wp-json\/wp\/v2\/product_brand?post=7021"},{"taxonomy":"product_cat","embeddable":true,"href":"https:\/\/uj.adatbank.ro\/lexikon\/wp-json\/wp\/v2\/product_cat?post=7021"},{"taxonomy":"product_tag","embeddable":true,"href":"https:\/\/uj.adatbank.ro\/lexikon\/wp-json\/wp\/v2\/product_tag?post=7021"}],"curies":[{"name":"wp","href":"https:\/\/api.w.org\/{rel}","templated":true}]}}