{"id":7023,"date":"2025-06-28T18:12:28","date_gmt":"2025-06-28T16:12:28","guid":{"rendered":"https:\/\/uj.adatbank.ro\/lexikon\/termek\/dosa-ferenc-makfalvi\/"},"modified":"2025-06-28T18:12:28","modified_gmt":"2025-06-28T16:12:28","slug":"dosa-ferenc-makfalvi","status":"publish","type":"product","link":"https:\/\/uj.adatbank.ro\/lexikon\/termek\/dosa-ferenc-makfalvi\/","title":{"rendered":"D\u00d3SA Ferenc, makfalvi"},"content":{"rendered":"<p>Atosfalva, 1886., \u2020 Szov\u00e1ta, 1952.: tan\u00edt\u00f3. \u2013 A csal\u00e1d H\u00e1rmasfaluban \u00e9lt. Nagyenyeden k\u00e1ntor-tan\u00edt\u00f3 k\u00e9pes\u00edt\u00e9st kapott. Magyarkir\u00e1lyfalv\u00e1n volt tan\u00edt\u00f3, dal\u00e1rd\u00e1t szervezett, gazdak\u00f6ri tanfolyamokat ind\u00edtott \u00e9s vezetett. Cikke a Kisk\u00fck\u00fcll\u0151megyei Tan\u00fcgy c. havi foly\u00f3iratban jelent meg (1914). <br \/><strong>Irod.:<\/strong> csal\u00e1di inf.; Guly\u00e1s; Popt\u0103ma\u015f\u2013M\u00f3zes<\/br><\/p>\n","protected":false},"excerpt":{"rendered":"<p>Atosfalva, 1886., \u2020 Szov\u00e1ta, 1952.: tan\u00edt\u00f3. \u2013 A csal\u00e1d H\u00e1rmasfaluban \u00e9lt. Nagyenyeden k\u00e1ntor-tan\u00edt\u00f3 k\u00e9pes\u00edt\u00e9st kapott. Magyarkir\u00e1lyfalv\u00e1n volt tan\u00edt\u00f3, dal\u00e1rd\u00e1t szervezett, gazdak\u00f6ri tanfolyamokat ind\u00edtott \u00e9s vezetett. Cikke a Kisk\u00fck\u00fcll\u0151megyei Tan\u00fcgy c. havi foly\u00f3iratban jelent meg (1914). Irod.: csal\u00e1di inf.; Guly\u00e1s; Popt\u0103ma\u015f\u2013M\u00f3zes<\/p>\n","protected":false},"featured_media":0,"comment_status":"open","ping_status":"closed","template":"","meta":[],"product_brand":[],"product_cat":[137],"product_tag":[],"class_list":{"0":"post-7023","1":"product","2":"type-product","3":"status-publish","5":"product_cat-maros-megyei-eletrajzi-lexikon","7":"first","8":"instock","9":"shipping-taxable","10":"product-type-simple"},"_links":{"self":[{"href":"https:\/\/uj.adatbank.ro\/lexikon\/wp-json\/wp\/v2\/product\/7023","targetHints":{"allow":["GET"]}}],"collection":[{"href":"https:\/\/uj.adatbank.ro\/lexikon\/wp-json\/wp\/v2\/product"}],"about":[{"href":"https:\/\/uj.adatbank.ro\/lexikon\/wp-json\/wp\/v2\/types\/product"}],"replies":[{"embeddable":true,"href":"https:\/\/uj.adatbank.ro\/lexikon\/wp-json\/wp\/v2\/comments?post=7023"}],"wp:attachment":[{"href":"https:\/\/uj.adatbank.ro\/lexikon\/wp-json\/wp\/v2\/media?parent=7023"}],"wp:term":[{"taxonomy":"product_brand","embeddable":true,"href":"https:\/\/uj.adatbank.ro\/lexikon\/wp-json\/wp\/v2\/product_brand?post=7023"},{"taxonomy":"product_cat","embeddable":true,"href":"https:\/\/uj.adatbank.ro\/lexikon\/wp-json\/wp\/v2\/product_cat?post=7023"},{"taxonomy":"product_tag","embeddable":true,"href":"https:\/\/uj.adatbank.ro\/lexikon\/wp-json\/wp\/v2\/product_tag?post=7023"}],"curies":[{"name":"wp","href":"https:\/\/api.w.org\/{rel}","templated":true}]}}