{"id":7024,"date":"2025-06-28T18:12:32","date_gmt":"2025-06-28T16:12:32","guid":{"rendered":"https:\/\/uj.adatbank.ro\/lexikon\/termek\/dosa-gabor-makfalvi\/"},"modified":"2025-06-28T18:12:32","modified_gmt":"2025-06-28T16:12:32","slug":"dosa-gabor-makfalvi","status":"publish","type":"product","link":"https:\/\/uj.adatbank.ro\/lexikon\/termek\/dosa-gabor-makfalvi\/","title":{"rendered":"D\u00d3SA G\u00e1bor, makfalvi"},"content":{"rendered":"<p>1842., \u2020 Mv., 1899. m\u00e1j. 24.: b\u00edr\u00f3. \u2013 Feles\u00e9ge Ziegler C\u00e9cilia (1850.? \u2013 Mv., 1874. m\u00e1rc. 29.). Cs\u00edkszeredai kir. t\u00f6rv\u00e9nysz\u00e9ki b\u00edr\u00f3, a mv.-i Kir. T\u00e1bla b\u00edr\u00e1ja. \u2013 A mv.-i ref. egyh\u00e1z \u00e9s a Ref. Koll. gondnoka (1890\u201398), \u0151t k\u00f6vette D\u00e9sy Zolt\u00e1n. <br \/><strong>Irod.:<\/strong> Csekme; Gy\u00e1szjelent\u0151; Koncz; Par\u00e1d; P\u00e1lmay; Sebesty\u00e9n<\/br><\/p>\n","protected":false},"excerpt":{"rendered":"<p>1842., \u2020 Mv., 1899. m\u00e1j. 24.: b\u00edr\u00f3. \u2013 Feles\u00e9ge Ziegler C\u00e9cilia (1850.? \u2013 Mv., 1874. m\u00e1rc. 29.). Cs\u00edkszeredai kir. t\u00f6rv\u00e9nysz\u00e9ki b\u00edr\u00f3, a mv.-i Kir. T\u00e1bla b\u00edr\u00e1ja. \u2013 A mv.-i ref. egyh\u00e1z \u00e9s a Ref. Koll. gondnoka (1890\u201398), \u0151t k\u00f6vette D\u00e9sy Zolt\u00e1n. Irod.: Csekme; Gy\u00e1szjelent\u0151; Koncz; Par\u00e1d; P\u00e1lmay; Sebesty\u00e9n<\/p>\n","protected":false},"featured_media":0,"comment_status":"open","ping_status":"closed","template":"","meta":[],"product_brand":[],"product_cat":[137],"product_tag":[],"class_list":{"0":"post-7024","1":"product","2":"type-product","3":"status-publish","5":"product_cat-maros-megyei-eletrajzi-lexikon","7":"first","8":"instock","9":"shipping-taxable","10":"product-type-simple"},"_links":{"self":[{"href":"https:\/\/uj.adatbank.ro\/lexikon\/wp-json\/wp\/v2\/product\/7024","targetHints":{"allow":["GET"]}}],"collection":[{"href":"https:\/\/uj.adatbank.ro\/lexikon\/wp-json\/wp\/v2\/product"}],"about":[{"href":"https:\/\/uj.adatbank.ro\/lexikon\/wp-json\/wp\/v2\/types\/product"}],"replies":[{"embeddable":true,"href":"https:\/\/uj.adatbank.ro\/lexikon\/wp-json\/wp\/v2\/comments?post=7024"}],"wp:attachment":[{"href":"https:\/\/uj.adatbank.ro\/lexikon\/wp-json\/wp\/v2\/media?parent=7024"}],"wp:term":[{"taxonomy":"product_brand","embeddable":true,"href":"https:\/\/uj.adatbank.ro\/lexikon\/wp-json\/wp\/v2\/product_brand?post=7024"},{"taxonomy":"product_cat","embeddable":true,"href":"https:\/\/uj.adatbank.ro\/lexikon\/wp-json\/wp\/v2\/product_cat?post=7024"},{"taxonomy":"product_tag","embeddable":true,"href":"https:\/\/uj.adatbank.ro\/lexikon\/wp-json\/wp\/v2\/product_tag?post=7024"}],"curies":[{"name":"wp","href":"https:\/\/api.w.org\/{rel}","templated":true}]}}