{"id":7026,"date":"2025-06-28T18:12:35","date_gmt":"2025-06-28T16:12:35","guid":{"rendered":"https:\/\/uj.adatbank.ro\/lexikon\/termek\/dosa-gergely-makfalvi\/"},"modified":"2025-06-28T18:12:35","modified_gmt":"2025-06-28T16:12:35","slug":"dosa-gergely-makfalvi","status":"publish","type":"product","link":"https:\/\/uj.adatbank.ro\/lexikon\/termek\/dosa-gergely-makfalvi\/","title":{"rendered":"D\u00d3SA Gergely, makfalvi"},"content":{"rendered":"<p>? \u2020 ? : f\u0151hadnagy. \u2013 Apafi Mih\u00e1ly fejedelem marossz\u00e9ki lovass\u00e1g\u00e1nak \u00f6ssze\u00edr\u00e1sakor (1685. j\u00fan. 19), f\u0151hadnagy volt, Makfalv\u00e1n lakott. Ez\u00fcst poharat adom\u00e1nyozott a makfalvi ref. ekl\u00e9zsi\u00e1nak (1699). <br \/><strong>Irod.:<\/strong> K. L. M\u0171v. t\u00f6rt. tan. 1.; SzOkl \u00das 8.<\/br><\/p>\n","protected":false},"excerpt":{"rendered":"<p>? \u2020 ? : f\u0151hadnagy. \u2013 Apafi Mih\u00e1ly fejedelem marossz\u00e9ki lovass\u00e1g\u00e1nak \u00f6ssze\u00edr\u00e1sakor (1685. j\u00fan. 19), f\u0151hadnagy volt, Makfalv\u00e1n lakott. Ez\u00fcst poharat adom\u00e1nyozott a makfalvi ref. ekl\u00e9zsi\u00e1nak (1699). Irod.: K. L. M\u0171v. t\u00f6rt. tan. 1.; SzOkl \u00das 8.<\/p>\n","protected":false},"featured_media":0,"comment_status":"open","ping_status":"closed","template":"","meta":[],"product_brand":[],"product_cat":[137],"product_tag":[],"class_list":{"0":"post-7026","1":"product","2":"type-product","3":"status-publish","5":"product_cat-maros-megyei-eletrajzi-lexikon","7":"first","8":"instock","9":"shipping-taxable","10":"product-type-simple"},"_links":{"self":[{"href":"https:\/\/uj.adatbank.ro\/lexikon\/wp-json\/wp\/v2\/product\/7026","targetHints":{"allow":["GET"]}}],"collection":[{"href":"https:\/\/uj.adatbank.ro\/lexikon\/wp-json\/wp\/v2\/product"}],"about":[{"href":"https:\/\/uj.adatbank.ro\/lexikon\/wp-json\/wp\/v2\/types\/product"}],"replies":[{"embeddable":true,"href":"https:\/\/uj.adatbank.ro\/lexikon\/wp-json\/wp\/v2\/comments?post=7026"}],"wp:attachment":[{"href":"https:\/\/uj.adatbank.ro\/lexikon\/wp-json\/wp\/v2\/media?parent=7026"}],"wp:term":[{"taxonomy":"product_brand","embeddable":true,"href":"https:\/\/uj.adatbank.ro\/lexikon\/wp-json\/wp\/v2\/product_brand?post=7026"},{"taxonomy":"product_cat","embeddable":true,"href":"https:\/\/uj.adatbank.ro\/lexikon\/wp-json\/wp\/v2\/product_cat?post=7026"},{"taxonomy":"product_tag","embeddable":true,"href":"https:\/\/uj.adatbank.ro\/lexikon\/wp-json\/wp\/v2\/product_tag?post=7026"}],"curies":[{"name":"wp","href":"https:\/\/api.w.org\/{rel}","templated":true}]}}