{"id":7027,"date":"2025-06-28T18:12:36","date_gmt":"2025-06-28T16:12:36","guid":{"rendered":"https:\/\/uj.adatbank.ro\/lexikon\/termek\/dosa-geza\/"},"modified":"2025-06-28T18:12:36","modified_gmt":"2025-06-28T16:12:36","slug":"dosa-geza","status":"publish","type":"product","link":"https:\/\/uj.adatbank.ro\/lexikon\/termek\/dosa-geza\/","title":{"rendered":"D\u00d3SA G\u00e9za"},"content":{"rendered":"<p>Nagyenyed, 1846 v. 1847, \u2020 Mv., 1871. \u00e1pr. 12. : fest\u0151m\u0171v\u00e9sz. \u2013 Apja \u00e1llatorvos Mv.-en. \u2013 A k\u00f6z\u00e9piskol\u00e1t a mv.-i Ref. Koll. v\u00e9gezte, majd beiratkozott Bp.-en az Ev. Ref. F\u0151gimn. 8. oszt. (1864), Sz\u00e9kely Bertalan tan\u00edtv\u00e1nyaik\u00f6z\u00e9 fogadta (1864\u2013). T\u00f6rt\u00e9neti festm\u00e9nyre hirdetett p\u00e1ly\u00e1zaton m\u00e1sodik lett a Bethlen G\u00e1bor tud\u00f3sai k\u00f6r\u00e9ben c. festm\u00e9ny\u00e9vel (1865) \u00e9s \u00f6szt\u00f6nd\u00edjat nyert, ezzel folytatta tanulm\u00e1nyait a B\u00e9csi Egy Orv. Kar\u00e1n (1866\u201367), a B\u00e9csi K\u00e9pz\u0151m\u0171v\u00e9szeti Akad. Fest\u00e9szeti szak. El\u0151k\u00e9sz\u00edt\u0151 oszt\u00e1lyban (1866\u201368), a m\u00fcncheni K\u00e9pz\u0151m\u0171v. Akad. -\u00e1n (1869\u201370). M\u00fcnchenbe k\u00fclt\u00f6z\u00f6tt (1868\u201370) ott \u00e9s Drezd\u00e1ban a k\u00e9pz\u0151m\u0171v\u00e9szeti akad. -\u00e1n tanult (\u20131870). M\u00fcnchenben m\u0171termet is nyitott, t\u00f6bb t\u00f6rt\u00e9nelmi k\u00e9pet festett pl. Onodi orsz\u00e1ggy\u0171l\u00e9s, sok arck\u00e9pet megrendel\u00e9sre. B\u00e9csben ismerkedett meg Munk\u00e1csy Mih\u00e1llyal, akivel bar\u00e1ts\u00e1got k\u00f6t\u00f6tt. \u00c9vr\u0151l-\u00e9vre \u00fajabb \u00e1llami \u00f6szt\u00f6nd\u00edjat \u00e9s t\u00f6bb kit\u00fcntet\u00e9st is kapott. Mv.-en \u00e9lt (1870\u2013) arck\u00e9pek fest\u00e9s\u00e9b\u0151l \u00e9lt. Kora meg nem \u00e9rt\u00e9se, lelki \u00e9s anyagi neh\u00e9zs\u00e9gei el\u0151l a hal\u00e1lba menek\u00fclt, \u00f6ngyilkos lett (1871). M\u0171v\u00e9szeteszm\u00e9nye, t\u00f6rekv\u00e9sei szerint ink\u00e1bb a korszakalkot\u00f3-\u00faj\u00edt\u00f3 Szinyei Merse P\u00e1llal rokon. M\u0171v\u00e9szet\u00e9t \u00e9vtizedekkel hal\u00e1la ut\u00e1n kezdt\u00e9k \u00e9rt\u00e9kelni: eml\u00e9kki\u00e1ll\u00edt\u00e1st rendeztek m\u0171veib\u0151l Kv.-on (1941), Bp-en (1944), Mv-en. (1998); rajzai a MNG-ban \u00e9s a mv.-i m\u00fazeumban vannak. A mv.-i K\u00f6zm\u0171vbel\u0151d\u00e9si H\u00e1z kishagversenyterm\u00e9nek sz\u00ednes \u00fcvegablakait az \u0151 festm\u00e9nye Bethlen G\u00e1bor tud\u00f3sai k\u00f6r\u00e9ben, alapj\u00e1n k\u00e9sz\u00edtette R\u00f3th Miksa. \u2013 <strong>F. m.:<\/strong> Az \u00f3n\u00f3di orsz\u00e1ggy\u0171l\u00e9s; Br. B\u00e1nffy Gy\u00f6rgy arck\u00e9pe; Wittich J\u00f3zsef le\u00e1nyai; Szak\u00e1llas f\u00e9rfi; Bethlen G\u00e1bor tud\u00f3sai k\u00f6r\u00e9ben; <strong>Eml\u00e9kki\u00e1ll.:<\/strong> Kv. (1941); Sz\u00e9pm\u0171v. M\u00faz. (Bp., 1944); Mv.-i M\u0171v\u00e9szeti M\u00fazeum (1998. j\u00fal.). <br \/><strong>Irod.:<\/strong> Banner; D. G. (M\u0171v. T\u00f6rt. \u00c9rt., 1953); Ciupe Aurel: Catalogul Pinacotecii Mun. Tg. M. (Tg. M., 1934, 39); G\u00e1lfalvi Art\u00far B\u00e9la: Makfalva (2005); Hoffmann Edit: Az O. M. Sz\u00e9pm\u0171v\u00e9szeti M\u00fazeum A. Grafikai oszt\u00e1ly 76. ki\u00e1ll\u00edt\u00e1sa (Bp., 1940); Id\u0151t\u00e1r 2; Keresztes 2000; Keresztes Gyula: Szecesszi\u00f3 Mv.-en: 5.: K\u00f6zm\u0171vel\u0151d\u00e9si h\u00e1z 1\u20135. (N\u00fa., 1991. nov. 23.; 1991. dec. 7.; 1991. dec. 14.; 1992. jan. 4.; 1992. jan. 11.); Kiss P\u00e1l: Mv. kalauz; Kiss P\u00e1l M : D. G. = Mv. \u00e9s V\u00e1rtemploma; M\u00c9L; A m. fest\u0151m\u0171v\u00e9szet albuma (Bp., s. a.); M. k\u00e9pz\u0151m\u0171v\u00e9szet albuma (Bp.); MMKL; Moln\u00e1r; M\u0171v\u00e9szeti hetek Kv. 1942. m\u00e1j. 9-j\u00fan. 6 (Kv., 1942); Mv. \u00e9s V\u00e1rtemploma; Mv. t. sz. k. v\u00e1ros k\u00e9pt\u00e1r\u00e1nak t\u00e1rgymutat\u00f3ja (Mv., 1941); Nagy Mikl\u00f3s Kund: Egy elfelejtett klasszikus (N\u00fa., 1998. j\u00fal. 4.); Az o. ref. ki\u00e1ll\u00edt\u00e1s alkalm\u00e1ra a M. Nemzeti M\u00fazeumban rendezett Ref. T\u00f6rt\u00e9neti Ki\u00e1ll\u00edt\u00e1s katal\u00f3gusa (Bp., 1934); Petrovics Elek: M. mesterm\u0171vek (Bp., s. a.); Rugonfalvi Kiss; Szab\u00f3\u2013K\u00e1llai; Szab\u00f3\u2013Simon\u2013Sz\u00f6gi; Szab\u00f3 Zolt\u00e1n: D. G. -eml\u00e9kki\u00e1ll\u00edt\u00e1s (N\u00fa., M\u00fazsa, 352. sz., 1998. j\u00fal. 11.); Tak\u00e1cs Zolt\u00e1n: Erd\u00e9lyi m\u0171v\u00e9szeti ki\u00e1ll\u00edt\u00e1s 1941. Kv. (Kv., 1941); Todea 2013; \u00daM\u00c9L; Vida-D\u00f3sa ki\u00e1ll\u00edt\u00e1s t\u00e1rgymutat\u00f3ja (Mv., 1944)<\/br><\/p>\n","protected":false},"excerpt":{"rendered":"<p>Nagyenyed, 1846 v. 1847, \u2020 Mv., 1871. \u00e1pr. 12. : fest\u0151m\u0171v\u00e9sz. \u2013 Apja \u00e1llatorvos Mv.-en. \u2013 A k\u00f6z\u00e9piskol\u00e1t a mv.-i Ref. Koll. v\u00e9gezte, majd beiratkozott Bp.-en az Ev. Ref. F\u0151gimn. 8. oszt. (1864), Sz\u00e9kely Bertalan tan\u00edtv\u00e1nyaik\u00f6z\u00e9 fogadta (1864\u2013). T\u00f6rt\u00e9neti festm\u00e9nyre hirdetett p\u00e1ly\u00e1zaton m\u00e1sodik lett a Bethlen G\u00e1bor tud\u00f3sai k\u00f6r\u00e9ben c. festm\u00e9ny\u00e9vel (1865) \u00e9s \u00f6szt\u00f6nd\u00edjat nyert, [&hellip;]<\/p>\n","protected":false},"featured_media":0,"comment_status":"open","ping_status":"closed","template":"","meta":[],"product_brand":[],"product_cat":[137],"product_tag":[],"class_list":{"0":"post-7027","1":"product","2":"type-product","3":"status-publish","5":"product_cat-maros-megyei-eletrajzi-lexikon","7":"first","8":"instock","9":"shipping-taxable","10":"product-type-simple"},"_links":{"self":[{"href":"https:\/\/uj.adatbank.ro\/lexikon\/wp-json\/wp\/v2\/product\/7027","targetHints":{"allow":["GET"]}}],"collection":[{"href":"https:\/\/uj.adatbank.ro\/lexikon\/wp-json\/wp\/v2\/product"}],"about":[{"href":"https:\/\/uj.adatbank.ro\/lexikon\/wp-json\/wp\/v2\/types\/product"}],"replies":[{"embeddable":true,"href":"https:\/\/uj.adatbank.ro\/lexikon\/wp-json\/wp\/v2\/comments?post=7027"}],"wp:attachment":[{"href":"https:\/\/uj.adatbank.ro\/lexikon\/wp-json\/wp\/v2\/media?parent=7027"}],"wp:term":[{"taxonomy":"product_brand","embeddable":true,"href":"https:\/\/uj.adatbank.ro\/lexikon\/wp-json\/wp\/v2\/product_brand?post=7027"},{"taxonomy":"product_cat","embeddable":true,"href":"https:\/\/uj.adatbank.ro\/lexikon\/wp-json\/wp\/v2\/product_cat?post=7027"},{"taxonomy":"product_tag","embeddable":true,"href":"https:\/\/uj.adatbank.ro\/lexikon\/wp-json\/wp\/v2\/product_tag?post=7027"}],"curies":[{"name":"wp","href":"https:\/\/api.w.org\/{rel}","templated":true}]}}