{"id":7034,"date":"2025-06-28T18:12:48","date_gmt":"2025-06-28T16:12:48","guid":{"rendered":"https:\/\/uj.adatbank.ro\/lexikon\/termek\/dosa-janos-2\/"},"modified":"2025-06-28T18:12:48","modified_gmt":"2025-06-28T16:12:48","slug":"dosa-janos-2","status":"publish","type":"product","link":"https:\/\/uj.adatbank.ro\/lexikon\/termek\/dosa-janos-2\/","title":{"rendered":"D\u00d3SA J\u00e1nos"},"content":{"rendered":"<p>Szov\u00e1ta, 1916. dec. 25. \u2020 Mez\u0151cs\u00e1t, 1944. nov. 8.: husz\u00e1rsz\u00e1zados. \u2013 Anyja Kaffai \u00c1gnes. \u2013 A husz\u00e1rsz\u00e1zad 27. felder\u00edt\u0151 oszt\u00e1ly, aknai telital\u00e1lat \u00e9rte Mez\u0151cs\u00e1tban. <br \/><strong>Irod.:<\/strong> Berekm\u00e9ri 2015<\/br><\/p>\n","protected":false},"excerpt":{"rendered":"<p>Szov\u00e1ta, 1916. dec. 25. \u2020 Mez\u0151cs\u00e1t, 1944. nov. 8.: husz\u00e1rsz\u00e1zados. \u2013 Anyja Kaffai \u00c1gnes. \u2013 A husz\u00e1rsz\u00e1zad 27. felder\u00edt\u0151 oszt\u00e1ly, aknai telital\u00e1lat \u00e9rte Mez\u0151cs\u00e1tban. Irod.: Berekm\u00e9ri 2015<\/p>\n","protected":false},"featured_media":0,"comment_status":"open","ping_status":"closed","template":"","meta":[],"product_brand":[],"product_cat":[137],"product_tag":[],"class_list":{"0":"post-7034","1":"product","2":"type-product","3":"status-publish","5":"product_cat-maros-megyei-eletrajzi-lexikon","7":"first","8":"instock","9":"shipping-taxable","10":"product-type-simple"},"_links":{"self":[{"href":"https:\/\/uj.adatbank.ro\/lexikon\/wp-json\/wp\/v2\/product\/7034","targetHints":{"allow":["GET"]}}],"collection":[{"href":"https:\/\/uj.adatbank.ro\/lexikon\/wp-json\/wp\/v2\/product"}],"about":[{"href":"https:\/\/uj.adatbank.ro\/lexikon\/wp-json\/wp\/v2\/types\/product"}],"replies":[{"embeddable":true,"href":"https:\/\/uj.adatbank.ro\/lexikon\/wp-json\/wp\/v2\/comments?post=7034"}],"wp:attachment":[{"href":"https:\/\/uj.adatbank.ro\/lexikon\/wp-json\/wp\/v2\/media?parent=7034"}],"wp:term":[{"taxonomy":"product_brand","embeddable":true,"href":"https:\/\/uj.adatbank.ro\/lexikon\/wp-json\/wp\/v2\/product_brand?post=7034"},{"taxonomy":"product_cat","embeddable":true,"href":"https:\/\/uj.adatbank.ro\/lexikon\/wp-json\/wp\/v2\/product_cat?post=7034"},{"taxonomy":"product_tag","embeddable":true,"href":"https:\/\/uj.adatbank.ro\/lexikon\/wp-json\/wp\/v2\/product_tag?post=7034"}],"curies":[{"name":"wp","href":"https:\/\/api.w.org\/{rel}","templated":true}]}}