{"id":7035,"date":"2025-06-28T18:12:53","date_gmt":"2025-06-28T16:12:53","guid":{"rendered":"https:\/\/uj.adatbank.ro\/lexikon\/termek\/dosa-jeno\/"},"modified":"2025-06-28T18:12:53","modified_gmt":"2025-06-28T16:12:53","slug":"dosa-jeno","status":"publish","type":"product","link":"https:\/\/uj.adatbank.ro\/lexikon\/termek\/dosa-jeno\/","title":{"rendered":"D\u00d3SA Jen\u0151"},"content":{"rendered":"<p>1949., \u2020 Mv., 2018. j\u00fan. 10.?: psichol\u00f3gus. \u2013 A Start tehets\u00e9ggondoz\u00f3 Egyes\u00fclet alap\u00edt\u00f3ja \u00e9s eln\u00f6ke A Maros Megyei Nevel\u00e9sl\u00e9lektani K\u00f6zpont alap\u00edt\u00f3ja \u00e9s vezet\u0151je. Temet\u00e9se az \u00e1kosfalvi ref. s\u00edrkertbe. <br \/><strong>Irod.:<\/strong> Nekrol\u00f3g, N\u00fa., 2018. j\u00fan. 10.?<\/br><\/p>\n","protected":false},"excerpt":{"rendered":"<p>1949., \u2020 Mv., 2018. j\u00fan. 10.?: psichol\u00f3gus. \u2013 A Start tehets\u00e9ggondoz\u00f3 Egyes\u00fclet alap\u00edt\u00f3ja \u00e9s eln\u00f6ke A Maros Megyei Nevel\u00e9sl\u00e9lektani K\u00f6zpont alap\u00edt\u00f3ja \u00e9s vezet\u0151je. Temet\u00e9se az \u00e1kosfalvi ref. s\u00edrkertbe. Irod.: Nekrol\u00f3g, N\u00fa., 2018. j\u00fan. 10.?<\/p>\n","protected":false},"featured_media":0,"comment_status":"open","ping_status":"closed","template":"","meta":[],"product_brand":[],"product_cat":[137],"product_tag":[],"class_list":{"0":"post-7035","1":"product","2":"type-product","3":"status-publish","5":"product_cat-maros-megyei-eletrajzi-lexikon","7":"first","8":"instock","9":"shipping-taxable","10":"product-type-simple"},"_links":{"self":[{"href":"https:\/\/uj.adatbank.ro\/lexikon\/wp-json\/wp\/v2\/product\/7035","targetHints":{"allow":["GET"]}}],"collection":[{"href":"https:\/\/uj.adatbank.ro\/lexikon\/wp-json\/wp\/v2\/product"}],"about":[{"href":"https:\/\/uj.adatbank.ro\/lexikon\/wp-json\/wp\/v2\/types\/product"}],"replies":[{"embeddable":true,"href":"https:\/\/uj.adatbank.ro\/lexikon\/wp-json\/wp\/v2\/comments?post=7035"}],"wp:attachment":[{"href":"https:\/\/uj.adatbank.ro\/lexikon\/wp-json\/wp\/v2\/media?parent=7035"}],"wp:term":[{"taxonomy":"product_brand","embeddable":true,"href":"https:\/\/uj.adatbank.ro\/lexikon\/wp-json\/wp\/v2\/product_brand?post=7035"},{"taxonomy":"product_cat","embeddable":true,"href":"https:\/\/uj.adatbank.ro\/lexikon\/wp-json\/wp\/v2\/product_cat?post=7035"},{"taxonomy":"product_tag","embeddable":true,"href":"https:\/\/uj.adatbank.ro\/lexikon\/wp-json\/wp\/v2\/product_tag?post=7035"}],"curies":[{"name":"wp","href":"https:\/\/api.w.org\/{rel}","templated":true}]}}