{"id":7041,"date":"2025-06-28T18:13:03","date_gmt":"2025-06-28T16:13:03","guid":{"rendered":"https:\/\/uj.adatbank.ro\/lexikon\/termek\/dosa-lajos-2\/"},"modified":"2025-06-28T18:13:03","modified_gmt":"2025-06-28T16:13:03","slug":"dosa-lajos-2","status":"publish","type":"product","link":"https:\/\/uj.adatbank.ro\/lexikon\/termek\/dosa-lajos-2\/","title":{"rendered":"D\u00d3SA Lajos"},"content":{"rendered":"<p>1857. \u2020 ?: csend\u0151r. \u2013 katonai szolg\u00e1latot trljes\u00edtett (1878\u20131880). A csend\u0151rs\u00e9g fel\u00e1ll\u00edt\u00e1s\u00e1val egyid\u0151ben vonult be Aradon a test\u00fcletbe (1882. m\u00e1rc. 1. \u2013), k\u00f6vetkezett Kisjen\u0151, Dorozsma, Kisjen\u0151 \u00e9s Gyoma, ahol \u0151rsparancsnok. V\u00e1con csend\u0151riskol\u00e1ban vett r\u00e9sz. Ny\u00e1r\u00e1dszeredai csend\u0151r. Nyugd\u00edjazt\u00e1k (1891). <br \/><strong>Irod.:<\/strong> Nemes\u2013Csend\u0151rs\u00e9g<\/br><\/p>\n","protected":false},"excerpt":{"rendered":"<p>1857. \u2020 ?: csend\u0151r. \u2013 katonai szolg\u00e1latot trljes\u00edtett (1878\u20131880). A csend\u0151rs\u00e9g fel\u00e1ll\u00edt\u00e1s\u00e1val egyid\u0151ben vonult be Aradon a test\u00fcletbe (1882. m\u00e1rc. 1. \u2013), k\u00f6vetkezett Kisjen\u0151, Dorozsma, Kisjen\u0151 \u00e9s Gyoma, ahol \u0151rsparancsnok. V\u00e1con csend\u0151riskol\u00e1ban vett r\u00e9sz. Ny\u00e1r\u00e1dszeredai csend\u0151r. Nyugd\u00edjazt\u00e1k (1891). Irod.: Nemes\u2013Csend\u0151rs\u00e9g<\/p>\n","protected":false},"featured_media":0,"comment_status":"open","ping_status":"closed","template":"","meta":[],"product_brand":[],"product_cat":[137],"product_tag":[],"class_list":{"0":"post-7041","1":"product","2":"type-product","3":"status-publish","5":"product_cat-maros-megyei-eletrajzi-lexikon","7":"first","8":"instock","9":"shipping-taxable","10":"product-type-simple"},"_links":{"self":[{"href":"https:\/\/uj.adatbank.ro\/lexikon\/wp-json\/wp\/v2\/product\/7041","targetHints":{"allow":["GET"]}}],"collection":[{"href":"https:\/\/uj.adatbank.ro\/lexikon\/wp-json\/wp\/v2\/product"}],"about":[{"href":"https:\/\/uj.adatbank.ro\/lexikon\/wp-json\/wp\/v2\/types\/product"}],"replies":[{"embeddable":true,"href":"https:\/\/uj.adatbank.ro\/lexikon\/wp-json\/wp\/v2\/comments?post=7041"}],"wp:attachment":[{"href":"https:\/\/uj.adatbank.ro\/lexikon\/wp-json\/wp\/v2\/media?parent=7041"}],"wp:term":[{"taxonomy":"product_brand","embeddable":true,"href":"https:\/\/uj.adatbank.ro\/lexikon\/wp-json\/wp\/v2\/product_brand?post=7041"},{"taxonomy":"product_cat","embeddable":true,"href":"https:\/\/uj.adatbank.ro\/lexikon\/wp-json\/wp\/v2\/product_cat?post=7041"},{"taxonomy":"product_tag","embeddable":true,"href":"https:\/\/uj.adatbank.ro\/lexikon\/wp-json\/wp\/v2\/product_tag?post=7041"}],"curies":[{"name":"wp","href":"https:\/\/api.w.org\/{rel}","templated":true}]}}