{"id":7042,"date":"2025-06-28T18:13:05","date_gmt":"2025-06-28T16:13:05","guid":{"rendered":"https:\/\/uj.adatbank.ro\/lexikon\/termek\/dosa-laszlo-%c2%a7\/"},"modified":"2025-06-28T18:13:05","modified_gmt":"2025-06-28T16:13:05","slug":"dosa-laszlo-%c2%a7","status":"publish","type":"product","link":"https:\/\/uj.adatbank.ro\/lexikon\/termek\/dosa-laszlo-%c2%a7\/","title":{"rendered":"D\u00d3SA L\u00e1szl\u00f3 \u00a7"},"content":{"rendered":"<p>Havad, 1883. aug. 5. , \u2020\u00a0? : \u00fcgyv\u00e9d. \u2013 A k\u00f6z\u00e9piskol\u00e1t Nagyenyeden, az egyetemet Kv.-on v\u00e9gezte, jogtudom\u00e1nyi doktor (1910), \u00fcgyv\u00e9di vizsg\u00e1t Mv.-en tett (1913). Ny\u00e1r\u00e1dszered\u00e1n \u00fcgyv\u00e9di irod\u00e1t nyitott (1913\u2013). R\u00e9szt vett az els\u0151 vh.-ban (1914\u201318), a 62 gy. e. &#8211; ben az orosz \u00e9s olasz fronton harcolt, megsebes\u00fclt, a Sig. Laud., a Bajor csapatkereszt, Bronz v. \u00e9rem \u00e9s a K\u00e1roly Csapatkereszt kit\u00fcntetettjek\u00e9nt f\u0151hadnagyi rangban szerelt le. \u00c9l\u00e9nk t\u00e1rsadalmi tev\u00e9kenys\u00e9get fejtett ki: a bekecsalji ref. egyh\u00e1zmegye f\u0151gondnoka, a helybeli Kaszin\u00f3 v\u00e1lasztm\u00e1nyi tagja, a Hitelsz\u00f6vetkezet igazgat\u00f3s\u00e1gi tagja \u00e9s jogtan\u00e1csosa, a MP helyi tagozat\u00e1nak int\u00e9z\u0151 bizotts\u00e1gi tagja, a p\u00e1rt helyi eln\u00f6ke, az Iparosk\u00f6r eln\u00f6ke, a sportegylet tagja. <br \/><strong>Irod.:<\/strong> EM; Erd\u00e9lyi ezredek; Ki kicsoda\u00a0?, Sz\u00e9kelyf\u00f6ld \u00ed. k.<\/br><\/p>\n","protected":false},"excerpt":{"rendered":"<p>Havad, 1883. aug. 5. , \u2020\u00a0? : \u00fcgyv\u00e9d. \u2013 A k\u00f6z\u00e9piskol\u00e1t Nagyenyeden, az egyetemet Kv.-on v\u00e9gezte, jogtudom\u00e1nyi doktor (1910), \u00fcgyv\u00e9di vizsg\u00e1t Mv.-en tett (1913). Ny\u00e1r\u00e1dszered\u00e1n \u00fcgyv\u00e9di irod\u00e1t nyitott (1913\u2013). R\u00e9szt vett az els\u0151 vh.-ban (1914\u201318), a 62 gy. e. &#8211; ben az orosz \u00e9s olasz fronton harcolt, megsebes\u00fclt, a Sig. Laud., a Bajor csapatkereszt, Bronz [&hellip;]<\/p>\n","protected":false},"featured_media":0,"comment_status":"open","ping_status":"closed","template":"","meta":[],"product_brand":[],"product_cat":[137],"product_tag":[],"class_list":{"0":"post-7042","1":"product","2":"type-product","3":"status-publish","5":"product_cat-maros-megyei-eletrajzi-lexikon","7":"first","8":"instock","9":"shipping-taxable","10":"product-type-simple"},"_links":{"self":[{"href":"https:\/\/uj.adatbank.ro\/lexikon\/wp-json\/wp\/v2\/product\/7042","targetHints":{"allow":["GET"]}}],"collection":[{"href":"https:\/\/uj.adatbank.ro\/lexikon\/wp-json\/wp\/v2\/product"}],"about":[{"href":"https:\/\/uj.adatbank.ro\/lexikon\/wp-json\/wp\/v2\/types\/product"}],"replies":[{"embeddable":true,"href":"https:\/\/uj.adatbank.ro\/lexikon\/wp-json\/wp\/v2\/comments?post=7042"}],"wp:attachment":[{"href":"https:\/\/uj.adatbank.ro\/lexikon\/wp-json\/wp\/v2\/media?parent=7042"}],"wp:term":[{"taxonomy":"product_brand","embeddable":true,"href":"https:\/\/uj.adatbank.ro\/lexikon\/wp-json\/wp\/v2\/product_brand?post=7042"},{"taxonomy":"product_cat","embeddable":true,"href":"https:\/\/uj.adatbank.ro\/lexikon\/wp-json\/wp\/v2\/product_cat?post=7042"},{"taxonomy":"product_tag","embeddable":true,"href":"https:\/\/uj.adatbank.ro\/lexikon\/wp-json\/wp\/v2\/product_tag?post=7042"}],"curies":[{"name":"wp","href":"https:\/\/api.w.org\/{rel}","templated":true}]}}